{"id":862,"date":"2019-01-07T15:22:31","date_gmt":"2019-01-07T15:22:31","guid":{"rendered":"http:\/\/icom-czechia.icom.cust.oxymium.net\/konference\/tuzemske\/"},"modified":"2020-05-19T10:17:33","modified_gmt":"2020-05-19T10:17:33","slug":"tuzemske","status":"publish","type":"page","link":"https:\/\/icom-czech.mini.icom.museum\/en\/conferences\/tuzemske\/","title":{"rendered":"Conferences in Czech republic"},"content":{"rendered":"<h3><strong>2020<\/strong><\/h3>\n<p><strong>5. \u2013 6. November \u2013 Museum as a tool for the presentation of rural life, agriculture and forestry<\/strong><\/p>\n<p>Issues of rural areas, agriculture, forestry and food industry with a cross-sectional visit to museums and their collections. Especially agricultural museums, open-air museums, eco-museums, regional museums. The conference aims to present and confront its approaches to the issue of rural presentation and agriculture. We will ask ourselves how, with the help of our collections, museum documentation and scientific processing of questions for the presentation of current issues in the countryside, agriculture, forestry and food industry.<\/p>\n<p>Conference for museum staff, historians, ethnography, scientific, academic and educational staff, demography, archivists, agronomy and other continuations of the tradition of international cooperation in the field of agricultural museology represented by the International Association of Agricultural Museums, members of ICOM, based in 1966. agricultural museum stood. &#8221;<\/p>\n<p>The conference is prepared by the National Agricultural Museum in cooperation with the Slovak National Museum, the National Open-Air Museum, the Kladruby nad Labem National Stud Farm, the Czech ICOM Committee, the Association of Museums and Galleries of the Czech Republic and the Czech Academy of Agricultural Sciences.<\/p>\n<p>Download applications and download more information, or wait at www.nmz.cz.<\/p>\n<p><a href=\"http:\/\/icom-czech.mini.icom.museum\/wp-content\/uploads\/sites\/34\/2020\/05\/2020_NZM_conference_call-for-papers_aj.docx\">Call for papers\/ EN (.docx)<\/a><br \/>\n<a href=\"http:\/\/icom-czech.mini.icom.museum\/wp-content\/uploads\/sites\/34\/2020\/05\/2020_NZM_conference_info_aj.pdf\">More informations\/ EN (.pdf)<\/a><\/p>\n<p><a href=\"http:\/\/icom-czech.mini.icom.museum\/wp-content\/uploads\/sites\/34\/2020\/05\/2020_NZM_konference_call-for-papers_cj.docx\">P\u0159ihl\u00e1\u0161ka na konferenci\/ CZ (.docx)<\/a><br \/>\n<a href=\"http:\/\/icom-czech.mini.icom.museum\/wp-content\/uploads\/sites\/34\/2020\/05\/2020_NZM_konference_infp_cj.pdf\">Podrobn\u00e9 informace\/ CZ (.pdf)<\/a><\/p>\n<p><img decoding=\"async\" loading=\"lazy\" class=\"alignnone size-medium wp-image-3347\" src=\"http:\/\/icom-czech.mini.icom.museum\/wp-content\/uploads\/sites\/34\/2020\/05\/04_NZM_traktor-300x200.jpg\" alt=\"\" width=\"300\" height=\"200\" srcset=\"https:\/\/icom-czech.mini.icom.museum\/wp-content\/uploads\/sites\/34\/2020\/05\/04_NZM_traktor-300x200.jpg 300w, https:\/\/icom-czech.mini.icom.museum\/wp-content\/uploads\/sites\/34\/2020\/05\/04_NZM_traktor-768x512.jpg 768w, https:\/\/icom-czech.mini.icom.museum\/wp-content\/uploads\/sites\/34\/2020\/05\/04_NZM_traktor.jpg 1000w\" sizes=\"(max-width: 300px) 100vw, 300px\" \/> <img decoding=\"async\" loading=\"lazy\" class=\"alignnone size-medium wp-image-3345\" src=\"http:\/\/icom-czech.mini.icom.museum\/wp-content\/uploads\/sites\/34\/2020\/05\/03_NZM_O-potencialu-zapomenutych-plodin-300x200.jpg\" alt=\"\" width=\"300\" height=\"200\" srcset=\"https:\/\/icom-czech.mini.icom.museum\/wp-content\/uploads\/sites\/34\/2020\/05\/03_NZM_O-potencialu-zapomenutych-plodin-300x200.jpg 300w, https:\/\/icom-czech.mini.icom.museum\/wp-content\/uploads\/sites\/34\/2020\/05\/03_NZM_O-potencialu-zapomenutych-plodin-768x512.jpg 768w, https:\/\/icom-czech.mini.icom.museum\/wp-content\/uploads\/sites\/34\/2020\/05\/03_NZM_O-potencialu-zapomenutych-plodin.jpg 1000w\" sizes=\"(max-width: 300px) 100vw, 300px\" \/> <img decoding=\"async\" loading=\"lazy\" class=\"alignnone size-medium wp-image-3343\" src=\"http:\/\/icom-czech.mini.icom.museum\/wp-content\/uploads\/sites\/34\/2020\/05\/02_NZM_expo-300x200.jpg\" alt=\"\" width=\"300\" height=\"200\" srcset=\"https:\/\/icom-czech.mini.icom.museum\/wp-content\/uploads\/sites\/34\/2020\/05\/02_NZM_expo-300x200.jpg 300w, https:\/\/icom-czech.mini.icom.museum\/wp-content\/uploads\/sites\/34\/2020\/05\/02_NZM_expo-768x512.jpg 768w, https:\/\/icom-czech.mini.icom.museum\/wp-content\/uploads\/sites\/34\/2020\/05\/02_NZM_expo.jpg 1000w\" sizes=\"(max-width: 300px) 100vw, 300px\" \/> <img decoding=\"async\" loading=\"lazy\" class=\"alignnone size-medium wp-image-3341\" src=\"http:\/\/icom-czech.mini.icom.museum\/wp-content\/uploads\/sites\/34\/2020\/05\/01_NZM_budova-praha-300x200.jpg\" alt=\"\" width=\"300\" height=\"200\" srcset=\"https:\/\/icom-czech.mini.icom.museum\/wp-content\/uploads\/sites\/34\/2020\/05\/01_NZM_budova-praha-300x200.jpg 300w, https:\/\/icom-czech.mini.icom.museum\/wp-content\/uploads\/sites\/34\/2020\/05\/01_NZM_budova-praha-768x512.jpg 768w, https:\/\/icom-czech.mini.icom.museum\/wp-content\/uploads\/sites\/34\/2020\/05\/01_NZM_budova-praha.jpg 1000w\" sizes=\"(max-width: 300px) 100vw, 300px\" \/><\/p>\n","protected":false},"excerpt":{"rendered":"<p>2020 5. \u2013 6. November \u2013 Museum as a tool for the presentation of rural life, agriculture and forestry Issues of rural areas, agriculture, forestry and food industry with a cross-sectional visit to museums and their collections. Especially agricultural museums, open-air museums, eco-museums, regional museums. The conference aims to present and confront its approaches to [&hellip;]<\/p>\n","protected":false},"author":1,"featured_media":0,"parent":136,"menu_order":3,"comment_status":"closed","ping_status":"closed","template":"","meta":{"footnotes":""},"yst_prominent_words":[],"acf":[],"_links":{"self":[{"href":"https:\/\/icom-czech.mini.icom.museum\/en\/wp-json\/wp\/v2\/pages\/862"}],"collection":[{"href":"https:\/\/icom-czech.mini.icom.museum\/en\/wp-json\/wp\/v2\/pages"}],"about":[{"href":"https:\/\/icom-czech.mini.icom.museum\/en\/wp-json\/wp\/v2\/types\/page"}],"author":[{"embeddable":true,"href":"https:\/\/icom-czech.mini.icom.museum\/en\/wp-json\/wp\/v2\/users\/1"}],"replies":[{"embeddable":true,"href":"https:\/\/icom-czech.mini.icom.museum\/en\/wp-json\/wp\/v2\/comments?post=862"}],"version-history":[{"count":4,"href":"https:\/\/icom-czech.mini.icom.museum\/en\/wp-json\/wp\/v2\/pages\/862\/revisions"}],"predecessor-version":[{"id":3367,"href":"https:\/\/icom-czech.mini.icom.museum\/en\/wp-json\/wp\/v2\/pages\/862\/revisions\/3367"}],"up":[{"embeddable":true,"href":"https:\/\/icom-czech.mini.icom.museum\/en\/wp-json\/wp\/v2\/pages\/136"}],"wp:attachment":[{"href":"https:\/\/icom-czech.mini.icom.museum\/en\/wp-json\/wp\/v2\/media?parent=862"}],"wp:term":[{"taxonomy":"yst_prominent_words","embeddable":true,"href":"https:\/\/icom-czech.mini.icom.museum\/en\/wp-json\/wp\/v2\/yst_prominent_words?post=862"}],"curies":[{"name":"wp","href":"https:\/\/api.w.org\/{rel}","templated":true}]}}