{"id":654,"date":"2019-01-07T15:20:55","date_gmt":"2019-01-07T15:20:55","guid":{"rendered":"http:\/\/icom-czechia.icom.cust.oxymium.net\/konference\/planning-an-extended-museum\/"},"modified":"2019-01-07T15:35:48","modified_gmt":"2019-01-07T15:35:48","slug":"planning-an-extended-museum","status":"publish","type":"page","link":"https:\/\/icom-czech.mini.icom.museum\/en\/conferences\/planning-an-extended-museum\/","title":{"rendered":"Planning an Extended Museum"},"content":{"rendered":"<div id=\"RTE_CONTENT\"> <!--TYPO3SEARCH_begin--> \t<!--  CONTENT ELEMENT, uid:20883\/text [begin] --> \t\t<\/p>\n<div id=\"c20883\"> \t\t<!--  Text: [begin] --> \t\t\t<\/p>\n<p>Ve spolupr\u00e1ci n\u00e1rodn\u00edch v\u00fdbor\u016f ICOM z Polska, \u010ceska, Slovenska a Rakouska byla uspo\u0159\u00e1dan\u00e1 mezin\u00e1rodn\u00ed konference\u00a0<b>MUSEUMS AND IDENTITIES. Planning an extended museum, 2<\/b><b>1.\u201323. listopadu 2018 v Museu kr\u00e1le Jana III v Pal\u00e1ci Wilan\u00f3w ve Var\u0161av\u011b.\u00a0<\/b>Nav\u00e1zali jsme\u00a0na \u00fasp\u011b\u0161nou spolupr\u00e1ci p\u0159i organizaci mezin\u00e1rodn\u00ed konference\u00a0<a href=\"http:\/\/icom-czechia.icom.cust.oxymium.net\/konference\/odvaha-k-odpovednosti\/\" title=\"Opens internal link in current window\">Odvaha k odpov\u011bdnosti<\/a>, kter\u00e1 se konala v\u00a0Brn\u011b v roce 2017. Konference se z\u00fa\u010dastnilo 105 deleg\u00e1t\u016f ze 13 zem\u00ed Evropy. \u010cesk\u00e1 republika byla zastoupena 11ti \u00fa\u010dastn\u00edky. <\/p>\n<p><b>T\u00e9mata panel\u016f byla:<\/b> <\/p>\n<p>1. Perspectives: Different Identities and Missions of Museums<br \/>2.\u00a0Neighbours: Impact of Museums on Cultural Landscapes and Social Networks<br \/>3.\u00a0Politics: Museums in Historical and Contemporary Context<br \/>4.\u00a0Nature: Environmental Impact of Museums<br \/>5.\u00a0Economy: Impact of Museums on Local Development &amp; Financial Sustainability<br \/>6.\u00a0European Union: Impact of Museums on European Identity<br \/>T\u011b\u0161\u00edme se, \u017ee \u010desk\u00e9 zastoupen\u00ed na t\u00e9to konferenci bude co nejpo\u010detn\u011bj\u0161\u00ed! <\/p>\n<p>Call for papers st\u00e1hnete<a href=\"http:\/\/icom-czechia.mini.icom.museum\/wp-content\/uploads\/sites\/34\/2019\/01\/2018_call_for_papers_planning_an_extended_museum.docx\" title=\"TEXT, 2018 call for papers planning an extended museum, 2018_call_for_papers_planning_an_extended_museum.docx, 12.7 KB\"> zde<\/a>.<br \/>Pozv\u00e1nku najdete <a href=\"http:\/\/icom-czechia.mini.icom.museum\/wp-content\/uploads\/sites\/34\/2019\/01\/2018_invitation_planning_an_extended_museum.pdf\" title=\"TEXT, 2018 invitation planning an extended museum, 2018_invitation_planning_an_extended_museum.pdf, 356 KB\">zde<\/a>.<\/p>\n<p> \t\t<!--  Text: [end] --> \t\t\t   \t<!--  \t\tBEGIN: Content of extension \"hpo_relatedlink\", plugin \"tx_hporelatedlink_pi1\"  \t--> \t<\/p>\n<div> \t\t \t<\/div>\n<p> \t \t<!-- END: Content of extension \"hpo_relatedlink\", plugin \"tx_hporelatedlink_pi1\" -->  \t<\/div>\n<p> \t<!--  CONTENT ELEMENT, uid:20883\/text [end] --> \t\t<!--TYPO3SEARCH_end--> <\/div>\n","protected":false},"excerpt":{"rendered":"<p>Ve spolupr\u00e1ci n\u00e1rodn\u00edch v\u00fdbor\u016f ICOM z Polska, \u010ceska, Slovenska a Rakouska byla uspo\u0159\u00e1dan\u00e1 mezin\u00e1rodn\u00ed konference\u00a0MUSEUMS AND IDENTITIES. Planning an extended museum, 21.\u201323. listopadu 2018 v Museu kr\u00e1le Jana III v Pal\u00e1ci Wilan\u00f3w ve Var\u0161av\u011b.\u00a0Nav\u00e1zali jsme\u00a0na \u00fasp\u011b\u0161nou spolupr\u00e1ci p\u0159i organizaci mezin\u00e1rodn\u00ed konference\u00a0Odvaha k odpov\u011bdnosti, kter\u00e1 se konala v\u00a0Brn\u011b v roce 2017. Konference se z\u00fa\u010dastnilo 105 deleg\u00e1t\u016f [&hellip;]<\/p>\n","protected":false},"author":1,"featured_media":0,"parent":136,"menu_order":1,"comment_status":"closed","ping_status":"closed","template":"","meta":{"footnotes":""},"yst_prominent_words":[],"acf":[],"_links":{"self":[{"href":"https:\/\/icom-czech.mini.icom.museum\/en\/wp-json\/wp\/v2\/pages\/654"}],"collection":[{"href":"https:\/\/icom-czech.mini.icom.museum\/en\/wp-json\/wp\/v2\/pages"}],"about":[{"href":"https:\/\/icom-czech.mini.icom.museum\/en\/wp-json\/wp\/v2\/types\/page"}],"author":[{"embeddable":true,"href":"https:\/\/icom-czech.mini.icom.museum\/en\/wp-json\/wp\/v2\/users\/1"}],"replies":[{"embeddable":true,"href":"https:\/\/icom-czech.mini.icom.museum\/en\/wp-json\/wp\/v2\/comments?post=654"}],"version-history":[{"count":1,"href":"https:\/\/icom-czech.mini.icom.museum\/en\/wp-json\/wp\/v2\/pages\/654\/revisions"}],"predecessor-version":[{"id":2092,"href":"https:\/\/icom-czech.mini.icom.museum\/en\/wp-json\/wp\/v2\/pages\/654\/revisions\/2092"}],"up":[{"embeddable":true,"href":"https:\/\/icom-czech.mini.icom.museum\/en\/wp-json\/wp\/v2\/pages\/136"}],"wp:attachment":[{"href":"https:\/\/icom-czech.mini.icom.museum\/en\/wp-json\/wp\/v2\/media?parent=654"}],"wp:term":[{"taxonomy":"yst_prominent_words","embeddable":true,"href":"https:\/\/icom-czech.mini.icom.museum\/en\/wp-json\/wp\/v2\/yst_prominent_words?post=654"}],"curies":[{"name":"wp","href":"https:\/\/api.w.org\/{rel}","templated":true}]}}