{"id":630,"date":"2019-01-07T15:20:44","date_gmt":"2019-01-07T15:20:44","guid":{"rendered":"http:\/\/icom-czechia.icom.cust.oxymium.net\/clenove\/technical-museums\/"},"modified":"2021-02-04T09:55:30","modified_gmt":"2021-02-04T09:55:30","slug":"technical-museums","status":"publish","type":"page","link":"https:\/\/icom-czech.mini.icom.museum\/en\/members\/technical-museums\/","title":{"rendered":"Technical museums"},"content":{"rendered":"<p><b>National Technical Museum<\/b><br \/>\nKosteln\u00ed 1320\/42, 170 78 Praha 7<br \/>\n<a href=\"http:\/\/www.ntm.cz\" target=\"_blank\" rel=\"noopener\">www.ntm.cz<\/a><br \/>\nThe National Technical Museum is the largest Czech institution of its kind. It exhibits collections on fourteen permanent exhibitions and many temporary displays. What belongs to the jewels in the Transport exposition is a racing car Mercedes Benz W154, in which Rudolf Caracciola won the Grand Prix in 1938. The exposition of Astronomy boasts precious exhibits, such as B\u00fcrgi\u2019s sextant used by Johannes Kepler. The Czech assets to science are represented by, e.g. the contact-lenses apparatus in the exposition of Chemistry, which Otto Wichterle used in 1961 for producing the first soft contact lenses.<br \/>\n<a href=\"http:\/\/www.ntm.cz\"><img decoding=\"async\" loading=\"lazy\" class=\"alignleft size-medium wp-image-3687\" src=\"http:\/\/icom-czech.mini.icom.museum\/wp-content\/uploads\/sites\/34\/2020\/07\/narodni_technicke_muzeum-300x199.jpg\" alt=\"\" width=\"300\" height=\"199\" srcset=\"https:\/\/icom-czech.mini.icom.museum\/wp-content\/uploads\/sites\/34\/2020\/07\/narodni_technicke_muzeum-300x199.jpg 300w, https:\/\/icom-czech.mini.icom.museum\/wp-content\/uploads\/sites\/34\/2020\/07\/narodni_technicke_muzeum-768x510.jpg 768w, https:\/\/icom-czech.mini.icom.museum\/wp-content\/uploads\/sites\/34\/2020\/07\/narodni_technicke_muzeum.jpg 903w\" sizes=\"(max-width: 300px) 100vw, 300px\" \/><\/a><\/p>\n<hr \/>\n<p><b>Museum of the Wallachian Region<\/b><br \/>\nHorn\u00ed n\u00e1m\u011bst\u00ed 2, 775 01 Vset\u00edn<br \/>\n<a href=\"http:\/\/www.muzeumvalassko.cz\">www.muzeumvalassko.cz<\/a><br \/>\nThe museum profiles itself as a multidisciplinary organization in the fields of social sciences, natural sciences and technology. It educates visitors on the basis of a multidisciplinary approach through exhibitions, expositions, events and publishing activities, and educates children and youth in the environmental field. It takes care of a unique collection of furniture made of bent beech wood, tapestries, and lighting glass, and a collection of old prints is supraregionally valuable. Part of the museum is an observatory, which deals with the popularization of astronomy and other natural sciences.<br \/>\n<a href=\"http:\/\/www.muzeumvalassko.cz\"><img decoding=\"async\" loading=\"lazy\" class=\"alignleft size-medium wp-image-3882\" src=\"http:\/\/icom-czech.mini.icom.museum\/wp-content\/uploads\/sites\/34\/2020\/07\/muzeum_regionu_valassko-300x247.jpg\" alt=\"\" width=\"300\" height=\"247\" srcset=\"https:\/\/icom-czech.mini.icom.museum\/wp-content\/uploads\/sites\/34\/2020\/07\/muzeum_regionu_valassko-300x247.jpg 300w, https:\/\/icom-czech.mini.icom.museum\/wp-content\/uploads\/sites\/34\/2020\/07\/muzeum_regionu_valassko-768x633.jpg 768w, https:\/\/icom-czech.mini.icom.museum\/wp-content\/uploads\/sites\/34\/2020\/07\/muzeum_regionu_valassko.jpg 871w\" sizes=\"(max-width: 300px) 100vw, 300px\" \/><\/a><\/p>\n<p><b>Technical Museum in Brno<br \/>\n<\/b>Purky\u0148ova 105,\u00a0612 00 Brno<br \/>\n<a href=\"http:\/\/www.tmbrno.cz\" target=\"_blank\" rel=\"noopener\">www.tmbrno.cz<\/a><br \/>\nThe Technical Museum in Brno was established in 1961. Seventeen permanent exhibitions show a wide spectrum of themes ranging from crafts to information technology. The item that is among the most precious collection objects is the axial-flow turbine designed by Viktor Kaplan, whose date of birth, 27th November 1876, is among UNESCO\u2019s Anniversaries as a token of respect. One exposition is devoted to racing motorbikes and the international competition Grand Prix Brno. The Museum cares for six technical immovable monuments in situ.<br \/>\n<a href=\"http:\/\/www.tmbrno.cz\"><img decoding=\"async\" loading=\"lazy\" class=\"alignleft size-medium wp-image-3707\" src=\"http:\/\/icom-czech.mini.icom.museum\/wp-content\/uploads\/sites\/34\/2020\/07\/technicke_muzeum_v_brne-300x201.jpg\" alt=\"\" width=\"300\" height=\"201\" srcset=\"https:\/\/icom-czech.mini.icom.museum\/wp-content\/uploads\/sites\/34\/2020\/07\/technicke_muzeum_v_brne-300x201.jpg 300w, https:\/\/icom-czech.mini.icom.museum\/wp-content\/uploads\/sites\/34\/2020\/07\/technicke_muzeum_v_brne-768x514.jpg 768w, https:\/\/icom-czech.mini.icom.museum\/wp-content\/uploads\/sites\/34\/2020\/07\/technicke_muzeum_v_brne.jpg 774w\" sizes=\"(max-width: 300px) 100vw, 300px\" \/><\/a><\/p>\n","protected":false},"excerpt":{"rendered":"<p>National Technical Museum Kosteln\u00ed 1320\/42, 170 78 Praha 7 www.ntm.cz The National Technical Museum is the largest Czech institution of its kind. It exhibits collections on fourteen permanent exhibitions and many temporary displays. What belongs to the jewels in the Transport exposition is a racing car Mercedes Benz W154, in which Rudolf Caracciola won the [&hellip;]<\/p>\n","protected":false},"author":1,"featured_media":0,"parent":134,"menu_order":11,"comment_status":"closed","ping_status":"closed","template":"","meta":{"footnotes":""},"yst_prominent_words":[],"acf":[],"_links":{"self":[{"href":"https:\/\/icom-czech.mini.icom.museum\/en\/wp-json\/wp\/v2\/pages\/630"}],"collection":[{"href":"https:\/\/icom-czech.mini.icom.museum\/en\/wp-json\/wp\/v2\/pages"}],"about":[{"href":"https:\/\/icom-czech.mini.icom.museum\/en\/wp-json\/wp\/v2\/types\/page"}],"author":[{"embeddable":true,"href":"https:\/\/icom-czech.mini.icom.museum\/en\/wp-json\/wp\/v2\/users\/1"}],"replies":[{"embeddable":true,"href":"https:\/\/icom-czech.mini.icom.museum\/en\/wp-json\/wp\/v2\/comments?post=630"}],"version-history":[{"count":9,"href":"https:\/\/icom-czech.mini.icom.museum\/en\/wp-json\/wp\/v2\/pages\/630\/revisions"}],"predecessor-version":[{"id":4866,"href":"https:\/\/icom-czech.mini.icom.museum\/en\/wp-json\/wp\/v2\/pages\/630\/revisions\/4866"}],"up":[{"embeddable":true,"href":"https:\/\/icom-czech.mini.icom.museum\/en\/wp-json\/wp\/v2\/pages\/134"}],"wp:attachment":[{"href":"https:\/\/icom-czech.mini.icom.museum\/en\/wp-json\/wp\/v2\/media?parent=630"}],"wp:term":[{"taxonomy":"yst_prominent_words","embeddable":true,"href":"https:\/\/icom-czech.mini.icom.museum\/en\/wp-json\/wp\/v2\/yst_prominent_words?post=630"}],"curies":[{"name":"wp","href":"https:\/\/api.w.org\/{rel}","templated":true}]}}