{"id":626,"date":"2019-01-07T15:20:39","date_gmt":"2019-01-07T15:20:39","guid":{"rendered":"http:\/\/icom-czechia.icom.cust.oxymium.net\/clenove\/museums-of-nature\/"},"modified":"2021-06-10T11:29:23","modified_gmt":"2021-06-10T11:29:23","slug":"museums-of-nature","status":"publish","type":"page","link":"https:\/\/icom-czech.mini.icom.museum\/en\/members\/museums-of-nature\/","title":{"rendered":"Museums of nature"},"content":{"rendered":"<p><b>National Museum of Agriculture in Prague<\/b><br \/>\nKosteln\u00ed 44, 170 00 Praha 7<br \/>\n<a href=\"http:\/\/www.nzm.cz\" target=\"_blank\" rel=\"noopener\">www.nzm.cz<\/a><br \/>\nThe National Museum of Agriculture was founded in 1918, however, its oldest department has been working since 1842, so it might be the oldest museum of forestry and hunting ever. Forestry, game-keeping or hunting, fishing, farming, food processing industry, gastronomy and other branches are presented through dynamic expositions as ones that are essential for existence of both an individual and the civilization. A visitor is given opportunity to realise the importance of agriculture as one of the most significant know-how the humankind has developed, and which existentially interlinks our future.<br \/>\nVirtual tours: http:\/\/www.nzm.pano3d.cz\/, lectures: https:\/\/www.nzm.cz\/prednasky-konference\/prednasky-nzm-na-youtube, knowledge quizzes: https:\/\/www.nzm.cz\/aktuality\/vedomostni-kvizy<br \/>\n<a href=\"http:\/\/www.nzm.cz\"><img decoding=\"async\" loading=\"lazy\" class=\"alignleft size-medium wp-image-3691\" src=\"http:\/\/icom-czech.mini.icom.museum\/wp-content\/uploads\/sites\/34\/2020\/07\/narodni_zemedelske_muzeum-300x200.jpg\" alt=\"\" width=\"300\" height=\"200\" srcset=\"https:\/\/icom-czech.mini.icom.museum\/wp-content\/uploads\/sites\/34\/2020\/07\/narodni_zemedelske_muzeum-300x200.jpg 300w, https:\/\/icom-czech.mini.icom.museum\/wp-content\/uploads\/sites\/34\/2020\/07\/narodni_zemedelske_muzeum-768x512.jpg 768w, https:\/\/icom-czech.mini.icom.museum\/wp-content\/uploads\/sites\/34\/2020\/07\/narodni_zemedelske_muzeum.jpg 780w\" sizes=\"(max-width: 300px) 100vw, 300px\" \/><\/a><\/p>\n<hr \/>\n<p><b>Mendel Museum of Masaryk University<\/b><br \/>\nMendlovo n\u00e1m. 1a, 603 00 Brno<br \/>\n<a href=\"www.mendelmuseum.muni.cz\">www.mendelmuseum.muni.cz<\/a><br \/>\nThe Museum continues the legacy of the founder of genetics and discoverer of the laws of heredity, Gregor Johann Mendel (1822-1884). The Museum displays Mendel&#8217;s work on a permanent exhibition, which is regularly added to by short-term exhibitions. The Museum is a place where experts meet, and where outcomes of science and research are presented to the general audience. Many Nobel Prize winners have delivered their speeches at the Mendel Lectures.<br \/>\n<a href=\"http:\/\/www.mendelmuseum.muni.cz\"><img decoding=\"async\" loading=\"lazy\" class=\"alignleft size-medium wp-image-3960\" src=\"http:\/\/icom-czech.mini.icom.museum\/wp-content\/uploads\/sites\/34\/2020\/07\/mendlovo_muzeum_masarykovy_univerzity-300x199.jpg\" alt=\"\" width=\"300\" height=\"199\" srcset=\"https:\/\/icom-czech.mini.icom.museum\/wp-content\/uploads\/sites\/34\/2020\/07\/mendlovo_muzeum_masarykovy_univerzity-300x199.jpg 300w, https:\/\/icom-czech.mini.icom.museum\/wp-content\/uploads\/sites\/34\/2020\/07\/mendlovo_muzeum_masarykovy_univerzity-768x510.jpg 768w, https:\/\/icom-czech.mini.icom.museum\/wp-content\/uploads\/sites\/34\/2020\/07\/mendlovo_muzeum_masarykovy_univerzity-1024x680.jpg 1024w, https:\/\/icom-czech.mini.icom.museum\/wp-content\/uploads\/sites\/34\/2020\/07\/mendlovo_muzeum_masarykovy_univerzity.jpg 1200w\" sizes=\"(max-width: 300px) 100vw, 300px\" \/><\/a><\/p>\n<p><b>Moravian Museum<\/b><br \/>\nZeln\u00fd trh 6, 659 37 Brno<br \/>\n<a href=\"http:\/\/www.mzm.cz\/\" target=\"_blank\" rel=\"noopener\">www.mzm.cz<\/a><br \/>\nThe Moravian Museum is one of the largest and oldest memory institutions in the Central-European space. Established in 1817, it is dedicated to the history of a unique territory, Moravia, whose dwellers created the so-called Venus of Doln\u00ed V\u011bstonice, the first known clay sculpture and the earliest portrait of a woman in the world as early as 25,000 years ago. The figure is now listed as the National Cultural Monument. Among other carefully conserved unique objects is, e.g. the plough that used Maria Theresa\u2019s son, future Emperor Joseph II in 1769, or extensive numismatic, theatre and literature collections. The Museum houses unique nature history collections from around the world.<br \/>\n<a href=\"http:\/\/www.mzm.cz\"><img decoding=\"async\" loading=\"lazy\" class=\"alignleft size-medium wp-image-3669\" src=\"http:\/\/icom-czech.mini.icom.museum\/wp-content\/uploads\/sites\/34\/2020\/07\/moravske_zemske_muzeum-300x200.jpg\" alt=\"\" width=\"300\" height=\"200\" srcset=\"https:\/\/icom-czech.mini.icom.museum\/wp-content\/uploads\/sites\/34\/2020\/07\/moravske_zemske_muzeum-300x200.jpg 300w, https:\/\/icom-czech.mini.icom.museum\/wp-content\/uploads\/sites\/34\/2020\/07\/moravske_zemske_muzeum.jpg 693w\" sizes=\"(max-width: 300px) 100vw, 300px\" \/><\/a><\/p>\n<p><b>Museum of the Wallachian Region<\/b><br \/>\nHorn\u00ed n\u00e1m\u011bst\u00ed 2, 775 01 Vset\u00edn<br \/>\n<a href=\"http:\/\/www.muzeumvalassko.cz\">www.muzeumvalassko.cz<\/a><br \/>\nThe museum profiles itself as a multidisciplinary organization in the fields of social sciences, natural sciences and technology. It educates visitors on the basis of a multidisciplinary approach through exhibitions, expositions, events and publishing activities, and educates children and youth in the environmental field. It takes care of a unique collection of furniture made of bent beech wood, tapestries, and lighting glass, and a collection of old prints is supraregionally valuable. Part of the museum is an observatory, which deals with the popularization of astronomy and other natural sciences.<br \/>\n<a href=\"http:\/\/www.muzeumvalassko.cz\"><img decoding=\"async\" loading=\"lazy\" class=\"alignleft size-medium wp-image-3882\" src=\"http:\/\/icom-czech.mini.icom.museum\/wp-content\/uploads\/sites\/34\/2020\/07\/muzeum_regionu_valassko-300x247.jpg\" alt=\"\" width=\"300\" height=\"247\" srcset=\"https:\/\/icom-czech.mini.icom.museum\/wp-content\/uploads\/sites\/34\/2020\/07\/muzeum_regionu_valassko-300x247.jpg 300w, https:\/\/icom-czech.mini.icom.museum\/wp-content\/uploads\/sites\/34\/2020\/07\/muzeum_regionu_valassko-768x633.jpg 768w, https:\/\/icom-czech.mini.icom.museum\/wp-content\/uploads\/sites\/34\/2020\/07\/muzeum_regionu_valassko.jpg 871w\" sizes=\"(max-width: 300px) 100vw, 300px\" \/><\/a><\/p>\n<p><b>The Museum of Eastern Bohemia in Hradec Kr\u00e1lov\u00e9<\/b><br \/>\nEli\u0161\u010dino n\u00e1b\u0159e\u017e\u00ed 465,\u00a0500 01 Hradec Kr\u00e1lov\u00e9 1<br \/>\n<a href=\"http:\/\/www.muzeumhk.cz\" target=\"_blank\" rel=\"noopener\">www.muzeumhk.cz<\/a><br \/>\nSituated on the bank of the Labe River (Elbe) in Hradec Kr\u00e1lov\u00e9 and created with loving care dances the most attractive building designed by outstanding architect Jan Kot\u011bra. The institution of the Museum founded no later but in 1880 is permanently developing and collecting East Bohemia\u2019s memories with professional interest and youthful enthusiasm. Among natural sciences, historical and archaeological conserved memoirs is the War of 1866 Museum at Chlum, the memento of a conflict that belongs to the bitterest 19th century battles in Europe. Defeated Austria lost its position in the region, and Prussia embarked on the journey to form a united state of Germans.<br \/>\nOn-line museum: https:\/\/muzeumhk.cz\/program\/vystavy-online.html<br \/>\n<a href=\"http:\/\/www.muzeumhk.cz\"><img decoding=\"async\" loading=\"lazy\" class=\"alignleft size-medium wp-image-3679\" src=\"http:\/\/icom-czech.mini.icom.museum\/wp-content\/uploads\/sites\/34\/2020\/07\/muzeum_vychodnich_cech_v_hradci_kralove-300x198.jpg\" alt=\"\" width=\"300\" height=\"198\" srcset=\"https:\/\/icom-czech.mini.icom.museum\/wp-content\/uploads\/sites\/34\/2020\/07\/muzeum_vychodnich_cech_v_hradci_kralove-300x198.jpg 300w, https:\/\/icom-czech.mini.icom.museum\/wp-content\/uploads\/sites\/34\/2020\/07\/muzeum_vychodnich_cech_v_hradci_kralove.jpg 738w\" sizes=\"(max-width: 300px) 100vw, 300px\" \/><\/a><\/p>\n<p><b>The Museum of the Vyso\u010dina in T\u0159eb\u00ed\u010d<\/b><br \/>\nZ\u00e1mek 1,\u00a0674 01 T\u0159eb\u00ed\u010d<br \/>\n<a href=\"http:\/\/www.zamek-trebic.cz\" target=\"_blank\" rel=\"noopener\">www.zamek-trebic.cz<\/a><br \/>\nThe Museum established in 1898 displays the history and nature of the T\u0159eb\u00ed\u010d region. It is famous for collections of pipes, Moravian moldavites, minerals, and rocks, as well as the collection of nativity scenes. It annually stages events such as The Czech Republic Trade Fair of Museums or Pipe Smoking in T\u0159eb\u00ed\u010d. The former Monastery and Basilica of St. Procopius and Jewish Quarter have been inscribed on UNESCO\u2019s World Heritage List.<br \/>\n<a href=\"http:\/\/www.zamek-trebic.cz\"><img decoding=\"async\" loading=\"lazy\" class=\"size-medium wp-image-4603 alignleft\" src=\"http:\/\/icom-czech.mini.icom.museum\/wp-content\/uploads\/sites\/34\/2020\/11\/muzeum_vysociny_trebic-300x200.jpg\" alt=\"\" width=\"300\" height=\"200\" srcset=\"https:\/\/icom-czech.mini.icom.museum\/wp-content\/uploads\/sites\/34\/2020\/11\/muzeum_vysociny_trebic-300x200.jpg 300w, https:\/\/icom-czech.mini.icom.museum\/wp-content\/uploads\/sites\/34\/2020\/11\/muzeum_vysociny_trebic.jpg 766w\" sizes=\"(max-width: 300px) 100vw, 300px\" \/><\/a><\/p>\n<p><b>National Museum<\/b><br \/>\nV\u00e1clavsk\u00e9 n\u00e1m\u011bst\u00ed 68, 115 79 Praha 1<br \/>\n<a href=\"http:\/\/www.nm.cz\/\" target=\"_blank\" rel=\"noopener\">www.nm.cz<\/a><br \/>\nThe National Museum is the largest and third oldest museum in the Czech Republic, having been founded in 1818. The public associates the institution primarily with the monumental Neo-Renaissance Historical Building, the most prominent landmark of Wenceslas Square in Prague. During an extensive reconstruction, it was connected with the equally interesting New Building of the National Museum through a multimedia corridor, giving rise to the unique Museum Complex. From the summer of 2021, visitors have a chance to walk through new modern expositions dedicated to history and nature. But the National Museum is not just this building. As part of its activities, the Museum collects, researches and presents artifacts from scientific, historical and artistic disciplines, which it then exhibits in the 17 buildings it administers or protects in several stand-alone depositories. Its library is the second largest public library in the Czech Republic and its collections contain more than thirteen million objects.<br \/>\n<a href=\"http:\/\/www.nm.cz\"><img decoding=\"async\" loading=\"lazy\" class=\"alignleft size-medium wp-image-5275\" src=\"http:\/\/icom-czech.mini.icom.museum\/wp-content\/uploads\/sites\/34\/2021\/05\/komplex_narodni_muzeum-300x116.jpg\" alt=\"\" width=\"300\" height=\"116\" srcset=\"https:\/\/icom-czech.mini.icom.museum\/wp-content\/uploads\/sites\/34\/2021\/05\/komplex_narodni_muzeum-300x116.jpg 300w, https:\/\/icom-czech.mini.icom.museum\/wp-content\/uploads\/sites\/34\/2021\/05\/komplex_narodni_muzeum-768x297.jpg 768w, https:\/\/icom-czech.mini.icom.museum\/wp-content\/uploads\/sites\/34\/2021\/05\/komplex_narodni_muzeum-1024x397.jpg 1024w, https:\/\/icom-czech.mini.icom.museum\/wp-content\/uploads\/sites\/34\/2021\/05\/komplex_narodni_muzeum.jpg 1921w\" sizes=\"(max-width: 300px) 100vw, 300px\" \/><\/a><\/p>\n<p><b>Silesian Museum<\/b><br \/>\nN\u00e1dra\u017en\u00ed okruh 31, 746 01 Opava<br \/>\n<a href=\"http:\/\/www.szm.cz\/\" target=\"_blank\" rel=\"noopener\">www.szm.cz<\/a><br \/>\nThe Silesian Museum in Opava opens an imaginary gate to Silesia. The Museum houses exhibits ranging from living creatures or inanimate nature, prehistory, history to art history. Founded in 1814, it is the oldest public museum on the territory of today\u2019s Czech Republic. It administers six museum buildings and complexes. The land Silesia itself is presented in the Historic Exhibition Building in Opava. Topics, such as defense or military science, are covered in expositions situated in the Hlu\u010d\u00edn-Darkovi\u010dky Czechoslovak Fortification Complex and the World War II Memorial in Hrabyn\u011b. An extensive collection of plants is grown in the Nov\u00fd Dv\u016fr Arboretum in St\u011bbo\u0159ice. Literature is on display in the Petr Bezru\u010d Memorial in Opava and the Petr Bezru\u010d Chalet in Ostravice.<br \/>\n<a href=\"http:\/\/www.szm.cz\"><img decoding=\"async\" loading=\"lazy\" class=\"alignleft size-medium wp-image-3703\" src=\"http:\/\/icom-czech.mini.icom.museum\/wp-content\/uploads\/sites\/34\/2020\/07\/slezske_zemske_muzeum-300x246.jpg\" alt=\"\" width=\"300\" height=\"246\" srcset=\"https:\/\/icom-czech.mini.icom.museum\/wp-content\/uploads\/sites\/34\/2020\/07\/slezske_zemske_muzeum-300x246.jpg 300w, https:\/\/icom-czech.mini.icom.museum\/wp-content\/uploads\/sites\/34\/2020\/07\/slezske_zemske_muzeum.jpg 720w\" sizes=\"(max-width: 300px) 100vw, 300px\" \/><\/a><\/p>\n","protected":false},"excerpt":{"rendered":"<p>National Museum of Agriculture in Prague Kosteln\u00ed 44, 170 00 Praha 7 www.nzm.cz The National Museum of Agriculture was founded in 1918, however, its oldest department has been working since 1842, so it might be the oldest museum of forestry and hunting ever. Forestry, game-keeping or hunting, fishing, farming, food processing industry, gastronomy and other [&hellip;]<\/p>\n","protected":false},"author":1,"featured_media":0,"parent":134,"menu_order":8,"comment_status":"closed","ping_status":"closed","template":"","meta":{"footnotes":""},"yst_prominent_words":[],"acf":[],"_links":{"self":[{"href":"https:\/\/icom-czech.mini.icom.museum\/en\/wp-json\/wp\/v2\/pages\/626"}],"collection":[{"href":"https:\/\/icom-czech.mini.icom.museum\/en\/wp-json\/wp\/v2\/pages"}],"about":[{"href":"https:\/\/icom-czech.mini.icom.museum\/en\/wp-json\/wp\/v2\/types\/page"}],"author":[{"embeddable":true,"href":"https:\/\/icom-czech.mini.icom.museum\/en\/wp-json\/wp\/v2\/users\/1"}],"replies":[{"embeddable":true,"href":"https:\/\/icom-czech.mini.icom.museum\/en\/wp-json\/wp\/v2\/comments?post=626"}],"version-history":[{"count":20,"href":"https:\/\/icom-czech.mini.icom.museum\/en\/wp-json\/wp\/v2\/pages\/626\/revisions"}],"predecessor-version":[{"id":5361,"href":"https:\/\/icom-czech.mini.icom.museum\/en\/wp-json\/wp\/v2\/pages\/626\/revisions\/5361"}],"up":[{"embeddable":true,"href":"https:\/\/icom-czech.mini.icom.museum\/en\/wp-json\/wp\/v2\/pages\/134"}],"wp:attachment":[{"href":"https:\/\/icom-czech.mini.icom.museum\/en\/wp-json\/wp\/v2\/media?parent=626"}],"wp:term":[{"taxonomy":"yst_prominent_words","embeddable":true,"href":"https:\/\/icom-czech.mini.icom.museum\/en\/wp-json\/wp\/v2\/yst_prominent_words?post=626"}],"curies":[{"name":"wp","href":"https:\/\/api.w.org\/{rel}","templated":true}]}}