{"id":622,"date":"2019-01-07T15:20:34","date_gmt":"2019-01-07T15:20:34","guid":{"rendered":"http:\/\/icom-czechia.icom.cust.oxymium.net\/clenove\/city-museums\/"},"modified":"2021-02-26T15:11:40","modified_gmt":"2021-02-26T15:11:40","slug":"city-museums","status":"publish","type":"page","link":"https:\/\/icom-czech.mini.icom.museum\/en\/members\/city-museums\/","title":{"rendered":"Municipal museums"},"content":{"rendered":"<p><b>The City of Prague Museum<\/b><br \/>\nNa Po\u0159\u00ed\u010d\u00ed 1554\/52, 186 00 Praha 8<br \/>\n<a href=\"http:\/\/www.muzeumprahy.cz\" target=\"_blank\" rel=\"noopener\">www.muzeumprahy.cz<\/a><br \/>\nThe City of Prague Museum conserves and presents Prague\u2019s history from the earliest times to the present. The Museum administrates a range of monuments including Prague\u2019s spires. It cares for tradition of urban crafts in Ct\u011bnice Ch\u00e2teau\u2019s exposition, or unique examples of modern architecture, such as Franti\u0161ek M\u00fcller\u2019s \u00a0villa (Villa M\u00fcller) designed by Adolf Loos (1928-1930), or the house of Otto Rothmayer (Villa Rothmayer), descendant of Josip Ple\u010dnik, the architect who designed Prague Castle renovation.<br \/>\nOn-line collections:\u00a0<a href=\"http:\/\/sbirky.muzeumprahy.cz\/\">sbirky.muzeumprahy.cz<\/a>, exhibitions:\u00a0<a href=\"http:\/\/od-nite-ke-kosili.muzeumprahy.cz\/?fbclid=IwAR3gZu4QjkQbE5-t697vClTe1UbsPVBneEp9FDxwYYXZfdjeLxBGWNcsD0M\">Od nit\u011b ke ko\u0161ili<\/a> (From Thread to Shirt)<br \/>\n<a href=\"http:\/\/www.muzeumprahy.cz\"><img decoding=\"async\" loading=\"lazy\" class=\"alignleft size-medium wp-image-3671\" src=\"http:\/\/icom-czech.mini.icom.museum\/wp-content\/uploads\/sites\/34\/2020\/07\/muzeum_hlavniho_mesta_prahy-300x185.jpg\" alt=\"\" width=\"300\" height=\"185\" srcset=\"https:\/\/icom-czech.mini.icom.museum\/wp-content\/uploads\/sites\/34\/2020\/07\/muzeum_hlavniho_mesta_prahy-300x185.jpg 300w, https:\/\/icom-czech.mini.icom.museum\/wp-content\/uploads\/sites\/34\/2020\/07\/muzeum_hlavniho_mesta_prahy-768x473.jpg 768w, https:\/\/icom-czech.mini.icom.museum\/wp-content\/uploads\/sites\/34\/2020\/07\/muzeum_hlavniho_mesta_prahy.jpg 781w\" sizes=\"(max-width: 300px) 100vw, 300px\" \/><\/a><\/p>\n<hr \/>\n<p><b>Centre for Architecture and Metropolitan Planning<\/b><br \/>\nVy\u0161ehradsk\u00e1 51, 128 00 Praha<br \/>\n<a href=\"https:\/\/praha.camp\/\">praha.camp<\/a><br \/>\nCAMP, the Center for Architecture and Metropolitan Planning, has set a goal to improve public discussion about the development of Prague. CAMP is located in the building of the Prague Institute for Planning and Development and offers visitors a 200 m2 exhibition hall with a unique, large projection screen, a library, a caf\u00e9 and a modern lecture hall.<br \/>\n<a href=\"http:\/\/praha.camp\"><img decoding=\"async\" loading=\"lazy\" class=\"size-medium wp-image-4653 alignleft\" src=\"http:\/\/icom-czech.mini.icom.museum\/wp-content\/uploads\/sites\/34\/2020\/12\/centrum_architektury_a_mestskeho_planovani-200x300.jpg\" alt=\"\" width=\"200\" height=\"300\" srcset=\"https:\/\/icom-czech.mini.icom.museum\/wp-content\/uploads\/sites\/34\/2020\/12\/centrum_architektury_a_mestskeho_planovani-200x300.jpg 200w, https:\/\/icom-czech.mini.icom.museum\/wp-content\/uploads\/sites\/34\/2020\/12\/centrum_architektury_a_mestskeho_planovani-683x1024.jpg 683w, https:\/\/icom-czech.mini.icom.museum\/wp-content\/uploads\/sites\/34\/2020\/12\/centrum_architektury_a_mestskeho_planovani.jpg 720w\" sizes=\"(max-width: 200px) 100vw, 200px\" \/><\/a><\/p>\n<p><b>B\u0159eclav Munucipal Museum and Gallery<\/b><br \/>\nDukelsk\u00fdch hrdin\u016f 2747\/4, 690 02 B\u0159eclav<br \/>\n<a href=\"http:\/\/www.muzeumbv.cz\/\">www.muzeumbv.cz<\/a><br \/>\nThe history of museums in B\u0159eclav goes back to 1928, the year when the Museum and Local History and Geography Society was established. The current institution was founded in 1995 and shows the most important moments from the history and art in the region. The permanent exhibitions are devoted to the history of the House of Liechtenstein, Judaism in B\u0159eclav and Slavic archeology and are on the exhibition entitled \u2018Great Moravian Pohansko\u2019 (fortified settlement).<br \/>\n<a href=\"http:\/\/www.muzeumbv.cz\"><img decoding=\"async\" loading=\"lazy\" class=\"alignleft size-medium wp-image-4143\" src=\"http:\/\/icom-czech.mini.icom.museum\/wp-content\/uploads\/sites\/34\/2020\/09\/mestske_muzeum_a_galerie_breclav-1-200x300.jpg\" alt=\"\" width=\"200\" height=\"300\" srcset=\"https:\/\/icom-czech.mini.icom.museum\/wp-content\/uploads\/sites\/34\/2020\/09\/mestske_muzeum_a_galerie_breclav-1-200x300.jpg 200w, https:\/\/icom-czech.mini.icom.museum\/wp-content\/uploads\/sites\/34\/2020\/09\/mestske_muzeum_a_galerie_breclav-1-682x1024.jpg 682w, https:\/\/icom-czech.mini.icom.museum\/wp-content\/uploads\/sites\/34\/2020\/09\/mestske_muzeum_a_galerie_breclav-1.jpg 750w\" sizes=\"(max-width: 200px) 100vw, 200px\" \/><\/a><\/p>\n<p><b>\u010c\u00e1slav Municipal museum and library<\/b><br \/>\nHusova 291, 286 01 \u010c\u00e1slav<br \/>\n<a href=\"http:\/\/www.cmuz.cz\/\">www.cmuz.cz<\/a><br \/>\nThe Municipal Museum in \u010c\u00e1slav is among the oldest regional museums in Bohemia. It is housed in a Neo-Renaissance building built in 1884 right for the museum purposes. Extensive natural history collections of patron Josef Kaunick\u00fd and collections amassed by the Museum and Archaeological Association \u2018V\u010dela \u010c\u00e1slavsk\u00e1\u2019 were moved there. These collections have been preserved in the Museum until today and document the manner of museum work and presentation of collections in the 19th century. In 2018, the exhibition\u2019s movables were inscribed on the list of the cultural monuments in the Czech Republic.<br \/>\n<a href=\"http:\/\/www.cmuz.cz\"><img decoding=\"async\" loading=\"lazy\" class=\"alignleft size-medium wp-image-4220\" src=\"http:\/\/icom-czech.mini.icom.museum\/wp-content\/uploads\/sites\/34\/2020\/09\/mestske_muzeum_a_knihovna_caslav-300x188.jpg\" alt=\"\" width=\"300\" height=\"188\" srcset=\"https:\/\/icom-czech.mini.icom.museum\/wp-content\/uploads\/sites\/34\/2020\/09\/mestske_muzeum_a_knihovna_caslav-300x188.jpg 300w, https:\/\/icom-czech.mini.icom.museum\/wp-content\/uploads\/sites\/34\/2020\/09\/mestske_muzeum_a_knihovna_caslav.jpg 751w\" sizes=\"(max-width: 300px) 100vw, 300px\" \/><\/a><\/p>\n<p><b>Municipal Museum of \u00dast\u00ed nad Labem<\/b><br \/>\nMasarykova 1000\/3, 400 01 \u00dast\u00ed nad Labem<br \/>\n<a href=\"http:\/\/www.muzeumusti.cz\">www.muzeumusti.cz<\/a><br \/>\nThe Museum was established in 1876. Its collections document the culture, history, and nature of the city of \u00dast\u00ed nad Labem and northwestern Bohemia. It is also dedicated to the history of the German-speaking population in the Czech lands and cares for a unique medieval city execution site, which is one of the best-preserved monuments of its kind in the Czech Republic.<br \/>\n<a href=\"www.muzeumusti.cz\"><img decoding=\"async\" loading=\"lazy\" class=\"alignleft size-medium wp-image-4436\" src=\"http:\/\/icom-czech.mini.icom.museum\/wp-content\/uploads\/sites\/34\/2020\/10\/muzeum_mesta_usti_nad_labem-300x200.jpg\" alt=\"\" width=\"300\" height=\"200\" srcset=\"https:\/\/icom-czech.mini.icom.museum\/wp-content\/uploads\/sites\/34\/2020\/10\/muzeum_mesta_usti_nad_labem-300x200.jpg 300w, https:\/\/icom-czech.mini.icom.museum\/wp-content\/uploads\/sites\/34\/2020\/10\/muzeum_mesta_usti_nad_labem.jpg 750w\" sizes=\"(max-width: 300px) 100vw, 300px\" \/><\/a><\/p>\n<p><b>Town Museum and Gallery Svitavy<\/b><br \/>\nM\u00e1chova alej 293\/1, 568 02 Svitavy<br \/>\n<a href=\"http:\/\/www.muzeum.svitavy.cz\">www.muzeum.svitavy.cz<\/a><br \/>\nThe history, arts, and crafts of the H\u0159ebe\u010dsko region are the main topics reflected in the collections of the Town Museum and Gallery in Svitavy. There is a special focus on the tradition of nativity scene craftsmanship, as well as on the history of washing technology. The local collection of washing technology features 192 examples of washing machines and 52 washboards \u2013 the largest collection of its kind within the Czech Republic!<br \/>\nAnother part of the exhibition is focused on the life and work of Oscar Schindler, who was local to Svitavy. A wide variety of educational programs and free time activities is offered not only to schools, but to anyone interested.<br \/>\nThe main priority of the museum has recently become the restoration of the 15-meter-long nativity scene from Svitavy, which contains mechanical moving figures. The importance of this unique example of folk craftsmanship extends way beyond the Svitavy region.<\/p>\n<p><a href=\"http:\/\/www.muzeum.svitavy.cz\"><img decoding=\"async\" loading=\"lazy\" class=\"size-medium wp-image-4905 alignleft\" src=\"http:\/\/icom-czech.mini.icom.museum\/wp-content\/uploads\/sites\/34\/2021\/02\/mestske_muzeum_a_galerie_svitavy-300x225.jpg\" alt=\"\" width=\"300\" height=\"225\" srcset=\"https:\/\/icom-czech.mini.icom.museum\/wp-content\/uploads\/sites\/34\/2021\/02\/mestske_muzeum_a_galerie_svitavy-300x225.jpg 300w, https:\/\/icom-czech.mini.icom.museum\/wp-content\/uploads\/sites\/34\/2021\/02\/mestske_muzeum_a_galerie_svitavy.jpg 768w\" sizes=\"(max-width: 300px) 100vw, 300px\" \/><\/a><\/p>\n<p><b>The City of Brno Museum<\/b><br \/>\n\u0160pilberk 210\/1, 662 24 Brno<br \/>\n<a href=\"http:\/\/www.spilberk.cz\" target=\"_blank\" rel=\"noopener\">www.spilberk.cz<\/a><br \/>\nEstablished in 1904, the Museum is in charge of the cultural heritage of the city. Its rapid development would occur after 1960 when the institution moved into \u0160pilberk Castle, the landmark notorious as the \u2018dungeon of nations\u2019, where, e.g. Italian poet Silvio Pellico had been imprisoned. In addition to history the Museum\u2019s expositions cover the artistic and urban development, especially the unique inter-war era, when Brno occupied a dominant position in the development of modern architecture. What serves as an excellent illustration is the Tugendhat Villa designed by Architect Ludwig Mies van der Rohe and built between 1929 and 1930. It has been inscribed on the UNESCO\u2019s World Heritage List since 2007.<br \/>\n<a href=\"http:\/\/www.spilberk.cz\"><img decoding=\"async\" loading=\"lazy\" class=\"alignleft size-medium wp-image-3675\" src=\"http:\/\/icom-czech.mini.icom.museum\/wp-content\/uploads\/sites\/34\/2020\/07\/muzeum_mesta_brna-300x199.jpg\" alt=\"\" width=\"300\" height=\"199\" srcset=\"https:\/\/icom-czech.mini.icom.museum\/wp-content\/uploads\/sites\/34\/2020\/07\/muzeum_mesta_brna-300x199.jpg 300w, https:\/\/icom-czech.mini.icom.museum\/wp-content\/uploads\/sites\/34\/2020\/07\/muzeum_mesta_brna-768x510.jpg 768w, https:\/\/icom-czech.mini.icom.museum\/wp-content\/uploads\/sites\/34\/2020\/07\/muzeum_mesta_brna.jpg 857w\" sizes=\"(max-width: 300px) 100vw, 300px\" \/><\/a><\/p>\n","protected":false},"excerpt":{"rendered":"<p>The City of Prague Museum Na Po\u0159\u00ed\u010d\u00ed 1554\/52, 186 00 Praha 8 www.muzeumprahy.cz The City of Prague Museum conserves and presents Prague\u2019s history from the earliest times to the present. The Museum administrates a range of monuments including Prague\u2019s spires. It cares for tradition of urban crafts in Ct\u011bnice Ch\u00e2teau\u2019s exposition, or unique examples of [&hellip;]<\/p>\n","protected":false},"author":1,"featured_media":0,"parent":134,"menu_order":7,"comment_status":"closed","ping_status":"closed","template":"","meta":{"footnotes":""},"yst_prominent_words":[],"acf":[],"_links":{"self":[{"href":"https:\/\/icom-czech.mini.icom.museum\/en\/wp-json\/wp\/v2\/pages\/622"}],"collection":[{"href":"https:\/\/icom-czech.mini.icom.museum\/en\/wp-json\/wp\/v2\/pages"}],"about":[{"href":"https:\/\/icom-czech.mini.icom.museum\/en\/wp-json\/wp\/v2\/types\/page"}],"author":[{"embeddable":true,"href":"https:\/\/icom-czech.mini.icom.museum\/en\/wp-json\/wp\/v2\/users\/1"}],"replies":[{"embeddable":true,"href":"https:\/\/icom-czech.mini.icom.museum\/en\/wp-json\/wp\/v2\/comments?post=622"}],"version-history":[{"count":13,"href":"https:\/\/icom-czech.mini.icom.museum\/en\/wp-json\/wp\/v2\/pages\/622\/revisions"}],"predecessor-version":[{"id":4908,"href":"https:\/\/icom-czech.mini.icom.museum\/en\/wp-json\/wp\/v2\/pages\/622\/revisions\/4908"}],"up":[{"embeddable":true,"href":"https:\/\/icom-czech.mini.icom.museum\/en\/wp-json\/wp\/v2\/pages\/134"}],"wp:attachment":[{"href":"https:\/\/icom-czech.mini.icom.museum\/en\/wp-json\/wp\/v2\/media?parent=622"}],"wp:term":[{"taxonomy":"yst_prominent_words","embeddable":true,"href":"https:\/\/icom-czech.mini.icom.museum\/en\/wp-json\/wp\/v2\/yst_prominent_words?post=622"}],"curies":[{"name":"wp","href":"https:\/\/api.w.org\/{rel}","templated":true}]}}