{"id":614,"date":"2019-01-07T15:20:23","date_gmt":"2019-01-07T15:20:23","guid":{"rendered":"http:\/\/icom-czechia.icom.cust.oxymium.net\/clenove\/top-ten\/"},"modified":"2021-06-10T11:28:33","modified_gmt":"2021-06-10T11:28:33","slug":"top-ten","status":"publish","type":"page","link":"https:\/\/icom-czech.mini.icom.museum\/en\/members\/top-ten\/","title":{"rendered":"TOP TEN"},"content":{"rendered":"<p><b>National Museum<\/b><br \/>\nV\u00e1clavsk\u00e9 n\u00e1m\u011bst\u00ed 68, 115 79 Praha 1<br \/>\n<a href=\"http:\/\/www.nm.cz\" target=\"_blank\" rel=\"noopener\">www.nm.cz<\/a><br \/>\nThe National Museum is the largest and third oldest museum in the Czech Republic, having been founded in 1818. The public associates the institution primarily with the monumental Neo-Renaissance Historical Building, the most prominent landmark of Wenceslas Square in Prague. During an extensive reconstruction, it was connected with the equally interesting New Building of the National Museum through a multimedia corridor, giving rise to the unique Museum Complex. From the summer of 2021, visitors have a chance to walk through new modern expositions dedicated to history and nature. But the National Museum is not just this building. As part of its activities, the Museum collects, researches and presents artifacts from scientific, historical and artistic disciplines, which it then exhibits in the 17 buildings it administers or protects in several stand-alone depositories. Its library is the second largest public library in the Czech Republic and its collections contain more than thirteen million objects.<br \/>\n<a href=\"http:\/\/www.nm.cz\"><img decoding=\"async\" loading=\"lazy\" class=\"alignleft size-medium wp-image-5275\" src=\"http:\/\/icom-czech.mini.icom.museum\/wp-content\/uploads\/sites\/34\/2021\/05\/komplex_narodni_muzeum-300x116.jpg\" alt=\"\" width=\"300\" height=\"116\" srcset=\"https:\/\/icom-czech.mini.icom.museum\/wp-content\/uploads\/sites\/34\/2021\/05\/komplex_narodni_muzeum-300x116.jpg 300w, https:\/\/icom-czech.mini.icom.museum\/wp-content\/uploads\/sites\/34\/2021\/05\/komplex_narodni_muzeum-768x297.jpg 768w, https:\/\/icom-czech.mini.icom.museum\/wp-content\/uploads\/sites\/34\/2021\/05\/komplex_narodni_muzeum-1024x397.jpg 1024w, https:\/\/icom-czech.mini.icom.museum\/wp-content\/uploads\/sites\/34\/2021\/05\/komplex_narodni_muzeum.jpg 1921w\" sizes=\"(max-width: 300px) 100vw, 300px\" \/><\/a><\/p>\n<p><b>National Gallery in Prague<\/b><br \/>\nStarom\u011bstsk\u00e9 n\u00e1m\u011bst\u00ed 12, 110 15 Praha 1<br \/>\n<a href=\"http:\/\/www.ngprague.cz\" target=\"_blank\" rel=\"noopener\">www.ngprague.cz<\/a><br \/>\nThe National Gallery in Prague, whose tradition goes back to 1796, is among the oldest world\u2019s public collections of art. Six buildings, precious in terms of architecture, house masterpieces coming from the Central European Middle Ages period, and the masters\u2019 extraordinary pieces of work, ranging from Rubens, Gauguin to Picasso and Asian arts besides creation by the key personalities of the Czech visual arts.<br \/>\n<a href=\"http:\/\/www.ngprague.cz\"><img decoding=\"async\" loading=\"lazy\" class=\"alignleft size-medium wp-image-3681\" src=\"http:\/\/icom-czech.mini.icom.museum\/wp-content\/uploads\/sites\/34\/2020\/07\/narodni_galerie_v_praze-300x177.jpg\" alt=\"\" width=\"300\" height=\"177\" srcset=\"https:\/\/icom-czech.mini.icom.museum\/wp-content\/uploads\/sites\/34\/2020\/07\/narodni_galerie_v_praze-300x177.jpg 300w, https:\/\/icom-czech.mini.icom.museum\/wp-content\/uploads\/sites\/34\/2020\/07\/narodni_galerie_v_praze-768x453.jpg 768w, https:\/\/icom-czech.mini.icom.museum\/wp-content\/uploads\/sites\/34\/2020\/07\/narodni_galerie_v_praze-1024x604.jpg 1024w, https:\/\/icom-czech.mini.icom.museum\/wp-content\/uploads\/sites\/34\/2020\/07\/narodni_galerie_v_praze.jpg 1050w\" sizes=\"(max-width: 300px) 100vw, 300px\" \/><\/a><\/p>\n<p><b>National Open Air Museum<\/b><br \/>\nPalack\u00e9ho 147, 756 61 Ro\u017enov pod Radho\u0161t\u011bm<br \/>\n<a href=\"http:\/\/www.vmp.cz\" target=\"_blank\" rel=\"noopener\">www.vmp.cz<\/a><br \/>\nThe Museum documents, preserves, keeps, and makes public folk architecture, and interprets a way of living in the country over the past 200 years, from the mid-18th century. Opened in Ro\u017enov pod Radho\u0161t\u011bm in relation to the \u201cWallachian Year 1\u201d first held in July 1925, it is one of the oldest open air museums in Europe. It shows the vernacular architecture of the Moravian Wallachia region, both from urban and rural environments; it cares for buildings in Pustevny designed by Du\u0161an Jurkovi\u010d. It makes accessible its open air museums Vesel\u00fd Kopec and Betl\u00e9m Hlinsko. Architecture and folk culture of Han\u00e1 (ethnographic region) is shown in P\u0159\u00edkazy, whereas culture and bonds of native people with the country in the former Sudetenland and its post-war change can be seen in the open air museum in Zubrnice.<br \/>\n<a href=\"http:\/\/www.vmp.cz\"><img decoding=\"async\" loading=\"lazy\" class=\"alignleft size-medium wp-image-3685\" src=\"http:\/\/icom-czech.mini.icom.museum\/wp-content\/uploads\/sites\/34\/2020\/07\/narodni_muzeum_v_prirode-300x111.jpg\" alt=\"\" width=\"300\" height=\"111\" srcset=\"https:\/\/icom-czech.mini.icom.museum\/wp-content\/uploads\/sites\/34\/2020\/07\/narodni_muzeum_v_prirode-300x111.jpg 300w, https:\/\/icom-czech.mini.icom.museum\/wp-content\/uploads\/sites\/34\/2020\/07\/narodni_muzeum_v_prirode-768x284.jpg 768w, https:\/\/icom-czech.mini.icom.museum\/wp-content\/uploads\/sites\/34\/2020\/07\/narodni_muzeum_v_prirode-1024x378.jpg 1024w, https:\/\/icom-czech.mini.icom.museum\/wp-content\/uploads\/sites\/34\/2020\/07\/narodni_muzeum_v_prirode.jpg 1200w\" sizes=\"(max-width: 300px) 100vw, 300px\" \/><\/a><b><\/b><\/p>\n<p><b>National Technical Museum<br \/>\n<\/b>Kosteln\u00ed 1320\/42, 170 78 Praha 7<br \/>\n<a href=\"http:\/\/www.ntm.cz\" target=\"_blank\" rel=\"noopener\">www.ntm.cz<\/a><br \/>\nThe National Technical Museum is the largest Czech institution of its kind. It exhibits collections on fourteen permanent exhibitions and many temporary displays. What belongs to the jewels in the Transport exposition is a racing car Mercedes Benz W154, in which Rudolf Caracciola won the Grand Prix in 1938. The exposition of Astronomy boasts precious exhibits, such as B\u00fcrgi\u2019s sextant used by Johannes Kepler. The Czech assets to science are represented by, e.g. the contact-lenses apparatus in the exposition of Chemistry, which Otto Wichterle used in 1961 for producing the first soft contact lenses.<br \/>\n<a href=\"http:\/\/www.ntm.cz\"><img decoding=\"async\" loading=\"lazy\" class=\"alignleft size-medium wp-image-3687\" src=\"http:\/\/icom-czech.mini.icom.museum\/wp-content\/uploads\/sites\/34\/2020\/07\/narodni_technicke_muzeum-300x199.jpg\" alt=\"\" width=\"300\" height=\"199\" srcset=\"https:\/\/icom-czech.mini.icom.museum\/wp-content\/uploads\/sites\/34\/2020\/07\/narodni_technicke_muzeum-300x199.jpg 300w, https:\/\/icom-czech.mini.icom.museum\/wp-content\/uploads\/sites\/34\/2020\/07\/narodni_technicke_muzeum-768x510.jpg 768w, https:\/\/icom-czech.mini.icom.museum\/wp-content\/uploads\/sites\/34\/2020\/07\/narodni_technicke_muzeum.jpg 903w\" sizes=\"(max-width: 300px) 100vw, 300px\" \/><\/a><\/p>\n<p><b>Moravian Museum<\/b><br \/>\nZeln\u00fd trh 6, 659 37 Brno<br \/>\n<a href=\"http:\/\/www.mzm.cz\" target=\"_blank\" rel=\"noopener\">www.mzm.cz<\/a><br \/>\nThe Moravian Museum is one of the largest and oldest memory institutions in the Central-European space. Established in 1817, it is dedicated to the history of a unique territory, Moravia, whose dwellers created the so-called Venus of Doln\u00ed V\u011bstonice, the first known clay sculpture and the earliest portrait of a woman in the world as early as 25,000 years ago. The figure is now listed as the National Cultural Monument. Among other carefully conserved unique objects is, e.g. the plough that used Maria Theresa\u2019s son, future Emperor Joseph II in 1769, or extensive numismatic, theatre and literature collections. The Museum houses unique nature history collections from around the world.<a href=\"http:\/\/www.mzm.cz\"><img decoding=\"async\" loading=\"lazy\" class=\"alignleft size-medium wp-image-3669\" src=\"http:\/\/icom-czech.mini.icom.museum\/wp-content\/uploads\/sites\/34\/2020\/07\/moravske_zemske_muzeum-300x200.jpg\" alt=\"\" width=\"300\" height=\"200\" srcset=\"https:\/\/icom-czech.mini.icom.museum\/wp-content\/uploads\/sites\/34\/2020\/07\/moravske_zemske_muzeum-300x200.jpg 300w, https:\/\/icom-czech.mini.icom.museum\/wp-content\/uploads\/sites\/34\/2020\/07\/moravske_zemske_muzeum.jpg 693w\" sizes=\"(max-width: 300px) 100vw, 300px\" \/><\/a><\/p>\n<p><b>Moravian Gallery in Brno<\/b><br \/>\nHusova 18, 662 26 Brno<br \/>\n<a href=\"http:\/\/www.moravska-galerie.cz\/\" target=\"_blank\" rel=\"noopener\">www.moravska-galerie.cz<\/a><br \/>\nThe Moravian Gallery in Brno is the second largest art museum in the Czech Republic. It was founded in 1961 after unifying collections from the Moravian Museum of Applied Arts and the Picture Gallery of the Moravian Museum. It operates five buildings: Pra\u017e\u00e1k Palace; the Museum of Applied Arts; Governor\u2019s Palace; Architect Du\u0161an Jurkovi\u010d\u2019s own villa; and Josef Hoffmann\u2019s Natal House in Brtnice, which is the workplace shared with the Museum of Applied Arts (MAK), Vienna. It is the only art museum in our country that perceives fine arts culture in overall, and works with free art coming from the earliest times to the present times, with photograph, applied arts, graphic design and architecture.<br \/>\nVirtual tours, on-line collections, podcasts: #moravskagaleriedoma<br \/>\n<a href=\"http:\/\/www.moravska-galerie.cz\"><img decoding=\"async\" loading=\"lazy\" class=\"alignleft size-medium wp-image-3667\" src=\"http:\/\/icom-czech.mini.icom.museum\/wp-content\/uploads\/sites\/34\/2020\/07\/moravska_galerie-300x200.jpg\" alt=\"\" width=\"300\" height=\"200\" srcset=\"https:\/\/icom-czech.mini.icom.museum\/wp-content\/uploads\/sites\/34\/2020\/07\/moravska_galerie-300x200.jpg 300w, https:\/\/icom-czech.mini.icom.museum\/wp-content\/uploads\/sites\/34\/2020\/07\/moravska_galerie.jpg 723w\" sizes=\"(max-width: 300px) 100vw, 300px\" \/><\/a><\/p>\n<p><b>Museum of Decorative Arts in Prague<br \/>\n<\/b>17. listopadu 2, 110 00 Praha 1<br \/>\n<a href=\"http:\/\/www.upm.cz\" target=\"_blank\" rel=\"noopener\">www.upm.cz<\/a><br \/>\nThe Museum of Decorative Arts in Prague aims to provide visitors with inspiration, insight and experience. Since 2017, it has been expanding the scope of activities in the restored historical building that forms one cultural whole with the concert and exhibition building Rudolfinum; the Academy of Arts, Architecture and Design; and the Faculty of Arts, Charles University, Prague. Rich collections of international importance are vast and unique and contain historical and present art glass, porcelain, textile, fashion, furniture, graphics and photographs. The House of Black Madonna hosts a unique exhibition of Czech Cubism in applied arts and architecture.<br \/>\n<a href=\"http:\/\/www.upm.cz\"><img decoding=\"async\" loading=\"lazy\" class=\"alignleft size-medium wp-image-3709\" src=\"http:\/\/icom-czech.mini.icom.museum\/wp-content\/uploads\/sites\/34\/2020\/07\/umelckoprumyslove_muzeum-300x222.jpg\" alt=\"\" width=\"300\" height=\"222\" srcset=\"https:\/\/icom-czech.mini.icom.museum\/wp-content\/uploads\/sites\/34\/2020\/07\/umelckoprumyslove_muzeum-300x222.jpg 300w, https:\/\/icom-czech.mini.icom.museum\/wp-content\/uploads\/sites\/34\/2020\/07\/umelckoprumyslove_muzeum-768x568.jpg 768w, https:\/\/icom-czech.mini.icom.museum\/wp-content\/uploads\/sites\/34\/2020\/07\/umelckoprumyslove_muzeum-1024x757.jpg 1024w, https:\/\/icom-czech.mini.icom.museum\/wp-content\/uploads\/sites\/34\/2020\/07\/umelckoprumyslove_muzeum.jpg 1052w\" sizes=\"(max-width: 300px) 100vw, 300px\" \/><\/a><\/p>\n<p><b>Olomouc museum of Art<\/b><br \/>\nDenisova 47, 771 11 Olomouc<br \/>\n<a href=\"http:\/\/www.olmuart.cz\" target=\"_blank\" rel=\"noopener\">www.olmuart.cz<\/a><br \/>\nThe Museum of Art in Olomouc was established in 1951. It is housed in three buildings: the Museum of Modern Art, the Olomouc Archdiocesan Museum and the Krom\u011b\u0159\u00ed\u017e Archdiocesan Museum holding collections of ancient, modern and contemporary arts. The Museum boasts a rich collection of fine arts culture of Central Europe, which is to be kept in the Central European Forum Olomouc new building. The collection contains 185 thousand objects. The Olomouc Archdiocesan Museum was awarded the European Heritage Label in 2016.<br \/>\nVirtual tour: https:\/\/artsandculture.google.com\/streetview\/muzeum-um,, MUO \u2013 Google Arts and Culture: https:\/\/artsandculture.google.com\/partner\/muzeum-um%C4%9Bn%C3%AD-olomouc-olomouc-museum-of-art,, for the most valuable artwork in the Museum\u2019s collections go on www.muo.cz; the Museum\u2019s project Central European Art Database (CEAD) aiming to build up a dynamic on-line database of fine arts and culture of post-war Central Europe: http:\/\/cead.space\/, podcasts http:\/\/muo.cz\/podcast-muzea-umeni-olomouc\/, videos: https:\/\/www.youtube.com\/user\/muzeumumeniolomouc, educational programmes: http:\/\/muo.cz\/budte-v-kontaktu\/inspirujte-se-s-nasimi-edukatory-a-tvorte-doma-s-detmi\u20133306\/<br \/>\n<a href=\"http:\/\/www.olmuart.cz\"><img decoding=\"async\" loading=\"lazy\" class=\"alignleft size-medium wp-image-3677\" src=\"http:\/\/icom-czech.mini.icom.museum\/wp-content\/uploads\/sites\/34\/2020\/07\/muzeum_umeni_olomouc-200x300.jpg\" alt=\"\" width=\"200\" height=\"300\" srcset=\"https:\/\/icom-czech.mini.icom.museum\/wp-content\/uploads\/sites\/34\/2020\/07\/muzeum_umeni_olomouc-200x300.jpg 200w, https:\/\/icom-czech.mini.icom.museum\/wp-content\/uploads\/sites\/34\/2020\/07\/muzeum_umeni_olomouc.jpg 496w\" sizes=\"(max-width: 200px) 100vw, 200px\" \/><\/a><\/p>\n<p><b>Silesian Museum<\/b><br \/>\nN\u00e1dra\u017en\u00ed okruh 31, 746 01 Opava<br \/>\n<a href=\"http:\/\/www.szm.cz\" target=\"_blank\" rel=\"noopener\">www.szm.cz<\/a><br \/>\nThe Silesian Museum in Opava opens an imaginary gate to Silesia. The Museum houses exhibits ranging from living creatures or inanimate nature, prehistory, history to art history. Founded in 1814, it is the oldest public museum on the territory of today\u2019s Czech Republic. It administers six museum buildings and complexes. The land Silesia itself is presented in the Historic Exhibition Building in Opava. Topics, such as defense or military science, are covered in expositions situated in the Hlu\u010d\u00edn-Darkovi\u010dky Czechoslovak Fortification Complex and the World War II Memorial in Hrabyn\u011b. An extensive collection of plants is grown in the Nov\u00fd Dv\u016fr Arboretum in St\u011bbo\u0159ice. Literature is on display in the Petr Bezru\u010d Memorial in Opava and the Petr Bezru\u010d Chalet in Ostravice.<br \/>\n<a href=\"http:\/\/www.szm.cz\"><img decoding=\"async\" loading=\"lazy\" class=\"alignleft size-medium wp-image-3703\" src=\"http:\/\/icom-czech.mini.icom.museum\/wp-content\/uploads\/sites\/34\/2020\/07\/slezske_zemske_muzeum-300x246.jpg\" alt=\"\" width=\"300\" height=\"246\" srcset=\"https:\/\/icom-czech.mini.icom.museum\/wp-content\/uploads\/sites\/34\/2020\/07\/slezske_zemske_muzeum-300x246.jpg 300w, https:\/\/icom-czech.mini.icom.museum\/wp-content\/uploads\/sites\/34\/2020\/07\/slezske_zemske_muzeum.jpg 720w\" sizes=\"(max-width: 300px) 100vw, 300px\" \/><\/a><\/p>\n<p><b>Jewish Museum in Prague<br \/>\n<\/b>U Star\u00e9 \u0161koly 141\/1, 110 00 Praha 1<br \/>\n<a href=\"http:\/\/www.jewishmuseum.cz\" target=\"_blank\" rel=\"noopener\">www.jewishmuseum.cz<\/a><br \/>\nFounded in 1906, the Jewish Museum in Prague is one of the oldest of its kind in Europe. Its collection was taken over during the war by the Prague Jewish community, which initiated the establishment of the so-called Jewish Central Museum. Although Nazis approved the project, other intentions were behind that. After the Communist coup d\u2019\u00e9tat, the Museum was nationalized in 1950. In October 1994 the Museum buildings and collections were returned to the Jewish community and the Jewish Museum in Prague was established as a non-governmental institution dedicated to the cultural history of Czech and Moravian Jews. As such, it is developing rich exhibition, professional, educational, publishing, and cultural activities.<br \/>\n<a href=\"http:\/\/www.jewishmuseum.cz\"><img decoding=\"async\" loading=\"lazy\" class=\"alignleft size-medium wp-image-3715\" src=\"http:\/\/icom-czech.mini.icom.museum\/wp-content\/uploads\/sites\/34\/2020\/07\/zidovske_muzeum_v_praze-300x290.jpg\" alt=\"\" width=\"300\" height=\"290\" srcset=\"https:\/\/icom-czech.mini.icom.museum\/wp-content\/uploads\/sites\/34\/2020\/07\/zidovske_muzeum_v_praze-300x290.jpg 300w, https:\/\/icom-czech.mini.icom.museum\/wp-content\/uploads\/sites\/34\/2020\/07\/zidovske_muzeum_v_praze-768x741.jpg 768w, https:\/\/icom-czech.mini.icom.museum\/wp-content\/uploads\/sites\/34\/2020\/07\/zidovske_muzeum_v_praze.jpg 800w\" sizes=\"(max-width: 300px) 100vw, 300px\" \/><\/a><\/p>\n<p><b>National Pedagogical Museum and Library of J. A. Comenius<\/b><br \/>\nVald\u0161tejnsk\u00e1 161\/20, 118 00 Praha 1<br \/>\n<a href=\"http:\/\/www.npmk.cz\">www.npmk.cz<\/a><br \/>\n<a href=\"http:\/\/www.comenius350.cz\">www.comenius350.cz<\/a><br \/>\nThe Museum was established in 1892 thanks to Czech teachers as expression of efforts to preserve and document historical traditions of Czech education, pedagogy and the legacy of John Amos Comenius. Since 2011, a library has been part of the institution whose collection consists of nearly half a million volumes \u2013 books (especially textbooks), periodicals, audio documents, electronic documents and maps. Between 2020 and 2022, the Museum coordinates the National Celebrations of the Anniversary of John A. Comenius, which includes the campaign \u2018Comenius to Classes!\u2019.<br \/>\n<a href=\"http:\/\/www.npmk.cz\"><img decoding=\"async\" loading=\"lazy\" class=\"alignleft size-medium wp-image-4308\" src=\"http:\/\/icom-czech.mini.icom.museum\/wp-content\/uploads\/sites\/34\/2020\/09\/narodni_pedagogicke_muzeum_a_knihovna_j_a_komenskeho-199x300.jpg\" alt=\"\" width=\"199\" height=\"300\" srcset=\"https:\/\/icom-czech.mini.icom.museum\/wp-content\/uploads\/sites\/34\/2020\/09\/narodni_pedagogicke_muzeum_a_knihovna_j_a_komenskeho-199x300.jpg 199w, https:\/\/icom-czech.mini.icom.museum\/wp-content\/uploads\/sites\/34\/2020\/09\/narodni_pedagogicke_muzeum_a_knihovna_j_a_komenskeho-678x1024.jpg 678w, https:\/\/icom-czech.mini.icom.museum\/wp-content\/uploads\/sites\/34\/2020\/09\/narodni_pedagogicke_muzeum_a_knihovna_j_a_komenskeho.jpg 747w\" sizes=\"(max-width: 199px) 100vw, 199px\" \/><\/a><\/p>\n","protected":false},"excerpt":{"rendered":"<p>National Museum V\u00e1clavsk\u00e9 n\u00e1m\u011bst\u00ed 68, 115 79 Praha 1 www.nm.cz The National Museum is the largest and third oldest museum in the Czech Republic, having been founded in 1818. The public associates the institution primarily with the monumental Neo-Renaissance Historical Building, the most prominent landmark of Wenceslas Square in Prague. During an extensive reconstruction, it [&hellip;]<\/p>\n","protected":false},"author":1,"featured_media":0,"parent":134,"menu_order":2,"comment_status":"closed","ping_status":"closed","template":"","meta":{"footnotes":""},"yst_prominent_words":[],"acf":[],"_links":{"self":[{"href":"https:\/\/icom-czech.mini.icom.museum\/en\/wp-json\/wp\/v2\/pages\/614"}],"collection":[{"href":"https:\/\/icom-czech.mini.icom.museum\/en\/wp-json\/wp\/v2\/pages"}],"about":[{"href":"https:\/\/icom-czech.mini.icom.museum\/en\/wp-json\/wp\/v2\/types\/page"}],"author":[{"embeddable":true,"href":"https:\/\/icom-czech.mini.icom.museum\/en\/wp-json\/wp\/v2\/users\/1"}],"replies":[{"embeddable":true,"href":"https:\/\/icom-czech.mini.icom.museum\/en\/wp-json\/wp\/v2\/comments?post=614"}],"version-history":[{"count":24,"href":"https:\/\/icom-czech.mini.icom.museum\/en\/wp-json\/wp\/v2\/pages\/614\/revisions"}],"predecessor-version":[{"id":5360,"href":"https:\/\/icom-czech.mini.icom.museum\/en\/wp-json\/wp\/v2\/pages\/614\/revisions\/5360"}],"up":[{"embeddable":true,"href":"https:\/\/icom-czech.mini.icom.museum\/en\/wp-json\/wp\/v2\/pages\/134"}],"wp:attachment":[{"href":"https:\/\/icom-czech.mini.icom.museum\/en\/wp-json\/wp\/v2\/media?parent=614"}],"wp:term":[{"taxonomy":"yst_prominent_words","embeddable":true,"href":"https:\/\/icom-czech.mini.icom.museum\/en\/wp-json\/wp\/v2\/yst_prominent_words?post=614"}],"curies":[{"name":"wp","href":"https:\/\/api.w.org\/{rel}","templated":true}]}}