{"id":4487,"date":"2020-10-27T14:04:03","date_gmt":"2020-10-27T14:04:03","guid":{"rendered":"http:\/\/icom-czech.mini.icom.museum\/icom-prague-2022\/pripravne-mezinarodni-symposium-2021\/"},"modified":"2021-07-21T16:15:17","modified_gmt":"2021-07-21T16:15:17","slug":"pripravne-mezinarodni-symposium-2021","status":"publish","type":"page","link":"https:\/\/icom-czech.mini.icom.museum\/en\/pripravne-mezinarodni-symposium-2021\/","title":{"rendered":"Mezin\u00e1rodn\u00ed sympozium ICOM 2021"},"content":{"rendered":"<h3><strong>Mezin\u00e1rodn\u00ed sympozium 2021<\/strong><\/h3>\n<p><a href=\"http:\/\/icom-czech.mini.icom.museum\/wp-content\/uploads\/sites\/34\/2021\/06\/ICOM2021_ban800x600cz.jpg\"><img decoding=\"async\" loading=\"lazy\" class=\"alignleft size-medium wp-image-5421\" src=\"http:\/\/icom-czech.mini.icom.museum\/wp-content\/uploads\/sites\/34\/2021\/06\/ICOM2021_ban800x600cz-300x225.jpg\" alt=\"\" width=\"300\" height=\"225\" srcset=\"https:\/\/icom-czech.mini.icom.museum\/wp-content\/uploads\/sites\/34\/2021\/06\/ICOM2021_ban800x600cz-300x225.jpg 300w, https:\/\/icom-czech.mini.icom.museum\/wp-content\/uploads\/sites\/34\/2021\/06\/ICOM2021_ban800x600cz-768x576.jpg 768w, https:\/\/icom-czech.mini.icom.museum\/wp-content\/uploads\/sites\/34\/2021\/06\/ICOM2021_ban800x600cz.jpg 800w\" sizes=\"(max-width: 300px) 100vw, 300px\" \/><\/a><\/p>\n<p><strong>25. \u2013 27. 8. 2021<\/strong><\/p>\n<p>Sou\u010d\u00e1st\u00ed p\u0159\u00edprav 26. gener\u00e1ln\u00ed konference ICOM je Mezin\u00e1rodn\u00ed sympozium 2021.<\/p>\n<p>P\u0159edstav\u00ed t\u00e9ma konference \u201eS\u00edla muze\u00ed\u201c rozd\u011blen\u00e9 do \u010dty\u0159 podt\u00e9mat:<\/p>\n<p><strong>\u00a0\u00a0\u00a0\u00a0\u00a0\u00a0\u00a0\u00a0\u00a0\u00a0\u00a0\u00a0\u00a0\u00a0\u00a0 Muzea a ob\u010dansk\u00e1 spole\u010dnost<\/strong><\/p>\n<p><strong>\u00a0\u00a0\u00a0\u00a0\u00a0\u00a0\u00a0\u00a0\u00a0\u00a0\u00a0\u00a0\u00a0\u00a0\u00a0 Udr\u017eitelnost a schopnost p\u0159ekon\u00e1vat krize<\/strong><\/p>\n<p><strong>\u00a0\u00a0\u00a0\u00a0\u00a0\u00a0\u00a0\u00a0\u00a0\u00a0\u00a0\u00a0\u00a0\u00a0\u00a0 Muzejn\u00ed leadership<\/strong><\/p>\n<p><strong>\u00a0\u00a0\u00a0\u00a0\u00a0\u00a0\u00a0\u00a0\u00a0\u00a0\u00a0\u00a0\u00a0\u00a0\u00a0 Muzea a nov\u00e9 technologie<\/strong><\/p>\n<p>Pozornost budeme v\u011bnovat procesu p\u0159\u00edprav nov\u00e9 <strong>Definice muzea ICOM. <\/strong>Prezentov\u00e1no bude t\u00e9ma <strong>udr\u017eiteln\u00e9ho rozvoje<\/strong>, kter\u00e9 pat\u0159\u00ed k\u00a0d\u016fle\u017eit\u00fdm ot\u00e1zk\u00e1m sou\u010dasnosti.<\/p>\n<p>Ka\u017ed\u00e9 t\u00e9ma p\u0159edstav\u00ed dva p\u0159\u00edsp\u011bvky. Jeden bude prezentov\u00e1n \u0159e\u010dn\u00edkem z\u00a0\u010cesk\u00e9 republiky a jeden \u0159e\u010dn\u00edkem ze zahrani\u010d\u00ed.<\/p>\n<p>Na Mezin\u00e1rodn\u00ed sympozium tradi\u010dn\u011b navazuje Inspek\u010dn\u00ed cesta, b\u011bhem kter\u00e9 p\u0159edsedov\u00e9 Mezin\u00e1rodn\u00edch v\u00fdbor\u016f ICOM, z\u00e1stupci V\u00fdkonn\u00e9ho v\u00fdboru ICOM a Sekretari\u00e1tu ICOM nav\u0161t\u00edv\u00ed a sezn\u00e1m\u00ed se s\u00a0Kongresov\u00fdm centrem Praha a vybran\u00fdmi pra\u017esk\u00fdmi muzei, ve kter\u00fdch se budou odehr\u00e1vat hlavn\u00ed \u010d\u00e1sti programu, jako je slavnostn\u00ed zah\u00e1jen\u00ed anebo Off-site meetings.<\/p>\n<p>&nbsp;<\/p>\n<h3><strong>Mezin\u00e1rodn\u00ed sympozium bude m\u00edt hybridn\u00ed form\u00e1t a bude dostupn\u00e9 i pro vzd\u00e1len\u00e9 \u00fa\u010dastn\u00edky prost\u0159ednictv\u00edm online konferen\u010dn\u00ed platformy gCON. <\/strong><\/h3>\n<p><strong>V\u016fbec poprv\u00e9 v historii prob\u011bhne p\u0159\u00edpravn\u00e9 sympozium pro Gener\u00e1ln\u00ed konferenci v tomto form\u00e1tu, kter\u00fd je maxim\u00e1ln\u011b inkluzivn\u00ed a p\u0159\u00edstupn\u00fd \u00fapln\u011b ka\u017ed\u00e9mu \u010dlenovi ICOM.\u00a0\u00a0<\/strong><strong>Pro online \u00fa\u010dast se registrujte ZDE: <a href=\"http:\/\/icomprague2021.gcon.me\">icomprague2021.gcon.me<\/a>\u00a0<\/strong><\/p>\n<p>&nbsp;<\/p>\n<h3><strong>Pro fyzickou \u00fa\u010dast se registrujte na emailu <\/strong><a href=\"mailto:info@icom-czechia.cz\"><strong>info@icom-czechia.cz<\/strong><\/a><strong>, kam po\u0161lete vypln\u011bn\u00fd <a href=\"http:\/\/icom-czech.mini.icom.museum\/wp-content\/uploads\/sites\/34\/2021\/06\/2021_ICOM-Prague_sympozium_registracni-formular.pdf\">registra\u010dn\u00ed formul\u00e1\u0159 ZDE (p\u0159episovateln\u00e9 .pdf)<\/a>.<\/strong><\/h3>\n<p>B\u011bhem Mezin\u00e1rodn\u00edho sympozia bude zaji\u0161t\u011bn p\u0159eklad do \u010desk\u00e9ho jazyka a do anglick\u00e9ho jazyka.<\/p>\n<p>&nbsp;<\/p>\n<h3><strong>PROGRAM:<\/strong><\/h3>\n<h4><strong>25. 8. 2021: Zah\u00e1jen\u00ed <\/strong><\/h4>\n<p>18.00\u201322.00 <strong>(nen\u00ed dostupn\u00e9 online)<\/strong><br \/>\nSlavnostn\u00ed p\u0159iv\u00edt\u00e1n\u00ed a zah\u00e1jen\u00ed Mezin\u00e1rodn\u00edho sympozia 2021 v\u00a0Prim\u00e1torsk\u00e9 rezidenci prim\u00e1tora hl. m. Prahy<\/p>\n<h4><strong>26. 8. 2021: Odborn\u00fd program<\/strong><\/h4>\n<p style=\"padding-left: 40px\">10.00\u201310.15<\/p>\n<p><strong>Slavnostn\u00ed zah\u00e1jen\u00ed odborn\u00fdch panel\u016f v N\u00e1rodn\u00edm muzeu<\/strong><\/p>\n<p style=\"padding-left: 40px\">10.15\u201310.45<\/p>\n<p><strong>Muzea a ob\u010dansk\u00e1 spole\u010dnost<\/strong><\/p>\n<p>Marek Pokorn\u00fd (CZ)<br \/>\nMarcelo M. Araujo (BR)<\/p>\n<p style=\"padding-left: 40px\">10.45\u201311.15<\/p>\n<p><strong>Udr\u017eitelnost a schopnost p\u0159ekon\u00e1vat krize<\/strong><\/p>\n<p>Tom\u00e1\u0161 Sedl\u00e1\u010dek (CZ)<br \/>\nTomoko Steen (JP\/US)<\/p>\n<p style=\"padding-left: 40px\">11.15\u201311.45<\/p>\n<p><strong>Muzejn\u00ed leadership<\/strong><\/p>\n<p>Marek Prok\u016fpek (CZ)<br \/>\nMaria Vlachou (PT)<\/p>\n<p style=\"padding-left: 40px\">11.45\u201312.15<\/p>\n<p><strong>Muzea a nov\u00e9 technologie<\/strong><\/p>\n<p>William Lobkowicz (CZ)<br \/>\nCatherine Devine (USA)<\/p>\n<p style=\"padding-left: 40px\">12.15\u201312.30<\/p>\n<p><strong>Diskuze<\/strong><\/p>\n<p style=\"padding-left: 40px\">12.30\u201314.00<\/p>\n<p><strong>P\u0159est\u00e1vka<\/strong><\/p>\n<p style=\"padding-left: 40px\">14.00\u201315.30<\/p>\n<p><strong>P\u0159edstaven\u00ed a vysv\u011btlen\u00ed hybridn\u00edho form\u00e1tu 26. gener\u00e1ln\u00ed konference ICOM a p\u0159edstaven\u00ed konferen\u010dn\u00ed online platformy gCON<\/strong><\/p>\n<p style=\"padding-left: 40px\">15.30\u201316.00<\/p>\n<p><strong>Panel k sou\u010dasn\u00e9mu stavu hled\u00e1n\u00ed nov\u00e9 Definice muze\u00ed ICOM<\/strong><\/p>\n<p>Lucie Jago\u0161ov\u00e1 + Otakar Kirsch (CZ)<br \/>\nLauran Bonnila-Merchav (CR) + Bruno Brulon Soares (BR)<\/p>\n<p style=\"padding-left: 40px\">16.00\u201316.15<\/p>\n<p><strong>P\u0159\u00edsp\u011bvek k pr\u00e1ci ICOM v oblasti udr\u017eiteln\u00e9ho rozvoje<\/strong><\/p>\n<p>Morien Rees (NO)<\/p>\n<p style=\"padding-left: 40px\">16.15\u201316.30<\/p>\n<p><strong>P\u0159edstaven\u00ed Strategick\u00e9ho pl\u00e1nu rozvoje ICOM 2022\u20132028<\/strong><\/p>\n<p style=\"padding-left: 40px\">16.30\u201316.45<\/p>\n<p><strong>Diskuze<\/strong><\/p>\n<p style=\"padding-left: 40px\">16.45\u201317.00<\/p>\n<p><strong>Slavnostn\u00ed zakon\u010den\u00ed<\/strong><\/p>\n<p style=\"padding-left: 40px\">17.30\u201318.30 <strong>(nen\u00ed dostupn\u00e9 online)<\/strong><\/p>\n<p><strong>Komentovan\u00e1 prohl\u00eddka N\u00e1rodn\u00edho muzea <\/strong><\/p>\n<h4><strong>27. 8. 2021: Inspek\u010dn\u00ed cesta p\u0159ed 26. gener\u00e1ln\u00ed konferenc\u00ed<\/strong><\/h4>\n<p style=\"padding-left: 40px\">9.00\u201314.00 <strong>(nen\u00ed dostupn\u00e9 online)<\/strong><\/p>\n<p><strong>Kongresov\u00e9 centrum Praha, Um\u011bleckopr\u016fmyslov\u00e9 museum v\u00a0Praze, \u017didovsk\u00e9 muzeum v\u00a0Praze, N\u00e1rodn\u00ed galerie Praha, N\u00e1rodn\u00ed technick\u00e9 muzeum, N\u00e1rodn\u00ed zem\u011bd\u011blsk\u00e9 muzeum<\/strong><\/p>\n<p style=\"padding-left: 40px\">14.00\u201315.00<\/p>\n<p><strong>\u201eHodina na ot\u00e1zky\u201c \u2013 prostor pro ot\u00e1zky v\u0161ech \u00fa\u010dastn\u00edk\u016f<\/strong><\/p>\n<p>&nbsp;<\/p>\n<p>D\u011bkujeme za podporu:<\/p>\n<p>Ministerstvo kultury, Hlavn\u00ed m\u011bsto Praha<\/p>\n<p>N\u00e1rodn\u00ed muzeum, N\u00e1rodn\u00ed technick\u00e9 muzeum, N\u00e1rodn\u00ed zem\u011bd\u011blsk\u00e9 muzeum, N\u00e1rodn\u00ed galerie Praha, Um\u011bleckopr\u016fmyslov\u00e9 museum v Praze, \u017didovsk\u00e9 muzeum v Praze<\/p>\n","protected":false},"excerpt":{"rendered":"<p>Mezin\u00e1rodn\u00ed sympozium 2021 25. \u2013 27. 8. 2021 Sou\u010d\u00e1st\u00ed p\u0159\u00edprav 26. gener\u00e1ln\u00ed konference ICOM je Mezin\u00e1rodn\u00ed sympozium 2021. P\u0159edstav\u00ed t\u00e9ma konference \u201eS\u00edla muze\u00ed\u201c rozd\u011blen\u00e9 do \u010dty\u0159 podt\u00e9mat: \u00a0\u00a0\u00a0\u00a0\u00a0\u00a0\u00a0\u00a0\u00a0\u00a0\u00a0\u00a0\u00a0\u00a0\u00a0 Muzea a ob\u010dansk\u00e1 spole\u010dnost \u00a0\u00a0\u00a0\u00a0\u00a0\u00a0\u00a0\u00a0\u00a0\u00a0\u00a0\u00a0\u00a0\u00a0\u00a0 Udr\u017eitelnost a schopnost p\u0159ekon\u00e1vat krize \u00a0\u00a0\u00a0\u00a0\u00a0\u00a0\u00a0\u00a0\u00a0\u00a0\u00a0\u00a0\u00a0\u00a0\u00a0 Muzejn\u00ed leadership \u00a0\u00a0\u00a0\u00a0\u00a0\u00a0\u00a0\u00a0\u00a0\u00a0\u00a0\u00a0\u00a0\u00a0\u00a0 Muzea a nov\u00e9 technologie Pozornost budeme v\u011bnovat procesu p\u0159\u00edprav nov\u00e9 Definice muzea ICOM. [&hellip;]<\/p>\n","protected":false},"author":76,"featured_media":0,"parent":0,"menu_order":0,"comment_status":"closed","ping_status":"closed","template":"","meta":{"footnotes":""},"yst_prominent_words":[],"acf":[],"_links":{"self":[{"href":"https:\/\/icom-czech.mini.icom.museum\/en\/wp-json\/wp\/v2\/pages\/4487"}],"collection":[{"href":"https:\/\/icom-czech.mini.icom.museum\/en\/wp-json\/wp\/v2\/pages"}],"about":[{"href":"https:\/\/icom-czech.mini.icom.museum\/en\/wp-json\/wp\/v2\/types\/page"}],"author":[{"embeddable":true,"href":"https:\/\/icom-czech.mini.icom.museum\/en\/wp-json\/wp\/v2\/users\/76"}],"replies":[{"embeddable":true,"href":"https:\/\/icom-czech.mini.icom.museum\/en\/wp-json\/wp\/v2\/comments?post=4487"}],"version-history":[{"count":11,"href":"https:\/\/icom-czech.mini.icom.museum\/en\/wp-json\/wp\/v2\/pages\/4487\/revisions"}],"predecessor-version":[{"id":5461,"href":"https:\/\/icom-czech.mini.icom.museum\/en\/wp-json\/wp\/v2\/pages\/4487\/revisions\/5461"}],"wp:attachment":[{"href":"https:\/\/icom-czech.mini.icom.museum\/en\/wp-json\/wp\/v2\/media?parent=4487"}],"wp:term":[{"taxonomy":"yst_prominent_words","embeddable":true,"href":"https:\/\/icom-czech.mini.icom.museum\/en\/wp-json\/wp\/v2\/yst_prominent_words?post=4487"}],"curies":[{"name":"wp","href":"https:\/\/api.w.org\/{rel}","templated":true}]}}