{"id":3622,"date":"2020-06-22T11:31:23","date_gmt":"2020-06-22T11:31:23","guid":{"rendered":"http:\/\/icom-czech.mini.icom.museum\/?page_id=3622"},"modified":"2020-06-22T11:34:45","modified_gmt":"2020-06-22T11:34:45","slug":"graphic-concept-for-general-conference-prague-2022","status":"publish","type":"page","link":"https:\/\/icom-czech.mini.icom.museum\/en\/graphic-concept-for-general-conference-prague-2022\/","title":{"rendered":"Graphic concept"},"content":{"rendered":"<p>We would like to present a graphic concept for the General Conference ICOM Prague 2022.<\/p>\n<p>For the needs of visual communication, a unique conference logo was created, which hides many meanings. You can assign a specific meaning to each letter.<\/p>\n<p>\u201cI\u201d refers to the ICOM logo, which is used worldwide,this letter that connects the long line of ICOM\u2019s existence and the unique moment of the General Conference.<\/p>\n<p>\u201cC\u201d is a reference to the present.<\/p>\n<p>\u201cO\u201d can be read as a reference to the unique Czech cubism, the floor plan of the Hv\u011bzda summer house, or the shape of the benzene core (yes, our museums also deal with chemistry\u00a0\ud83d\ude0a).<\/p>\n<p>\u201cM\u201d refers to mobility, which is an important part of the museum\u2019s existence, it marks the paths that our visitors follow to us, just like us, when we meet each other at professional events such as the ICOM general conference.<\/p>\n<p>However, we did not limit the graphic concept to the logo only, but we wanted to present the most important thing that museums take care of \u2013 collection items. The iconic shapes of the Venus of V\u011bstonice, Thonet or Cubist chairs, Libu\u0161e Niklov\u00e1\u2019s whistling cat, Sokol planes and other objects were converted into colored silhouettes, which will be composed according to current needs. Museums from all over the world will get acquainted with the shapes of unique objects from our collections and, while attending the general conference in Prague in 2022, they will see real objects.<\/p>\n<p>The author of the graphic concept is the COLMO studio.<\/p>\n<p>We discussed the graphic concept with the staff of the General Secretariat of ICOM and it was approved by the members of the ICOM Bureau, who evaluated it very positively, as progressive, helpful, playful, easy to remember, very museum.<\/p>\n<p><a href=\"http:\/\/icom-czech.mini.icom.museum\/wp-content\/uploads\/sites\/34\/2020\/06\/ICOM_PRAGUE_2022_branding_concept_web.pdf\">You can view the entire graphic concept HERE.<\/a><\/p>\n<p>We hope that you will like the logo and the entire visual concept as we do.<\/p>\n<p>Have a nice day.<\/p>\n<p>ICOM Czech republic Board<\/p>\n<p><a href=\"http:\/\/icom-czech.mini.icom.museum\/wp-content\/uploads\/sites\/34\/2020\/06\/main_logo.jpg\"><img decoding=\"async\" loading=\"lazy\" class=\"alignnone wp-image-3586 size-medium\" src=\"http:\/\/icom-czech.mini.icom.museum\/wp-content\/uploads\/sites\/34\/2020\/06\/main_logo-300x205.jpg\" sizes=\"(max-width: 300px) 100vw, 300px\" srcset=\"http:\/\/icom-czech.mini.icom.museum\/wp-content\/uploads\/sites\/34\/2020\/06\/main_logo-300x205.jpg 300w, http:\/\/icom-czech.mini.icom.museum\/wp-content\/uploads\/sites\/34\/2020\/06\/main_logo-768x524.jpg 768w, http:\/\/icom-czech.mini.icom.museum\/wp-content\/uploads\/sites\/34\/2020\/06\/main_logo-1024x698.jpg 1024w, http:\/\/icom-czech.mini.icom.museum\/wp-content\/uploads\/sites\/34\/2020\/06\/main_logo.jpg 1069w\" alt=\"\" width=\"300\" height=\"205\" \/><\/a>\u00a0<a href=\"http:\/\/icom-czech.mini.icom.museum\/wp-content\/uploads\/sites\/34\/2020\/06\/vizual_01.jpg\"><img decoding=\"async\" loading=\"lazy\" class=\"alignnone wp-image-3588 size-medium\" src=\"http:\/\/icom-czech.mini.icom.museum\/wp-content\/uploads\/sites\/34\/2020\/06\/vizual_01-300x212.jpg\" sizes=\"(max-width: 300px) 100vw, 300px\" srcset=\"http:\/\/icom-czech.mini.icom.museum\/wp-content\/uploads\/sites\/34\/2020\/06\/vizual_01-300x212.jpg 300w, http:\/\/icom-czech.mini.icom.museum\/wp-content\/uploads\/sites\/34\/2020\/06\/vizual_01-768x544.jpg 768w, http:\/\/icom-czech.mini.icom.museum\/wp-content\/uploads\/sites\/34\/2020\/06\/vizual_01.jpg 911w\" alt=\"\" width=\"300\" height=\"212\" \/><\/a>\u00a0<a href=\"http:\/\/icom-czech.mini.icom.museum\/wp-content\/uploads\/sites\/34\/2020\/06\/vizual_02.jpg\"><img decoding=\"async\" loading=\"lazy\" class=\"alignnone wp-image-3590 size-medium\" src=\"http:\/\/icom-czech.mini.icom.museum\/wp-content\/uploads\/sites\/34\/2020\/06\/vizual_02-300x212.jpg\" sizes=\"(max-width: 300px) 100vw, 300px\" srcset=\"http:\/\/icom-czech.mini.icom.museum\/wp-content\/uploads\/sites\/34\/2020\/06\/vizual_02-300x212.jpg 300w, http:\/\/icom-czech.mini.icom.museum\/wp-content\/uploads\/sites\/34\/2020\/06\/vizual_02-768x542.jpg 768w, http:\/\/icom-czech.mini.icom.museum\/wp-content\/uploads\/sites\/34\/2020\/06\/vizual_02.jpg 912w\" alt=\"\" width=\"300\" height=\"212\" \/><\/a>\u00a0<a href=\"http:\/\/icom-czech.mini.icom.museum\/wp-content\/uploads\/sites\/34\/2020\/06\/vizual_03.jpg\"><img decoding=\"async\" loading=\"lazy\" class=\"alignnone wp-image-3592 size-medium\" src=\"http:\/\/icom-czech.mini.icom.museum\/wp-content\/uploads\/sites\/34\/2020\/06\/vizual_03-300x212.jpg\" sizes=\"(max-width: 300px) 100vw, 300px\" srcset=\"http:\/\/icom-czech.mini.icom.museum\/wp-content\/uploads\/sites\/34\/2020\/06\/vizual_03-300x212.jpg 300w, http:\/\/icom-czech.mini.icom.museum\/wp-content\/uploads\/sites\/34\/2020\/06\/vizual_03-768x543.jpg 768w, http:\/\/icom-czech.mini.icom.museum\/wp-content\/uploads\/sites\/34\/2020\/06\/vizual_03.jpg 911w\" alt=\"\" width=\"300\" height=\"212\" \/><\/a>\u00a0<a href=\"http:\/\/icom-czech.mini.icom.museum\/wp-content\/uploads\/sites\/34\/2020\/06\/vizual_04.jpg\"><img decoding=\"async\" loading=\"lazy\" class=\"alignnone wp-image-3594 size-medium\" src=\"http:\/\/icom-czech.mini.icom.museum\/wp-content\/uploads\/sites\/34\/2020\/06\/vizual_04-300x212.jpg\" sizes=\"(max-width: 300px) 100vw, 300px\" srcset=\"http:\/\/icom-czech.mini.icom.museum\/wp-content\/uploads\/sites\/34\/2020\/06\/vizual_04-300x212.jpg 300w, http:\/\/icom-czech.mini.icom.museum\/wp-content\/uploads\/sites\/34\/2020\/06\/vizual_04-768x544.jpg 768w, http:\/\/icom-czech.mini.icom.museum\/wp-content\/uploads\/sites\/34\/2020\/06\/vizual_04.jpg 910w\" alt=\"\" width=\"300\" height=\"212\" \/><\/a>\u00a0<a href=\"http:\/\/icom-czech.mini.icom.museum\/wp-content\/uploads\/sites\/34\/2020\/06\/vizual_05.jpg\"><img decoding=\"async\" loading=\"lazy\" class=\"alignnone wp-image-3597 size-medium\" src=\"http:\/\/icom-czech.mini.icom.museum\/wp-content\/uploads\/sites\/34\/2020\/06\/vizual_05-300x211.jpg\" sizes=\"(max-width: 300px) 100vw, 300px\" srcset=\"http:\/\/icom-czech.mini.icom.museum\/wp-content\/uploads\/sites\/34\/2020\/06\/vizual_05-300x211.jpg 300w, http:\/\/icom-czech.mini.icom.museum\/wp-content\/uploads\/sites\/34\/2020\/06\/vizual_05-768x541.jpg 768w, http:\/\/icom-czech.mini.icom.museum\/wp-content\/uploads\/sites\/34\/2020\/06\/vizual_05.jpg 911w\" alt=\"\" width=\"300\" height=\"211\" \/><\/a>\u00a0<a href=\"http:\/\/icom-czech.mini.icom.museum\/wp-content\/uploads\/sites\/34\/2020\/06\/vizual_06.jpg\"><img decoding=\"async\" loading=\"lazy\" class=\"alignnone wp-image-3599 size-medium\" src=\"http:\/\/icom-czech.mini.icom.museum\/wp-content\/uploads\/sites\/34\/2020\/06\/vizual_06-300x212.jpg\" sizes=\"(max-width: 300px) 100vw, 300px\" srcset=\"http:\/\/icom-czech.mini.icom.museum\/wp-content\/uploads\/sites\/34\/2020\/06\/vizual_06-300x212.jpg 300w, http:\/\/icom-czech.mini.icom.museum\/wp-content\/uploads\/sites\/34\/2020\/06\/vizual_06-768x544.jpg 768w, http:\/\/icom-czech.mini.icom.museum\/wp-content\/uploads\/sites\/34\/2020\/06\/vizual_06.jpg 911w\" alt=\"\" width=\"300\" height=\"212\" \/><\/a>\u00a0<a href=\"http:\/\/icom-czech.mini.icom.museum\/wp-content\/uploads\/sites\/34\/2020\/06\/vizual_07.jpg\"><img decoding=\"async\" loading=\"lazy\" class=\"alignnone wp-image-3601 size-medium\" src=\"http:\/\/icom-czech.mini.icom.museum\/wp-content\/uploads\/sites\/34\/2020\/06\/vizual_07-300x212.jpg\" sizes=\"(max-width: 300px) 100vw, 300px\" srcset=\"http:\/\/icom-czech.mini.icom.museum\/wp-content\/uploads\/sites\/34\/2020\/06\/vizual_07-300x212.jpg 300w, http:\/\/icom-czech.mini.icom.museum\/wp-content\/uploads\/sites\/34\/2020\/06\/vizual_07-768x543.jpg 768w, http:\/\/icom-czech.mini.icom.museum\/wp-content\/uploads\/sites\/34\/2020\/06\/vizual_07.jpg 914w\" alt=\"\" width=\"300\" height=\"212\" \/><\/a><\/p>\n<p>&nbsp;<\/p>\n","protected":false},"excerpt":{"rendered":"<p>We would like to present a graphic concept for the General Conference ICOM Prague 2022. For the needs of visual communication, a unique conference logo was created, which hides many meanings. You can assign a specific meaning to each letter. \u201cI\u201d refers to the ICOM logo, which is used worldwide,this letter that connects the long [&hellip;]<\/p>\n","protected":false},"author":64,"featured_media":0,"parent":0,"menu_order":0,"comment_status":"closed","ping_status":"closed","template":"","meta":{"footnotes":""},"yst_prominent_words":[],"acf":[],"_links":{"self":[{"href":"https:\/\/icom-czech.mini.icom.museum\/en\/wp-json\/wp\/v2\/pages\/3622"}],"collection":[{"href":"https:\/\/icom-czech.mini.icom.museum\/en\/wp-json\/wp\/v2\/pages"}],"about":[{"href":"https:\/\/icom-czech.mini.icom.museum\/en\/wp-json\/wp\/v2\/types\/page"}],"author":[{"embeddable":true,"href":"https:\/\/icom-czech.mini.icom.museum\/en\/wp-json\/wp\/v2\/users\/64"}],"replies":[{"embeddable":true,"href":"https:\/\/icom-czech.mini.icom.museum\/en\/wp-json\/wp\/v2\/comments?post=3622"}],"version-history":[{"count":2,"href":"https:\/\/icom-czech.mini.icom.museum\/en\/wp-json\/wp\/v2\/pages\/3622\/revisions"}],"predecessor-version":[{"id":3625,"href":"https:\/\/icom-czech.mini.icom.museum\/en\/wp-json\/wp\/v2\/pages\/3622\/revisions\/3625"}],"wp:attachment":[{"href":"https:\/\/icom-czech.mini.icom.museum\/en\/wp-json\/wp\/v2\/media?parent=3622"}],"wp:term":[{"taxonomy":"yst_prominent_words","embeddable":true,"href":"https:\/\/icom-czech.mini.icom.museum\/en\/wp-json\/wp\/v2\/yst_prominent_words?post=3622"}],"curies":[{"name":"wp","href":"https:\/\/api.w.org\/{rel}","templated":true}]}}