{"id":360,"date":"2019-01-07T15:18:02","date_gmt":"2019-01-07T15:18:02","guid":{"rendered":"http:\/\/icom-czechia.icom.cust.oxymium.net\/o-nas\/about-us\/"},"modified":"2021-12-22T14:05:02","modified_gmt":"2021-12-22T14:05:02","slug":"about-us","status":"publish","type":"page","link":"https:\/\/icom-czech.mini.icom.museum\/en\/about-us\/about-us\/","title":{"rendered":"Board Members"},"content":{"rendered":"<div id=\"RTE_CONTENT\">\n<h2>President<\/h2>\n<p><a href=\"https:\/\/icom-czech.mini.icom.museum\/wp-content\/uploads\/sites\/34\/2021\/12\/MGL5665-scaled.jpg\"><img decoding=\"async\" loading=\"lazy\" class=\"alignleft wp-image-5771 size-medium\" src=\"https:\/\/icom-czech.mini.icom.museum\/wp-content\/uploads\/sites\/34\/2021\/12\/MGL5665-300x200.jpg\" alt=\"\" width=\"300\" height=\"200\" srcset=\"https:\/\/icom-czech.mini.icom.museum\/wp-content\/uploads\/sites\/34\/2021\/12\/MGL5665-300x200.jpg 300w, https:\/\/icom-czech.mini.icom.museum\/wp-content\/uploads\/sites\/34\/2021\/12\/MGL5665-1024x683.jpg 1024w, https:\/\/icom-czech.mini.icom.museum\/wp-content\/uploads\/sites\/34\/2021\/12\/MGL5665-768x512.jpg 768w, https:\/\/icom-czech.mini.icom.museum\/wp-content\/uploads\/sites\/34\/2021\/12\/MGL5665-1536x1024.jpg 1536w, https:\/\/icom-czech.mini.icom.museum\/wp-content\/uploads\/sites\/34\/2021\/12\/MGL5665-2048x1365.jpg 2048w\" sizes=\"(max-width: 300px) 100vw, 300px\" \/><\/a><br \/>\n<b>Mgr. Gina Renoti\u00e8re, Ph.D.<\/b><\/p>\n<p>Olomouc Museum of Art<br \/>\n+420\u00a0737\u00a0528\u00a0090<br \/>\n<a href=\"mailto:renotiere@icom-czechia.cz\">renotiere@icom-czechia.cz<\/a><\/p>\n<p>&nbsp;<\/p>\n<h3><\/h3>\n<h3><\/h3>\n<h2>Secretary<\/h2>\n<p><a href=\"https:\/\/icom-czech.mini.icom.museum\/wp-content\/uploads\/sites\/34\/2021\/12\/Galetova-Martina_120-scaled.jpg\"><img decoding=\"async\" loading=\"lazy\" class=\"size-medium wp-image-5779 alignleft\" src=\"https:\/\/icom-czech.mini.icom.museum\/wp-content\/uploads\/sites\/34\/2021\/12\/Galetova-Martina_120-200x300.jpg\" alt=\"\" width=\"200\" height=\"300\" srcset=\"https:\/\/icom-czech.mini.icom.museum\/wp-content\/uploads\/sites\/34\/2021\/12\/Galetova-Martina_120-200x300.jpg 200w, https:\/\/icom-czech.mini.icom.museum\/wp-content\/uploads\/sites\/34\/2021\/12\/Galetova-Martina_120-682x1024.jpg 682w, https:\/\/icom-czech.mini.icom.museum\/wp-content\/uploads\/sites\/34\/2021\/12\/Galetova-Martina_120-768x1152.jpg 768w, https:\/\/icom-czech.mini.icom.museum\/wp-content\/uploads\/sites\/34\/2021\/12\/Galetova-Martina_120-1024x1536.jpg 1024w, https:\/\/icom-czech.mini.icom.museum\/wp-content\/uploads\/sites\/34\/2021\/12\/Galetova-Martina_120-1365x2048.jpg 1365w, https:\/\/icom-czech.mini.icom.museum\/wp-content\/uploads\/sites\/34\/2021\/12\/Galetova-Martina_120-scaled.jpg 1706w\" sizes=\"(max-width: 200px) 100vw, 200px\" \/><\/a><b><\/b><br \/>\n<b>Mgr. Martina Galetov\u00e1, Ph.D.<\/b><\/p>\n<p>Moravian Museum<br \/>\ntel. +420 606 974 097<br \/>\ne-mail:\u00a0<a href=\"mailto:icom@mzm.cz\">icom@mzm.cz<\/a><\/p>\n<p>&nbsp;<\/p>\n<h3><\/h3>\n<h3><\/h3>\n<h3><\/h3>\n<h3><\/h3>\n<h2>Treasurer<\/h2>\n<p><a href=\"https:\/\/icom-czech.mini.icom.museum\/wp-content\/uploads\/sites\/34\/2021\/12\/IMG_1236-scaled.jpg\"><img decoding=\"async\" loading=\"lazy\" class=\"size-medium wp-image-5775\" src=\"https:\/\/icom-czech.mini.icom.museum\/wp-content\/uploads\/sites\/34\/2021\/12\/IMG_1236-200x300.jpg\" alt=\"\" width=\"200\" height=\"300\" srcset=\"https:\/\/icom-czech.mini.icom.museum\/wp-content\/uploads\/sites\/34\/2021\/12\/IMG_1236-200x300.jpg 200w, https:\/\/icom-czech.mini.icom.museum\/wp-content\/uploads\/sites\/34\/2021\/12\/IMG_1236-683x1024.jpg 683w, https:\/\/icom-czech.mini.icom.museum\/wp-content\/uploads\/sites\/34\/2021\/12\/IMG_1236-768x1152.jpg 768w, https:\/\/icom-czech.mini.icom.museum\/wp-content\/uploads\/sites\/34\/2021\/12\/IMG_1236-1024x1536.jpg 1024w, https:\/\/icom-czech.mini.icom.museum\/wp-content\/uploads\/sites\/34\/2021\/12\/IMG_1236-1365x2048.jpg 1365w, https:\/\/icom-czech.mini.icom.museum\/wp-content\/uploads\/sites\/34\/2021\/12\/IMG_1236-scaled.jpg 1707w\" sizes=\"(max-width: 200px) 100vw, 200px\" \/><\/a><br \/>\n<b>Ing. Pavel Jir\u00e1sek<\/b><\/p>\n<p>Consultant<br \/>\n+420\u00a0602\u00a0171\u00a0996<br \/>\n<a href=\"mailto:jirasek@icom-czechia.cz\">jirasek@icom-czechia.cz<\/a><\/p>\n<p>&nbsp;<\/p>\n<h2>Board Members<\/h2>\n<p><a style=\"font-family: Georgia, 'Times New Roman', 'Bitstream Charter', Times, serif;font-size: 16px\" href=\"https:\/\/icom-czech.mini.icom.museum\/wp-content\/uploads\/sites\/34\/2021\/12\/IMG_1248-scaled.jpg\"><img decoding=\"async\" loading=\"lazy\" class=\"size-medium wp-image-5769\" src=\"https:\/\/icom-czech.mini.icom.museum\/wp-content\/uploads\/sites\/34\/2021\/12\/IMG_1248-200x300.jpg\" alt=\"\" width=\"200\" height=\"300\" srcset=\"https:\/\/icom-czech.mini.icom.museum\/wp-content\/uploads\/sites\/34\/2021\/12\/IMG_1248-200x300.jpg 200w, https:\/\/icom-czech.mini.icom.museum\/wp-content\/uploads\/sites\/34\/2021\/12\/IMG_1248-683x1024.jpg 683w, https:\/\/icom-czech.mini.icom.museum\/wp-content\/uploads\/sites\/34\/2021\/12\/IMG_1248-768x1152.jpg 768w, https:\/\/icom-czech.mini.icom.museum\/wp-content\/uploads\/sites\/34\/2021\/12\/IMG_1248-1024x1536.jpg 1024w, https:\/\/icom-czech.mini.icom.museum\/wp-content\/uploads\/sites\/34\/2021\/12\/IMG_1248-1365x2048.jpg 1365w, https:\/\/icom-czech.mini.icom.museum\/wp-content\/uploads\/sites\/34\/2021\/12\/IMG_1248-scaled.jpg 1707w\" sizes=\"(max-width: 200px) 100vw, 200px\" \/><\/a><br \/>\n<b>Mgr. Marie Gilbertov\u00e1<\/b><\/p>\n<p>Technical Museum in Brno<br \/>\n+420 732 610 811<br \/>\n<a href=\"mailto:gilbertova@icom-czechia.cz\">gilbertova@icom-czechia.cz<\/a><\/p>\n<p>&nbsp;<\/p>\n<p><a href=\"https:\/\/icom-czech.mini.icom.museum\/wp-content\/uploads\/sites\/34\/2021\/12\/MG_5757-200x300.jpg\"><img decoding=\"async\" loading=\"lazy\" class=\"alignleft size-medium wp-image-5777\" src=\"https:\/\/icom-czech.mini.icom.museum\/wp-content\/uploads\/sites\/34\/2021\/12\/MG_5757-200x300.jpg\" alt=\"\" width=\"200\" height=\"300\" srcset=\"https:\/\/icom-czech.mini.icom.museum\/wp-content\/uploads\/sites\/34\/2021\/12\/MG_5757-200x300.jpg 200w, https:\/\/icom-czech.mini.icom.museum\/wp-content\/uploads\/sites\/34\/2021\/12\/MG_5757-683x1024.jpg 683w, https:\/\/icom-czech.mini.icom.museum\/wp-content\/uploads\/sites\/34\/2021\/12\/MG_5757.jpg 716w\" sizes=\"(max-width: 200px) 100vw, 200px\" \/><\/a><b><\/b><br \/>\n<b>Mgr. Ji\u0159\u00ed St\u0159echa<\/b><\/p>\n<p>Postal museum<br \/>\n+420\u00a0602\u00a0156\u00a0870<br \/>\n<a href=\"mailto:strecha.jiri@cpost.cz\">strecha.jiri@cpost.cz<\/a><\/p>\n<\/div>\n","protected":false},"excerpt":{"rendered":"<p>President Mgr. Gina Renoti\u00e8re, Ph.D. Olomouc Museum of Art +420\u00a0737\u00a0528\u00a0090 renotiere@icom-czechia.cz &nbsp; Secretary Mgr. Martina Galetov\u00e1, Ph.D. Moravian Museum tel. +420 606 974 097 e-mail:\u00a0icom@mzm.cz &nbsp; Treasurer Ing. Pavel Jir\u00e1sek Consultant +420\u00a0602\u00a0171\u00a0996 jirasek@icom-czechia.cz &nbsp; Board Members Mgr. Marie Gilbertov\u00e1 Technical Museum in Brno +420 732 610 811 gilbertova@icom-czechia.cz &nbsp; Mgr. Ji\u0159\u00ed St\u0159echa Postal museum +420\u00a0602\u00a0156\u00a0870 [&hellip;]<\/p>\n","protected":false},"author":1,"featured_media":0,"parent":132,"menu_order":0,"comment_status":"closed","ping_status":"closed","template":"","meta":{"footnotes":""},"yst_prominent_words":[50,48,52,53,56,51,49],"acf":[],"_links":{"self":[{"href":"https:\/\/icom-czech.mini.icom.museum\/en\/wp-json\/wp\/v2\/pages\/360"}],"collection":[{"href":"https:\/\/icom-czech.mini.icom.museum\/en\/wp-json\/wp\/v2\/pages"}],"about":[{"href":"https:\/\/icom-czech.mini.icom.museum\/en\/wp-json\/wp\/v2\/types\/page"}],"author":[{"embeddable":true,"href":"https:\/\/icom-czech.mini.icom.museum\/en\/wp-json\/wp\/v2\/users\/1"}],"replies":[{"embeddable":true,"href":"https:\/\/icom-czech.mini.icom.museum\/en\/wp-json\/wp\/v2\/comments?post=360"}],"version-history":[{"count":13,"href":"https:\/\/icom-czech.mini.icom.museum\/en\/wp-json\/wp\/v2\/pages\/360\/revisions"}],"predecessor-version":[{"id":5794,"href":"https:\/\/icom-czech.mini.icom.museum\/en\/wp-json\/wp\/v2\/pages\/360\/revisions\/5794"}],"up":[{"embeddable":true,"href":"https:\/\/icom-czech.mini.icom.museum\/en\/wp-json\/wp\/v2\/pages\/132"}],"wp:attachment":[{"href":"https:\/\/icom-czech.mini.icom.museum\/en\/wp-json\/wp\/v2\/media?parent=360"}],"wp:term":[{"taxonomy":"yst_prominent_words","embeddable":true,"href":"https:\/\/icom-czech.mini.icom.museum\/en\/wp-json\/wp\/v2\/yst_prominent_words?post=360"}],"curies":[{"name":"wp","href":"https:\/\/api.w.org\/{rel}","templated":true}]}}