{"id":348,"date":"2019-01-07T15:17:58","date_gmt":"2019-01-07T15:17:58","guid":{"rendered":"http:\/\/icom-czechia.icom.cust.oxymium.net\/icom\/formulare-ke-stazeni\/"},"modified":"2020-07-27T10:15:30","modified_gmt":"2020-07-27T10:15:30","slug":"formulare-ke-stazeni","status":"publish","type":"page","link":"https:\/\/icom-czech.mini.icom.museum\/en\/icom\/formulare-ke-stazeni\/","title":{"rendered":"Formul\u00e1\u0159e ke sta\u017een\u00ed"},"content":{"rendered":"<div id=\"RTE_CONTENT\">\n<p><!--TYPO3SEARCH_begin--> <!-- CONTENT ELEMENT, uid:11040\/text [begin] --><\/p>\n<div id=\"c11040\">\n<p><!-- Text: [begin] --><\/p>\n<p>Zde naleznete p\u0159ihl\u00e1\u0161ku do ICOM:<br \/>\n<a href=\"http:\/\/icom-czech.mini.icom.museum\/wp-content\/uploads\/sites\/34\/2020\/05\/institucionalni_prihlaska-1.pdf\">Institucion\u00e1ln\u00ed \u010dlenstv\u00ed<\/a><\/p>\n<p><a href=\"http:\/\/icom-czech.mini.icom.museum\/wp-content\/uploads\/sites\/34\/2020\/05\/individualni_prihlaska-1.pdf\">Individu\u00e1ln\u00ed \u010dlenstv\u00ed<\/a><\/p>\n<p>Zde naleznete formul\u00e1\u0159 <a href=\"http:\/\/icom-czech.mini.icom.museum\/wp-content\/uploads\/sites\/34\/2020\/05\/zadost_o_financni_prispevek.docx\">\u017d\u00e1dosti o p\u0159\u00edsp\u011bvek z prost\u0159edk\u016f \u010cesk\u00e9ho v\u00fdboru ICOM<\/a>. \u017d\u00e1dosti je t\u0159eba podat v\u017edy do konce kalend\u00e1\u0159n\u00edho roku, p\u0159edch\u00e1zej\u00edc\u00edmu roku uplatn\u011bn\u00ed \u017e\u00e1dosti. \u017d\u00e1dost za\u0161lete\u00a0e-mailem na adresu <a href=\"mailto:icom@mzm.cz\">icom@mzm.cz<\/a>.<\/p>\n<p>Pokyn pro vy\u00fa\u010dtov\u00e1n\u00ed dotace od roku\u00a0<a href=\"http:\/\/icom-czech.mini.icom.museum\/wp-content\/uploads\/sites\/34\/2020\/05\/vyuctovani_prispevku.docx\">2017\u00a0<\/a>dle podm\u00ednek <a href=\"http:\/\/icom-czech.mini.icom.museum\/wp-content\/uploads\/sites\/34\/2020\/05\/podminky_dotace_MK_CR.pdf\">ministerstva kultury<\/a>.<\/p>\n<div>\n<p><b>Logo \u010cesk\u00e9ho v\u00fdboru ICOM<\/b>\u00a0(.JPEG):<\/p>\n<p><img decoding=\"async\" loading=\"lazy\" class=\"wp-image-2599 size-medium\" style=\"color: #333333;font-family: Georgia, 'Times New Roman', 'Bitstream Charter', Times, serif;font-size: 16px\" src=\"https:\/\/icom-czech.mini.icom.museum\/wp-content\/uploads\/sites\/34\/2020\/05\/logo_ICOM_ceska_republika-300x50.jpg\" alt=\"\" width=\"300\" height=\"50\" srcset=\"https:\/\/icom-czech.mini.icom.museum\/wp-content\/uploads\/sites\/34\/2020\/05\/logo_ICOM_ceska_republika-300x50.jpg 300w, https:\/\/icom-czech.mini.icom.museum\/wp-content\/uploads\/sites\/34\/2020\/05\/logo_ICOM_ceska_republika-768x127.jpg 768w, https:\/\/icom-czech.mini.icom.museum\/wp-content\/uploads\/sites\/34\/2020\/05\/logo_ICOM_ceska_republika.jpg 1002w\" sizes=\"(max-width: 300px) 100vw, 300px\" \/><\/p>\n<p>&nbsp;<\/p>\n<p><img decoding=\"async\" loading=\"lazy\" class=\"wp-image-2603 size-medium\" src=\"https:\/\/icom-czech.mini.icom.museum\/wp-content\/uploads\/sites\/34\/2020\/05\/logo_ICOM_czech_republic-300x50.jpg\" alt=\"\" width=\"300\" height=\"50\" srcset=\"https:\/\/icom-czech.mini.icom.museum\/wp-content\/uploads\/sites\/34\/2020\/05\/logo_ICOM_czech_republic-300x50.jpg 300w, https:\/\/icom-czech.mini.icom.museum\/wp-content\/uploads\/sites\/34\/2020\/05\/logo_ICOM_czech_republic-768x129.jpg 768w, https:\/\/icom-czech.mini.icom.museum\/wp-content\/uploads\/sites\/34\/2020\/05\/logo_ICOM_czech_republic.jpg 992w\" sizes=\"(max-width: 300px) 100vw, 300px\" \/><\/p>\n<\/div>\n<p>&nbsp;<\/p>\n<p><img decoding=\"async\" loading=\"lazy\" class=\"size-medium wp-image-2601\" style=\"color: #333333;font-family: Georgia, 'Times New Roman', 'Bitstream Charter', Times, serif;font-size: 16px\" src=\"https:\/\/icom-czech.mini.icom.museum\/wp-content\/uploads\/sites\/34\/2020\/05\/logo_ICOM_cesko-300x61.jpg\" alt=\"\" width=\"300\" height=\"61\" srcset=\"https:\/\/icom-czech.mini.icom.museum\/wp-content\/uploads\/sites\/34\/2020\/05\/logo_ICOM_cesko-300x61.jpg 300w, https:\/\/icom-czech.mini.icom.museum\/wp-content\/uploads\/sites\/34\/2020\/05\/logo_ICOM_cesko-768x157.jpg 768w, https:\/\/icom-czech.mini.icom.museum\/wp-content\/uploads\/sites\/34\/2020\/05\/logo_ICOM_cesko-1024x210.jpg 1024w\" sizes=\"(max-width: 300px) 100vw, 300px\" \/><\/p>\n<div>\n<p>&nbsp;<\/p>\n<p><img decoding=\"async\" loading=\"lazy\" class=\"size-medium wp-image-2605\" src=\"https:\/\/icom-czech.mini.icom.museum\/wp-content\/uploads\/sites\/34\/2020\/05\/logo_ICOM_czechia-300x61.jpg\" alt=\"\" width=\"300\" height=\"61\" srcset=\"https:\/\/icom-czech.mini.icom.museum\/wp-content\/uploads\/sites\/34\/2020\/05\/logo_ICOM_czechia-300x61.jpg 300w, https:\/\/icom-czech.mini.icom.museum\/wp-content\/uploads\/sites\/34\/2020\/05\/logo_ICOM_czechia-768x155.jpg 768w, https:\/\/icom-czech.mini.icom.museum\/wp-content\/uploads\/sites\/34\/2020\/05\/logo_ICOM_czechia-1024x207.jpg 1024w\" sizes=\"(max-width: 300px) 100vw, 300px\" \/><\/p>\n<p><img decoding=\"async\" src=\"http:\/\/icom-czechia.mini.icom.museum\/wp-content\/uploads\/sites\/34\/2019\/01\/RTEmagicC_ICOM_Ceska_republika.jpg.jpg\" alt=\"\" \/><\/p>\n<p>Doporu\u010den\u00fd formul\u00e1\u0159 pln\u00e9 moci pro zastupov\u00e1n\u00ed na sch\u016fz\u00edch \u010cV\u00a0ICOM najdete <a href=\"http:\/\/icom-czech.mini.icom.museum\/wp-content\/uploads\/sites\/34\/2020\/05\/plna_moc_pro_zastupovani_na_shromazdenich.docx\">ZDE<\/a>.<\/p>\n<\/div>\n<p>N\u00e1vrh kandid\u00e1ta do p\u0159edsednictva \u010cV ICOM najdete <a href=\"http:\/\/icom-czech.mini.icom.museum\/wp-content\/uploads\/sites\/34\/2020\/05\/navrh_kandidata_do_predsednictva_CV_ICOM.docx\">ZDE<\/a>.<\/p>\n<p><!-- Text: [end] --> <!-- BEGIN: Content of extension \"hpo_relatedlink\", plugin \"tx_hporelatedlink_pi1\" --><\/p>\n<div><\/div>\n<p><!-- END: Content of extension \"hpo_relatedlink\", plugin \"tx_hporelatedlink_pi1\" --><\/p>\n<\/div>\n<p><!-- CONTENT ELEMENT, uid:11040\/text [end] --> <!--TYPO3SEARCH_end--><\/p>\n<\/div>\n","protected":false},"excerpt":{"rendered":"<p>Zde naleznete p\u0159ihl\u00e1\u0161ku do ICOM: Institucion\u00e1ln\u00ed \u010dlenstv\u00ed Individu\u00e1ln\u00ed \u010dlenstv\u00ed Zde naleznete formul\u00e1\u0159 \u017d\u00e1dosti o p\u0159\u00edsp\u011bvek z prost\u0159edk\u016f \u010cesk\u00e9ho v\u00fdboru ICOM. \u017d\u00e1dosti je t\u0159eba podat v\u017edy do konce kalend\u00e1\u0159n\u00edho roku, p\u0159edch\u00e1zej\u00edc\u00edmu roku uplatn\u011bn\u00ed \u017e\u00e1dosti. \u017d\u00e1dost za\u0161lete\u00a0e-mailem na adresu icom@mzm.cz. Pokyn pro vy\u00fa\u010dtov\u00e1n\u00ed dotace od roku\u00a02017\u00a0dle podm\u00ednek ministerstva kultury. Logo \u010cesk\u00e9ho v\u00fdboru ICOM\u00a0(.JPEG): &nbsp; &nbsp; &nbsp; Doporu\u010den\u00fd [&hellip;]<\/p>\n","protected":false},"author":1,"featured_media":0,"parent":130,"menu_order":6,"comment_status":"closed","ping_status":"closed","template":"","meta":{"footnotes":""},"yst_prominent_words":[],"acf":[],"_links":{"self":[{"href":"https:\/\/icom-czech.mini.icom.museum\/en\/wp-json\/wp\/v2\/pages\/348"}],"collection":[{"href":"https:\/\/icom-czech.mini.icom.museum\/en\/wp-json\/wp\/v2\/pages"}],"about":[{"href":"https:\/\/icom-czech.mini.icom.museum\/en\/wp-json\/wp\/v2\/types\/page"}],"author":[{"embeddable":true,"href":"https:\/\/icom-czech.mini.icom.museum\/en\/wp-json\/wp\/v2\/users\/1"}],"replies":[{"embeddable":true,"href":"https:\/\/icom-czech.mini.icom.museum\/en\/wp-json\/wp\/v2\/comments?post=348"}],"version-history":[{"count":2,"href":"https:\/\/icom-czech.mini.icom.museum\/en\/wp-json\/wp\/v2\/pages\/348\/revisions"}],"predecessor-version":[{"id":3897,"href":"https:\/\/icom-czech.mini.icom.museum\/en\/wp-json\/wp\/v2\/pages\/348\/revisions\/3897"}],"up":[{"embeddable":true,"href":"https:\/\/icom-czech.mini.icom.museum\/en\/wp-json\/wp\/v2\/pages\/130"}],"wp:attachment":[{"href":"https:\/\/icom-czech.mini.icom.museum\/en\/wp-json\/wp\/v2\/media?parent=348"}],"wp:term":[{"taxonomy":"yst_prominent_words","embeddable":true,"href":"https:\/\/icom-czech.mini.icom.museum\/en\/wp-json\/wp\/v2\/yst_prominent_words?post=348"}],"curies":[{"name":"wp","href":"https:\/\/api.w.org\/{rel}","templated":true}]}}