{"id":3307,"date":"2020-05-15T12:59:50","date_gmt":"2020-05-15T12:59:50","guid":{"rendered":"http:\/\/icom-czech.mini.icom.museum\/?page_id=3307"},"modified":"2020-10-20T14:45:59","modified_gmt":"2020-10-20T14:45:59","slug":"history-of-icom-czech-republic","status":"publish","type":"page","link":"https:\/\/icom-czech.mini.icom.museum\/en\/about-us\/history-of-icom-czech-republic\/","title":{"rendered":"History of ICOM Czech Republic"},"content":{"rendered":"<p>In 1994, the ICOM Czech Republic and the ICOM Slovakia followed the work of the ICOM Czechoslovakia, which in 1946 was at the birth of ICOM, and Czechoslovakia was one of the 14 founding countries. During its existence, the ICOM Czechoslovakia has been at the forefront of world museology, through imoprtant figures of modern museology such as Zbyn\u011bk Zbyslav Str\u00e1nsk\u00fd, one of the most important museum theorists of the 20th century, and Jan Jel\u00ednek, who was president of ICOM from 1971 to 1977.<\/p>\n<p>It was in the 1970s that ICOM underwent a major transformation into an organization open to all museum professionals, and the importance of international committees as tools for exchanging scientific work, experience and views was increased. In 1974, the definition of museums was acepted, which is still valid today with partial updates. Since 1977, the museum has celebrated International Museum Day every year on May 18.<\/p>\n<p>Read more about history of ICOM in Czechoslovakia in Museologica Brunensia.<br \/>\n<a href=\"http:\/\/icom-czech.mini.icom.museum\/wp-content\/uploads\/sites\/34\/2020\/05\/Museologica_Brunensia_2015.pdf\">Museologica Brunensia 2\/2015, download here (.PDF)<\/a><\/p>\n<p>Minutes from the first meeting of ICOM in 1947 with the participation of prof. Josef Cibulka, who represented Czechoslovakia here. <a href=\"http:\/\/icom-czech.mini.icom.museum\/wp-content\/uploads\/sites\/34\/2020\/10\/zapis_z_prvniho_jednani_ICOM_13_ledna_1947_FR.pdf\">Full entry in French HERE (.PDF)<\/a><\/p>\n<p>Record of the registration of the ICOM registration in the register of &#8220;foreign organizations&#8221; of the French Ministry of the Interior. <a href=\"http:\/\/icom-czech.mini.icom.museum\/wp-content\/uploads\/sites\/34\/2020\/10\/zapis_oficialni_registrace_v_rejstriku_zahranicnich_organizaci_ve_francii_4_ledna_1949_FR.pdf\">Full record of registration in French HERE (.PDF)<\/a><\/p>\n<p>&nbsp;<\/p>\n<h3>List of Chairs and Members of Board of ICOM Czechoslovakia and ICOM Czech Republic<\/h3>\n<p><strong>2020-<\/strong><br \/>\n<em>Chair<\/em>: <strong>Gina Renoti\u00e8re<\/strong>, Deputy Director, Museum of Art, Olomouc<br \/>\n<em>Secretary<\/em>: <strong>Martina Galetov\u00e1<\/strong>, Mendel Museum in Brno<br \/>\n<em>Treasurer<\/em>: <strong>Pavel Jir\u00e1sek<\/strong><br \/>\n<em>Members: <\/em><strong>Marie Rosenfeld Cohen (Gilbertov\u00e1)<\/strong>, Technical Museum in Brno, <strong>Ji\u0159\u00ed St\u0159echa<\/strong>, Director, Czech Post Museum<br \/>\n<em>Managing Director:<\/em> <strong>Martina Lehmannov\u00e1<\/strong><\/p>\n<p><strong>2020<\/strong><br \/>\n<em>Chair<\/em>: <strong>Pavel Jir\u00e1sek<\/strong><br \/>\n<em>Secretary<\/em>: <strong>Dagmar Grossmannov\u00e1<\/strong>, Moravian Museum, Brno<br \/>\n<em>Treasurer<\/em>: <strong>Lubom\u00edr And\u011bl<\/strong>, Technical Museum in Brno<br \/>\n<em>Members:<\/em> <strong>Martina Lehmannov\u00e1<\/strong>, <strong>Zden\u011bk Freisleben<\/strong>, Director, Museum of Czech Literature<\/p>\n<p><strong>2018-2020<\/strong><br \/>\n<em>Chair<\/em>: <strong>Martina Lehmannov\u00e1<\/strong>, Director, Lidice Memorial<br \/>\n<em>Secretary<\/em>: <strong>Dagmar Grossmannov\u00e1<\/strong>, Moravian Museum, Brno<br \/>\n<em>Treasurer<\/em>: <strong>Lubom\u00edr And\u011bl<\/strong>, Technical Museum in Brno<br \/>\n<em>Members: <\/em><strong>Pavel Jir\u00e1sek<\/strong>, <strong>Zden\u011bk Freisleben<\/strong>, Director, Museum of Czech Literature<\/p>\n<p><strong>2015-2018<\/strong><br \/>\n<em>Chair<\/em>: <strong>Martina Lehmannov\u00e1<\/strong>, Director, Lidice Memorial<br \/>\n<em>Secretary<\/em>: <strong>Martina Galetov\u00e1<\/strong>, Mendel Museum in Brno<br \/>\n<em>Treasurer<\/em>: <strong>Mgr. Lubom\u00edr And\u011bl<\/strong>, Technical Museum in Brno<br \/>\n<em>Members: <\/em><strong>Pavel Jir\u00e1sek<\/strong>, <strong>Zden\u011bk Freisleben<\/strong>, Director, Museum of Czech Literature<\/p>\n<p><strong>2012-2015<\/strong><br \/>\n<em>Chair<\/em>: <strong>Milan Hlave\u0161<\/strong>, Museum of Decorative Arts in Prague<br \/>\n<em>Secretary<\/em>: <strong>Martina Galetov\u00e1<\/strong>, Moravian Museum, Brno<br \/>\n<em>Treasurer: <\/em><strong>Vlastimil Vykydal<\/strong>, Director, Technical Museum in Brno<br \/>\n<em>Members:<\/em> <strong>Martina Lehmannov\u00e1<\/strong>, City of Prague Museum, <strong>Ivo \u0160t\u011bp\u00e1nek<\/strong>, Technical Museum in Brno<\/p>\n<p><strong>2006-2012<\/strong><br \/>\n<em>Chair:<\/em> <strong>Ph. Dr. Zuzana Strnadov\u00e1<\/strong>, Director, City of Prague Museum<br \/>\n<em>Secretary<\/em>: <strong>R\u016f\u017eena Gregorov\u00e1<\/strong>, Moravian Museum, Brno<br \/>\n<em>Treasurer: <\/em><strong>Vlastimil Vykydal<\/strong>, Director, Technical Museum in Brno<br \/>\n<em>Members: <\/em><strong>Michal Bene\u0161<\/strong>, <strong>Ren\u00e9 Klime\u0161<\/strong>, Director, Regional Museum in Litomy\u0161l<\/p>\n<p><strong>2003-2006<\/strong><br \/>\n<em>Chair<\/em>: Kate\u0159ina Tlachov\u00e1, Deputy Director, Moravian Gallery in Brno<br \/>\n<em>Secretary<\/em>: Pavla Seitlov\u00e1, Moravian Museum, Brno<br \/>\n<em>Treasurer: <\/em>Vlastimil Vykydal, Director, Technical Museum in Brno<br \/>\n<em>Members: <\/em>Marie Dufkov\u00e1, Ren\u00e9 Klime\u0161, Regional Museum in Litomy\u0161l<\/p>\n<p><strong>2000-2003<\/strong><br \/>\n<em>Chair<\/em>: <strong>Kate\u0159ina Tlachov\u00e1<\/strong>, Deputy Director, Moravian Gallery in Brno<br \/>\n<em>Secretary<\/em>: <strong>Pavla Seitlov\u00e1<\/strong>, Moravian Museum, Brno<br \/>\n<em>Treasurer: <\/em><strong>Vladim\u00edra \u0160pl\u00edchalov\u00e1<\/strong><br \/>\n<em>Members: <\/em><strong>Vladim\u00edr Brach<\/strong>, <strong>Filip Wittlich<\/strong>, Museum of Decorative Arts in Prague<\/p>\n<p><strong>1997-2000<br \/>\n<\/strong><em>Chair:<\/em> <strong>Jana Sou\u010dkov\u00e1<\/strong>, N\u00e1prstek muzeum, Praha<br \/>\n<em>Secretary<\/em>: <strong>Kate\u0159ina Tlachov\u00e1<\/strong>, Moravian Museum, Brno<br \/>\nAs from 1998: <strong>Petr \u0160ule\u0159<\/strong>, Moravsk\u00e9 zemsk\u00e9 muzeum, Brno<br \/>\n<strong>Pavla Seitlov\u00e1<\/strong> (Membership Secretary)<br \/>\n<em>Treasurer<\/em>: <strong>Antonin Lubo\u0161<\/strong><\/p>\n<p><strong>1994-1997<\/strong><br \/>\n<em>Chair:<\/em> <strong>Jana Sou\u010dkov\u00e1<\/strong>, National Museum\/ N\u00e1prstek Museum, Prague<br \/>\n<em>Secretary:<\/em> <strong>Kate\u0159ina Tlachov\u00e1<\/strong>, Moravian Museum, Brno<br \/>\n<em>Treasurer:<\/em> <strong>Ivo Janou\u0161ek<\/strong><br \/>\n<em>Members:<\/em> <strong>Pavel Jir\u00e1sek<\/strong>, Ministry of Culture of the Czech Republic; <strong>Jitka Vit\u00e1skov\u00e1<\/strong>, House of Art in Brno<\/p>\n<p><strong>1990-1993<\/strong><br \/>\n<em>Chair\u00a0:<\/em> <strong>Jana Sou\u010dkov\u00e1<\/strong>, National Museum\/ N\u00e1prstek Museum, Prague<br \/>\n<em>Secretary:<\/em> <strong>Kate\u0159ina Tlachov\u00e1<\/strong>, Moravian Museum, Brno<\/p>\n<p><strong>1969-1990<\/strong><br \/>\n<em>Chair:<\/em> <strong>Dr. Josef Kuba<\/strong>, Director, National Technical Museum, Prague<br \/>\n1972 \u2013 founder ot CIMUSET, 1972-1977 chair of CIMUSET<br \/>\n1976-1980 member of ICOM Executive Board<br \/>\n<em>Secretary: <\/em><strong>Mr. Josef Bene\u0161<\/strong> (1971-1973)<br \/>\nAs from 1976-1977: <strong>Jaroslav Langr<\/strong>, Head of Museum section of Ministry of Culture of Czechoslovakia, Prague<\/p>\n<p><strong>1962-1971<\/strong><br \/>\nMember of board: <strong>Jan Jel\u00ednek<\/strong>, Moravian Museum<br \/>\n1965 \u2013 1971 chair of ICR<br \/>\n1977 \u2013 founder of ICOFOM, 1977-1983 Chair of ICOFOM<br \/>\n1971 \u2013 1977 President of ICOM<\/p>\n<p><strong>1953-1959<\/strong><br \/>\n<em>Chair:<\/em> <strong>Ferdinand Prantl<\/strong>, National Museum, Prague<\/p>\n<p><strong>1946-1953<br \/>\n<\/strong><em>Chair:<\/em> <strong>prof. Josef Cibulka<\/strong>, National Gallery in Prague<\/p>\n","protected":false},"excerpt":{"rendered":"<p>In 1994, the ICOM Czech Republic and the ICOM Slovakia followed the work of the ICOM Czechoslovakia, which in 1946 was at the birth of ICOM, and Czechoslovakia was one of the 14 founding countries. During its existence, the ICOM Czechoslovakia has been at the forefront of world museology, through imoprtant figures of modern museology [&hellip;]<\/p>\n","protected":false},"author":64,"featured_media":0,"parent":132,"menu_order":0,"comment_status":"closed","ping_status":"closed","template":"","meta":{"footnotes":""},"yst_prominent_words":[],"acf":[],"_links":{"self":[{"href":"https:\/\/icom-czech.mini.icom.museum\/en\/wp-json\/wp\/v2\/pages\/3307"}],"collection":[{"href":"https:\/\/icom-czech.mini.icom.museum\/en\/wp-json\/wp\/v2\/pages"}],"about":[{"href":"https:\/\/icom-czech.mini.icom.museum\/en\/wp-json\/wp\/v2\/types\/page"}],"author":[{"embeddable":true,"href":"https:\/\/icom-czech.mini.icom.museum\/en\/wp-json\/wp\/v2\/users\/64"}],"replies":[{"embeddable":true,"href":"https:\/\/icom-czech.mini.icom.museum\/en\/wp-json\/wp\/v2\/comments?post=3307"}],"version-history":[{"count":7,"href":"https:\/\/icom-czech.mini.icom.museum\/en\/wp-json\/wp\/v2\/pages\/3307\/revisions"}],"predecessor-version":[{"id":4465,"href":"https:\/\/icom-czech.mini.icom.museum\/en\/wp-json\/wp\/v2\/pages\/3307\/revisions\/4465"}],"up":[{"embeddable":true,"href":"https:\/\/icom-czech.mini.icom.museum\/en\/wp-json\/wp\/v2\/pages\/132"}],"wp:attachment":[{"href":"https:\/\/icom-czech.mini.icom.museum\/en\/wp-json\/wp\/v2\/media?parent=3307"}],"wp:term":[{"taxonomy":"yst_prominent_words","embeddable":true,"href":"https:\/\/icom-czech.mini.icom.museum\/en\/wp-json\/wp\/v2\/yst_prominent_words?post=3307"}],"curies":[{"name":"wp","href":"https:\/\/api.w.org\/{rel}","templated":true}]}}