{"id":192,"date":"2019-01-07T15:16:54","date_gmt":"2019-01-07T15:16:54","guid":{"rendered":"http:\/\/icom-czechia.icom.cust.oxymium.net\/icom\/dokumenty\/"},"modified":"2019-01-07T15:35:52","modified_gmt":"2019-01-07T15:35:52","slug":"dokumenty","status":"publish","type":"page","link":"https:\/\/icom-czech.mini.icom.museum\/en\/icom\/dokumenty\/","title":{"rendered":"Dokumenty"},"content":{"rendered":"<div id=\"RTE_CONTENT\"> <!--TYPO3SEARCH_begin--> \t<!--  CONTENT ELEMENT, uid:15706\/textpic [begin] --> \t\t<\/p>\n<div id=\"c15706\"> \t\t<!--  Image block: [begin] --> \t\t\t<\/p>\n<div> \t\t<!--  Text: [begin] --> \t\t\t<\/p>\n<p><b>Rezoluce Rady bezpe\u010dnosti OSN k zamezen\u00ed nez\u00e1konn\u00e9ho obchodu s kulturn\u00edmi statky a k boji se v\u0161emi formami podpory teroristick\u00fdch band<br \/><\/b>Dne 24. dubna 2017 byl Radou bezpe\u010dnosti projedn\u00e1na a odsouhlasena rezoluce \u010d. 2347 (2017). <br \/>Rezoluce se t\u00fdk\u00e1 opat\u0159en\u00ed, kter\u00e9 by m\u011bly \u010dlensk\u00e9 st\u00e1ty p\u0159ijmout k zamezen\u00ed nez\u00e1konn\u00e9ho obchodu s kulturn\u00edmi statky a k boji s jak\u00fdmikoliv formami podpory teroristick\u00fdch band, zejm\u00e9na tzv. Isl\u00e1msk\u00e9ho st\u00e1tu (ISS) a Al K\u00e1idy a s nimi spojen\u00fdm organizovan\u00fdm zlo\u010dinem. P\u0159i d\u016fsledn\u00e9m vyu\u017e\u00edv\u00e1n\u00ed st\u00e1vaj\u00edc\u00edch konvenc\u00ed pro ochranu kulturn\u00edho d\u011bdictv\u00ed a s touto oblast\u00ed spojen\u00fdch \u00famluv, rezoluc\u00ed a usnesen\u00ed hraj\u00ed \u00fast\u0159edn\u00ed roli v oblasti mezin\u00e1rodn\u00ed spolupr\u00e1ce v t\u00e9to oblasti UNESCO, \u00da\u0159ad OSN pro drogy a kriminalitu a INTERPOL.<br \/>Rada odm\u00edt\u00e1 a odsuzuje nez\u00e1konn\u00e9 ni\u010den\u00ed kulturn\u00edho d\u011bdictv\u00ed, zejm\u00e9na sakr\u00e1ln\u00edho charakteru, stejn\u011b tak i poch\u00e1zej\u00edc\u00edho z archeologick\u00fdch lokalit, muze\u00ed, knihoven a dal\u0161\u00edch lokalit. Zd\u016fraz\u0148uje nutnost potla\u010den\u00ed jak\u00e9hokoliv obchoduj s ISIL, Frontou Al \u2013 Nusra a dal\u0161\u00edmi osobami nebo skupinami, spojen\u00fdmi s Al K\u00e1idou. Po\u017eaduje po \u010dlensk\u00fdch st\u00e1tech p\u0159ijet\u00ed opat\u0159en\u00ed k zamezen\u00ed nez\u00e1konn\u00e9ho pohybu a obchodu s kulturn\u00edmi statky, v\u010d. zaveden\u00ed pot\u0159ebn\u00e9 legislativy. Vyz\u00fdv\u00e1 \u010dlensk\u00e9 st\u00e1ty ke spolupr\u00e1ci p\u0159i p\u00e1tr\u00e1n\u00ed po t\u011bchto kulturn\u00edch statc\u00edch stejn\u011b tak i p\u0159i uplat\u0148ov\u00e1n\u00ed jejich mo\u017en\u00fdch konfiskac\u00ed, restituc\u00ed a uplat\u0148ov\u00e1n\u00ed trestn\u00ed zodpov\u011bdnosti v\u010d. spolupr\u00e1ce p\u0159i soudn\u00edch procesech s pachateli zlo\u010din\u016f proti kulturn\u00edmu d\u011bdictv\u00ed a k podpisu relevantn\u00edch mezin\u00e1rodn\u00edch \u00famluv, pokud tak dosud neu\u010dinily. Klade d\u016fraz na p\u0159ijet\u00ed pot\u0159ebn\u00fdch krok\u016f ke zv\u00fd\u0161en\u00ed \u00farovn\u011b prevence a dokumentace a inventarizace ohro\u017een\u00fdch kulturn\u00edch statk\u016f, v\u010d. datab\u00e1zov\u00fdch syst\u00e9m\u016f s informacemi o zmizel\u00fdch p\u0159edm\u011btech a zp\u016fsobech jejich legislativn\u00ed ochrany. Vyz\u00fdv\u00e1 \u010dlensk\u00e9 st\u00e1ty tak\u00e9 k vytv\u00e1\u0159en\u00ed edukativn\u00edch program\u016f k pot\u0159eb\u011b ochrany kulturn\u00edho d\u011bdictv\u00ed.<br \/>Dot\u010den\u00e9 organizace OSN maj\u00ed podat zpr\u00e1vu o pln\u011bn\u00ed t\u00e9to rezoluce Rad\u011b bezpe\u010dnosti do konce tohoto roku.<br \/>Pln\u00fd text rezoluce v angli\u010dtin\u011b najdete<a href=\"http:\/\/icom-czechia.mini.icom.museum\/wp-content\/uploads\/sites\/34\/2019\/01\/2017_Rezoluce_UN_nezakonny_obchod.pdf\" title=\"TEXT, 2017 Rezoluce UN nezakonny obchod, 2017_Rezoluce_UN_nezakonny_obchod.pdf, 2.7 MB\"> zde<\/a>. <\/p>\n<p><span><b><br \/>UNESCO\u00a0<\/b><\/span><b>Recommendation concerning the Protection and Promotion of Museums and Collections, their Diversity and their Role in Society, 2015<br \/><\/b>Po 55 letech p\u0159ipravilo UNESCO dokument zab\u00fdvaj\u00edc\u00ed se sou\u010dasnost\u00ed a budoucnost\u00ed muze\u00ed. Ve dnech 27.-28. kv\u011btna 2015 prob\u011bhlo v UNESCu mezin\u00e1rodn\u00ed jedn\u00e1n\u00ed, jeho\u017e v\u00fdsledkem je <a href=\"http:\/\/icom-czechia.mini.icom.museum\/wp-content\/uploads\/sites\/34\/2019\/01\/2015_UNESCO_protection_and_promotion_museums.pdf\" title=\"TEXT, 2015 UNESCO protection and promotion museums, 2015_UNESCO_protection_and_promotion_museums.pdf, 3.4 MB\">Recommendation concerning the Protection and Promotion of Museums and Collections, their Diversity and their Role in Society<\/a>\u00a0&#8211; v \u010desk\u00e9m p\u0159ekladu <a href=\"http:\/\/icom-czechia.mini.icom.museum\/wp-content\/uploads\/sites\/34\/2019\/01\/2015_Doporuceni_na_ochranu__a_podporu_muzei_UNESCO_ICOM.pdf\" title=\"TEXT, 2016 Doporuceni UNESCO pro muzea, 2016_Doporuceni_UNESCO_pro_muzea.pdf, 325 KB\">Doporu\u010den\u00ed na ochranu a podporu muze\u00ed a sb\u00edrek, jejich rozmanitosti a jejich \u00falohy ve spole\u010dnosti<\/a>. Dokument byl\u00a0schv\u00e1len\u00fd v listopadu 2015\u00a0na zased\u00e1n\u00ed UNESCO.<br \/>Dokument byl p\u0159ipraven v \u00fazk\u00e9 spolupr\u00e1ci s ICOM a jedn\u00e1n\u00ed bylo sponzorov\u00e1no Braz\u00edli\u00ed a \u010ceskou republikou.<br \/>Dokument stanovuje z\u00e1kladn\u00ed funkce muze\u00ed a sb\u00edrek, jejich definici a specifika, kter\u00fdmi jsou: ochrana kulturn\u00edho d\u011bdictv\u00ed, v\u00fdzkum, zprost\u0159edkov\u00e1v\u00e1n\u00ed ve\u0159ejnosti, vzd\u011bl\u00e1v\u00e1n\u00ed.\u00a0Zab\u00fdv\u00e1 se i vz\u00e1jemn\u00fdm vztahem muze\u00ed a spole\u010dnosti, ot\u00e1zkami jako je globalizace, ekonomick\u00fd v\u00fdvoj, kvalita \u017eivota, soci\u00e1ln\u00ed role muze\u00ed, prov\u00e1zanost s IT.<br \/>\u010cesk\u00e1 republika se aktivn\u011b pod\u00edlela na p\u0159\u00edprav\u00e1ch dokumentu i na samotn\u00e9m jedn\u00e1n\u00ed. P\u0159eklad byl p\u0159edstaven\u00fd na plen\u00e1rn\u00edm zased\u00e1n\u00ed \u010cV ICOM v \u00fanoru 2016. Za p\u0159ipom\u00ednky k p\u0159ekladu d\u011bkujeme p\u0159edev\u0161\u00edm pracovn\u00edk\u016fm \u00dastavu\u00a0archeologie a muzeologie a Katedry UNESCO pro muzeologii a sv\u011btov\u00e9 d\u011bdictv\u00ed FFMU v Brn\u011b, d\u00e1le Asociaci muze\u00ed a galeri\u00ed \u010cR, Rad\u011b galeri\u00ed \u010cR, \u010cesk\u00e9mu svazu muze\u00ed v p\u0159\u00edrod\u011b. <\/p>\n<p><span><br \/>V listopadu <b>2016\u00a0<\/b><\/span><span>se v \u010d\u00ednsk\u00e9m \u0160en\u010denu (Shen-zhen) konalo<\/span><span>\u00a0<\/span><b>UNESCO High Level Forum on Museums<\/b><span>. Mezi deleg\u00e1ty byli po\u010detn\u011b zastoupen\u00ed tak\u00e9 \u010dlenov\u00e9 ICOMu. Hlavn\u00edm bodem programu byla implementace UNESCO Doporu\u010den\u00ed\u00a0<\/span><span>na ochranu a podporu muze\u00ed a sb\u00edrek, jejich rozmanitosti a jejich \u00falohy ve spole\u010dnosti z roku 2016 a hlavn\u00edm v\u00fdstupem se stala <b><a href=\"http:\/\/icom-czechia.mini.icom.museum\/wp-content\/uploads\/sites\/34\/2019\/01\/2016_UNESCO_Sencenska_deklarace.pdf\" title=\"TEXT, 2016 UNESCO Sencenska deklarace, 2016_UNESCO_Sencenska_deklarace.pdf, 816 KB\">\u0160en\u010densk\u00e1\u00a0deklarace o muze\u00edch a sb\u00edrk\u00e1ch<\/a><\/b>. Zpr\u00e1vu najdete\u00a0<a href=\"http:\/\/icom-czechia.mini.icom.museum\/wp-content\/uploads\/sites\/34\/2019\/01\/2016_UNESCO_Shenzhen_Lehmannova.pdf\" title=\"TEXT, 2016 UNESCO Shenzhen Lehmannova, 2016_UNESCO_Shenzhen_Lehmannova.pdf, 551 KB\">zde<\/a>.<\/span><\/p>\n<p><b>Digitalizace<\/b><br \/>V souvislosti s rozvojem technologi\u00ed se rapidn\u011b zv\u00fd\u0161il objem digit\u00e1ln\u011b uchov\u00e1van\u00fdch informac\u00ed. Jejich uchov\u00e1v\u00e1n\u00ed ve srovn\u00e1n\u00ed s tradi\u010dn\u00edmi formami (fyzick\u00e1 forma \u2013 pap\u00edr, dokumenty, knihy) je v\u0161ak m\u00e9n\u011b trval\u00e9, a tak je t\u0159eba zajistit jejich dlouhodob\u00e9 uchov\u00e1n\u00ed. K tomuto \u00fa\u010delu slou\u017e\u00ed tak\u00e9 pokyny <a href=\"http:\/\/icom-czechia.mini.icom.museum\/wp-content\/uploads\/sites\/34\/2019\/01\/2016_Digitalisation_persist-content-guidelines.pdf\" title=\"TEXT, 2016 Digitalisation persist-content-guidelines, 2016_Digitalisation_persist-content-guidelines.pdf, 631 KB\">The UNESCO\/PERSIST\u00a0Guidelines on the selection of digital heritage for long-term preservation<\/a>, doprov\u00e1zen\u00fd koment\u00e1\u0159em\u00a0<a href=\"http:\/\/icom-czechia.mini.icom.museum\/wp-content\/uploads\/sites\/34\/2019\/01\/2016_Digitization_guidelines_for_web.pdf\" title=\"TEXT, 2016 Digitization guidelines for web, 2016_Digitization_guidelines_for_web.pdf, 358 KB\">Fundamental principles of digitization of documentary heritage<\/a>. \u010cesk\u00e9 resum\u00e9 je k dispozici <a href=\"http:\/\/icom-czechia.mini.icom.museum\/wp-content\/uploads\/sites\/34\/2019\/01\/2016_Digitization_resume.pdf\" title=\"TEXT, 2016 Digitization resume, 2016_Digitization_resume.pdf, 134 KB\">zde<\/a>.<\/p>\n<p> \t\t<!--  Text: [end] --> \t\t\t<\/div>\n<p> \t\t<!--  Image block: [end] --> \t\t\t   \t<!--  \t\tBEGIN: Content of extension \"hpo_relatedlink\", plugin \"tx_hporelatedlink_pi1\"  \t--> \t<\/p>\n<div> \t\t \t<\/div>\n<p> \t \t<!-- END: Content of extension \"hpo_relatedlink\", plugin \"tx_hporelatedlink_pi1\" -->  \t<\/div>\n<p> \t<!--  CONTENT ELEMENT, uid:15706\/textpic [end] --> \t\t<!--TYPO3SEARCH_end--> <\/div>\n","protected":false},"excerpt":{"rendered":"<p>Rezoluce Rady bezpe\u010dnosti OSN k zamezen\u00ed nez\u00e1konn\u00e9ho obchodu s kulturn\u00edmi statky a k boji se v\u0161emi formami podpory teroristick\u00fdch bandDne 24. dubna 2017 byl Radou bezpe\u010dnosti projedn\u00e1na a odsouhlasena rezoluce \u010d. 2347 (2017). Rezoluce se t\u00fdk\u00e1 opat\u0159en\u00ed, kter\u00e9 by m\u011bly \u010dlensk\u00e9 st\u00e1ty p\u0159ijmout k zamezen\u00ed nez\u00e1konn\u00e9ho obchodu s kulturn\u00edmi statky a k boji s jak\u00fdmikoliv [&hellip;]<\/p>\n","protected":false},"author":1,"featured_media":0,"parent":130,"menu_order":4,"comment_status":"closed","ping_status":"closed","template":"","meta":{"footnotes":""},"yst_prominent_words":[],"acf":[],"_links":{"self":[{"href":"https:\/\/icom-czech.mini.icom.museum\/en\/wp-json\/wp\/v2\/pages\/192"}],"collection":[{"href":"https:\/\/icom-czech.mini.icom.museum\/en\/wp-json\/wp\/v2\/pages"}],"about":[{"href":"https:\/\/icom-czech.mini.icom.museum\/en\/wp-json\/wp\/v2\/types\/page"}],"author":[{"embeddable":true,"href":"https:\/\/icom-czech.mini.icom.museum\/en\/wp-json\/wp\/v2\/users\/1"}],"replies":[{"embeddable":true,"href":"https:\/\/icom-czech.mini.icom.museum\/en\/wp-json\/wp\/v2\/comments?post=192"}],"version-history":[{"count":1,"href":"https:\/\/icom-czech.mini.icom.museum\/en\/wp-json\/wp\/v2\/pages\/192\/revisions"}],"predecessor-version":[{"id":2111,"href":"https:\/\/icom-czech.mini.icom.museum\/en\/wp-json\/wp\/v2\/pages\/192\/revisions\/2111"}],"up":[{"embeddable":true,"href":"https:\/\/icom-czech.mini.icom.museum\/en\/wp-json\/wp\/v2\/pages\/130"}],"wp:attachment":[{"href":"https:\/\/icom-czech.mini.icom.museum\/en\/wp-json\/wp\/v2\/media?parent=192"}],"wp:term":[{"taxonomy":"yst_prominent_words","embeddable":true,"href":"https:\/\/icom-czech.mini.icom.museum\/en\/wp-json\/wp\/v2\/yst_prominent_words?post=192"}],"curies":[{"name":"wp","href":"https:\/\/api.w.org\/{rel}","templated":true}]}}