{"id":158,"date":"2019-01-07T15:16:31","date_gmt":"2019-01-07T15:16:31","guid":{"rendered":"http:\/\/icom-czechia.icom.cust.oxymium.net\/icom\/mezinarodni-komise\/"},"modified":"2020-08-12T12:51:02","modified_gmt":"2020-08-12T12:51:02","slug":"mezinarodni-komise","status":"publish","type":"page","link":"https:\/\/icom-czech.mini.icom.museum\/en\/icom\/mezinarodni-komise\/","title":{"rendered":"Mezin\u00e1rodn\u00ed v\u00fdbory"},"content":{"rendered":"<div id=\"RTE_CONTENT\">\n<p><!--TYPO3SEARCH_begin--> <!-- CONTENT ELEMENT, uid:8807\/text [begin] --><\/p>\n<div id=\"c8807\">\n<p><!-- Text: [begin] --><\/p>\n<p>Mezin\u00e1rodn\u00ed v\u00fdbory spojuj\u00ed muzejn\u00ed pracovn\u00edky na cel\u00e9m sv\u011bt\u011b na z\u00e1klad\u011b jejich specializace. P\u0159edsedov\u00e9 mezin\u00e1rodn\u00edch v\u00fdbor\u016f jsou \u010dleny Poradn\u00edho v\u00fdboru ICOM.<\/p>\n<p>St\u00e1vaj\u00edc\u00edch mezin\u00e1rodn\u00ed v\u00fdbory tvo\u0159\u00ed think tank sv\u011btov\u00e9ho muzejnictv\u00ed. Definuj\u00ed standardy profesion\u00e1ln\u00ed muzejn\u00ed pr\u00e1ce, sd\u00edl\u00ed odborn\u00e9 poznatky, rozv\u00edjej\u00ed spolupr\u00e1ci s dal\u0161\u00edmi organizacemi.<\/p>\n<p>&nbsp;<\/p>\n<p><a href=\"http:\/\/icamt.mini.icom.museum\"><strong>ICAMT<\/strong><\/a><br \/>\nInternational Committee for Architecture and Museum Techniques &#8211; Mezin\u00e1rodn\u00ed v\u00fdbor pro architekturu a muzejn\u00ed technologie<\/p>\n<p><a href=\"http:\/\/avicom.mini.icom.museum\"><strong>AVICOM<\/strong><\/a><br \/>\nInternational Committee for Audiovisual and New Technologies of Image and Sound &#8211; Mezin\u00e1rodn\u00ed v\u00fdbor pro audiovizu\u00e1ln\u00ed a nov\u00e9 technologie obraz\u016f a zvuku<\/p>\n<p><a href=\"http:\/\/comcol.mini.icom.museum\"><strong>COMCOL<\/strong><\/a><br \/>\nInternational Committee for Collecting\u00a0 &#8211; Mezin\u00e1rodn\u00ed v\u00fdbor sb\u00edrkovou \u010dinnost<\/p>\n<p><a href=\"http:\/\/www.icom-cc.org\"><strong>ICOM-CC<\/strong><\/a><br \/>\nInternational Committee for Conservation &#8211; Mezin\u00e1rodn\u00ed v\u00fdbor pro konzervaci<\/p>\n<p><a href=\"http:\/\/cidoc.mini.icom.museum\"><strong>CIDOC<\/strong><\/a><br \/>\nInternational Committee for Documentation &#8211; Mezin\u00e1rodn\u00ed v\u00fdbor pro dokumentaci<\/p>\n<p><a href=\"http:\/\/ceca.mini.icom.museum\"><strong>CECA<\/strong><\/a><br \/>\nInternational Committee for Education and Cultural Action &#8211; Mezin\u00e1rodn\u00ed v\u00fdbor pro vzd\u011bl\u00e1n\u00ed a kulturn\u00ed \u010dinnosti<\/p>\n<p><a href=\"http:\/\/cipeg.icom.museum\"><strong>CIPEG<\/strong><\/a><br \/>\nInternational Committee for Egyptology &#8211; Mezin\u00e1rodn\u00ed v\u00fdbor pro egyptologii<\/p>\n<p><a href=\"http:\/\/network.icom.museum\/icee\"><strong>ICEE<\/strong><\/a><br \/>\nInternational Committee for Exhibition Exchange &#8211; Mezin\u00e1rodn\u00ed v\u00fdbor pro v\u00fdm\u011bny v\u00fdstav<\/p>\n<p><a href=\"https:\/\/icom-demhist.org\"><strong>DEMHIST<\/strong><\/a><br \/>\nInternational Committee for Historic House Museums &#8211; Mezin\u00e1rodn\u00ed v\u00fdbor pro muzea v historicky v\u00fdznamn\u00fdch domech<\/p>\n<p><a href=\"http:\/\/network.icom.museum\/iclm\"><strong>ICLM<\/strong><\/a><br \/>\nInternational Committee for Literary and Composers\u00b4 Museums &#8211; Mezin\u00e1rodn\u00ed v\u00fdbor pro muzea literatury a skladatel\u016f<\/p>\n<p><a href=\"http:\/\/network.icom.museum\/mpr\"><strong>MPR<\/strong><\/a><br \/>\nInternational Committee for Marketing and Public Relations &#8211; Mezin\u00e1rodn\u00ed v\u00fdbor pro marketing a PR<\/p>\n<p><a href=\"http:\/\/icmemo.mini.icom.museum\"><strong>ICMEMO<\/strong><\/a><br \/>\nInternational Committee of Memorial Museums in Remembrance of the Victims of Public Crimes &#8211; Mezin\u00e1rodn\u00ed v\u00fdbor muzej\u00ed ob\u011bt\u00ed zlo\u010din\u016f<\/p>\n<p><a href=\"http:\/\/icomon.mini.icom.museum\"><strong>ICOMON<\/strong><\/a><br \/>\nInternational Committee for Money and Banking Museums &#8211;\u00a0 &#8211; Mezin\u00e1rodn\u00ed v\u00fdbor pen\u011b\u017en\u00edch a bankovn\u00edch muze\u00ed<\/p>\n<p><a href=\"http:\/\/icofom.mini.icom.museum\"><strong>ICOFOM<\/strong><\/a><br \/>\nInternational Committee for Museology &#8211; Mezin\u00e1rodn\u00ed v\u00fdbor pro muzeologii<\/p>\n<p><a href=\"http:\/\/intercom.mini.icom.museum\"><strong>INTERCOM<\/strong><\/a><br \/>\nInternational Committee on Management &#8211; Mezin\u00e1rodn\u00ed v\u00fdbor managementu<\/p>\n<p><a href=\"http:\/\/network.icom.museum\/icms\"><strong>ICMS<\/strong><\/a><br \/>\nInternational Committee for Museum Security &#8211; Mezin\u00e1rodn\u00ed v\u00fdbor muzejn\u00ed bezpe\u010dnosti<\/p>\n<p><a href=\"http:\/\/icmah.mini.icom.museum\"><strong>ICMAH<\/strong><\/a><br \/>\nInternational Committee for Museums and Collections of Archaeology and History &#8211; Mezin\u00e1rodn\u00ed v\u00fdbor pro archeologick\u00e1 a historick\u00e1 muzea a sb\u00edrky<\/p>\n<p><a href=\"http:\/\/icomam.mini.icom.museum\"><strong>ICOMAM<\/strong><\/a><br \/>\nInternational Committee for Museums of Arms and Military History &#8211; Mezin\u00e1rodn\u00ed v\u00fdbor muze\u00ed zbran\u00ed a vojensk\u00e9 historie<\/p>\n<p><a href=\"http:\/\/costume.mini.icom.museum\"><strong>COSTUME<\/strong><\/a><br \/>\nInternational Committee for Museums and Collections of Costume\u00a0 &#8211; Mezin\u00e1rodn\u00ed v\u00fdbor\u00a0 pro muzea a sb\u00edrky od\u011bv\u016f<\/p>\n<p><a href=\"https:\/\/icom-icdad.org\"><strong>ICDAD<\/strong><\/a><br \/>\nInternational Committee for Museums and Collections of Decorative Arts and Design &#8211; Mezin\u00e1rodn\u00ed v\u00fdbor pro muzea a sb\u00edrky u\u017eit\u00e9ho um\u011bn\u00ed a designu<\/p>\n<p><a href=\"http:\/\/icme.mini.icom.museum\"><strong>ICME<\/strong><\/a><br \/>\nInternational Committee for Museums and Collections of Ethnography &#8211; Mezin\u00e1rodn\u00ed v\u00fdbor proetnografick\u00e1 muzea a sb\u00edrky<\/p>\n<p><a href=\"http:\/\/icfa.mini.icom.museum\"><strong>ICFA<\/strong><\/a><br \/>\nInternational Committee for Museums and Collections of Fine Arts &#8211; Mezin\u00e1rodn\u00ed v\u00fdbor pro muzea a sb\u00edrky v\u00fdtvarn\u00e9ho um\u011bn\u00ed<\/p>\n<p><a href=\"http:\/\/glass.mini.icom.museum\"><strong>GLASS<\/strong><\/a><br \/>\nInternational Committee for Museums and Collections of Glass &#8211; Mezin\u00e1rodn\u00ed v\u00fdbor pro muzea a sb\u00edrky skla<\/p>\n<p><a href=\"http:\/\/cimcim.mini.icom.museum\"><strong>CIMCIM<\/strong><\/a><br \/>\nInternational Committee for Museums and Collections of Musical Instruments &#8211; Mezin\u00e1rodn\u00ed v\u00fdbor pro muzea a sb\u00edrky hudebn\u00edch n\u00e1stroj\u016f<\/p>\n<p><a href=\"https:\/\/icomnathist.com\"><strong>NATHIST<\/strong><\/a><br \/>\nInternational Committee for Museums and Collections of Natural History &#8211; Mezin\u00e1rodn\u00ed v\u00fdbor pro muzea a sb\u00edrky p\u0159\u00edrodn\u00ed historie<\/p>\n<p><a href=\"http:\/\/cimuset.mini.icom.museum\"><strong>CIMUSET<\/strong><\/a><br \/>\nInternational Committee for Museums and Collections of Science and Technology &#8211; Mezin\u00e1rodn\u00ed v\u00fdbor pro muzea a sb\u00edrky v\u011bdy a techniky<\/p>\n<p><a href=\"http:\/\/network.icom.museum\/icr\"><strong>ICR<\/strong><\/a><br \/>\nInternational Committee for Regional Museums\u00a0 &#8211; Mezin\u00e1rodn\u00ed v\u00fdbor region\u00e1ln\u00edch muze\u00ed<\/p>\n<p><a href=\"http:\/\/network.icom.museum\/camoc\"><strong>CAMOC<\/strong><\/a><br \/>\nInternational Committee for the Collections and Activities of Museums of Cities &#8211; Mezin\u00e1rodn\u00ed v\u00fdbor pro sb\u00edrky a \u010dinnosti m\u011bstsk\u00fdch muze\u00ed<\/p>\n<p><a href=\"http:\/\/ictop.org\"><strong>ICTOP<\/strong><\/a><br \/>\nInternational Committee for the Training of Personnel &#8211; Mezin\u00e1rodn\u00ed v\u00fdbor pro vzd\u011bl\u00e1v\u00e1n\u00ed muzejn\u00edch zam\u011bstnanc\u016f<\/p>\n<p><a href=\"http:\/\/umac.icom.museum\"><strong>UMAC<\/strong><\/a><br \/>\nInternational Committee for University Museums and Collections &#8211; Mezin\u00e1rodn\u00ed v\u00fdbor pro univerzitn\u00ed sb\u00edrky a muzea<\/p>\n<p><strong>DRMC<\/strong><br \/>\nInternational Committee on Disaster Resilient Museums &#8211; Mezin\u00e1rodn\u00ed v\u00fdbor pro odolnost muze\u00ed v\u016f\u010di katastrof\u00e1m<\/p>\n<p><a href=\"https:\/\/www.ic-ethics.museum\"><strong>ICEthics<\/strong><\/a><br \/>\nInternational Committee on Ethical Dilemmas &#8211; Mezin\u00e1rodn\u00ed v\u00fdbor pro etick\u00e9 ot\u00e1zky<\/p>\n<p>&nbsp;<\/p>\n<p>&nbsp;<\/p>\n<p>&nbsp;<\/p>\n<p>&nbsp;<\/p>\n<p>&nbsp;<\/p>\n<p>&nbsp;<\/p>\n<p>&nbsp;<\/p>\n<p>&nbsp;<\/p>\n<p>&nbsp;<\/p>\n<p>&nbsp;<\/p>\n<p>&nbsp;<\/p>\n<p>&nbsp;<\/p>\n<p>&nbsp;<\/p>\n<p>&nbsp;<\/p>\n<p>&nbsp;<\/p>\n<p>&nbsp;<\/p>\n<p>&nbsp;<\/p>\n<p>&nbsp;<\/p>\n<p>&nbsp;<\/p>\n<p>&nbsp;<\/p>\n<p>&nbsp;<\/p>\n<p>&nbsp;<\/p>\n<p>&nbsp;<\/p>\n<p><!-- Text: [end] --> <!-- BEGIN: Content of extension \"hpo_relatedlink\", plugin \"tx_hporelatedlink_pi1\" --><\/p>\n<div><\/div>\n<p><!-- END: Content of extension \"hpo_relatedlink\", plugin \"tx_hporelatedlink_pi1\" --><\/p>\n<\/div>\n<p><!-- CONTENT ELEMENT, uid:8807\/text [end] --> <!--TYPO3SEARCH_end--><\/p>\n<\/div>\n","protected":false},"excerpt":{"rendered":"<p>Mezin\u00e1rodn\u00ed v\u00fdbory spojuj\u00ed muzejn\u00ed pracovn\u00edky na cel\u00e9m sv\u011bt\u011b na z\u00e1klad\u011b jejich specializace. P\u0159edsedov\u00e9 mezin\u00e1rodn\u00edch v\u00fdbor\u016f jsou \u010dleny Poradn\u00edho v\u00fdboru ICOM. St\u00e1vaj\u00edc\u00edch mezin\u00e1rodn\u00ed v\u00fdbory tvo\u0159\u00ed think tank sv\u011btov\u00e9ho muzejnictv\u00ed. Definuj\u00ed standardy profesion\u00e1ln\u00ed muzejn\u00ed pr\u00e1ce, sd\u00edl\u00ed odborn\u00e9 poznatky, rozv\u00edjej\u00ed spolupr\u00e1ci s dal\u0161\u00edmi organizacemi. &nbsp; ICAMT International Committee for Architecture and Museum Techniques &#8211; Mezin\u00e1rodn\u00ed v\u00fdbor pro architekturu [&hellip;]<\/p>\n","protected":false},"author":1,"featured_media":0,"parent":130,"menu_order":3,"comment_status":"closed","ping_status":"closed","template":"","meta":{"footnotes":""},"yst_prominent_words":[],"acf":[],"_links":{"self":[{"href":"https:\/\/icom-czech.mini.icom.museum\/en\/wp-json\/wp\/v2\/pages\/158"}],"collection":[{"href":"https:\/\/icom-czech.mini.icom.museum\/en\/wp-json\/wp\/v2\/pages"}],"about":[{"href":"https:\/\/icom-czech.mini.icom.museum\/en\/wp-json\/wp\/v2\/types\/page"}],"author":[{"embeddable":true,"href":"https:\/\/icom-czech.mini.icom.museum\/en\/wp-json\/wp\/v2\/users\/1"}],"replies":[{"embeddable":true,"href":"https:\/\/icom-czech.mini.icom.museum\/en\/wp-json\/wp\/v2\/comments?post=158"}],"version-history":[{"count":4,"href":"https:\/\/icom-czech.mini.icom.museum\/en\/wp-json\/wp\/v2\/pages\/158\/revisions"}],"predecessor-version":[{"id":4025,"href":"https:\/\/icom-czech.mini.icom.museum\/en\/wp-json\/wp\/v2\/pages\/158\/revisions\/4025"}],"up":[{"embeddable":true,"href":"https:\/\/icom-czech.mini.icom.museum\/en\/wp-json\/wp\/v2\/pages\/130"}],"wp:attachment":[{"href":"https:\/\/icom-czech.mini.icom.museum\/en\/wp-json\/wp\/v2\/media?parent=158"}],"wp:term":[{"taxonomy":"yst_prominent_words","embeddable":true,"href":"https:\/\/icom-czech.mini.icom.museum\/en\/wp-json\/wp\/v2\/yst_prominent_words?post=158"}],"curies":[{"name":"wp","href":"https:\/\/api.w.org\/{rel}","templated":true}]}}