{"id":156,"date":"2019-01-07T15:16:29","date_gmt":"2019-01-07T15:16:29","guid":{"rendered":"http:\/\/icom-czechia.icom.cust.oxymium.net\/icom\/clenske-poplatky\/"},"modified":"2023-06-13T12:19:52","modified_gmt":"2023-06-13T12:19:52","slug":"clenske-poplatky","status":"publish","type":"page","link":"https:\/\/icom-czech.mini.icom.museum\/en\/icom\/clenske-poplatky\/","title":{"rendered":"\u010clensk\u00e9 poplatky"},"content":{"rendered":"<div id=\"RTE_CONTENT\">\n<p><!--TYPO3SEARCH_begin--> <!-- CONTENT ELEMENT, uid:21122\/textpic [begin] --><\/p>\n<div id=\"c21122\">\n<p><!-- Image block: [begin] --><\/p>\n<div><\/div>\n<p><!-- Image block: [end] --> <!-- BEGIN: Content of extension \"hpo_relatedlink\", plugin \"tx_hporelatedlink_pi1\" --><\/p>\n<div><\/div>\n<p><!-- END: Content of extension \"hpo_relatedlink\", plugin \"tx_hporelatedlink_pi1\" --><\/p>\n<\/div>\n<p><!-- CONTENT ELEMENT, uid:21122\/textpic [end] --> <!-- CONTENT ELEMENT, uid:21123\/textpic [begin] --><\/p>\n<div id=\"c21123\">\n<p><!-- Image block: [begin] --><\/p>\n<div>\n<p><!-- Text: [begin] --><\/p>\n<p>V\u00e1\u017een\u00ed p\u0159\u00e1tel\u00e9,<br \/>\njako ka\u017ed\u00fd rok si V\u00e1m dovolujeme ozn\u00e1mit v\u00fd\u0161i \u010dlensk\u00fdch p\u0159\u00edsp\u011bvk\u016f ICOM na rok 2023. Sazby stanoven\u00e9 v EUR pa\u0159\u00ed\u017esk\u00fdm sekretari\u00e1tem ICOM jsou p\u0159epo\u010dteny na K\u010d, nav\u00fd\u0161eny o 15% na \u010dinnost \u010cesk\u00e9ho v\u00fdboru ICOM z.s. a na bankovn\u00ed p\u0159evody. V\u00fd\u0161e \u010dlensk\u00e9ho p\u0159\u00edsp\u011bvku je stanovena dle ekonomick\u00e9 situace jednotliv\u00fdch \u010dlensk\u00fdch st\u00e1t\u016f. \u010cesk\u00e1 republika je za\u0159azena do kategorie 2.<\/p>\n<p><strong>Poplatky 2023 za<\/strong>\u00a0<strong>individu\u00e1ln\u00ed \u010dlenstv\u00ed ICOM<\/strong>:<br \/>\n\u0158\u00e1dn\u00ed \u010dlenov\u00e9: \u00a0\u00a0\u00a0\u00a0\u00a0\u00a0\u00a0\u00a0\u00a0\u00a0\u00a0\u00a0\u00a0\u00a0\u00a0\u00a0\u00a0\u00a0\u00a0\u00a0\u00a0 1.610 K\u010d<br \/>\nD\u016fchodci:\u00a0\u00a0\u00a0\u00a0\u00a0\u00a0\u00a0\u00a0\u00a0\u00a0\u00a0\u00a0\u00a0\u00a0\u00a0\u00a0\u00a0\u00a0\u00a0\u00a0\u00a0\u00a0\u00a0\u00a0\u00a0\u00a0\u00a0\u00a0\u00a0\u00a0 \u00a0\u00a0 644 K\u010d<br \/>\nStudenti:\u00a0\u00a0\u00a0\u00a0\u00a0\u00a0\u00a0\u00a0\u00a0\u00a0\u00a0\u00a0\u00a0\u00a0\u00a0\u00a0\u00a0\u00a0\u00a0\u00a0\u00a0\u00a0\u00a0\u00a0\u00a0\u00a0\u00a0\u00a0\u00a0\u00a0\u00a0\u00a0 \u00a0\u00a0\u00a0644 K\u010d<\/p>\n<p><strong>Poplatky 2023 za institucion\u00e1ln\u00ed<\/strong><strong>\u00a0\u010dlenstv\u00ed ICOM<\/strong>:<br \/>\nU instituc\u00ed se v\u00fd\u0161e p\u0159\u00edsp\u011bvku stanovuje dle v\u00fd\u0161e provozn\u00edho rozpo\u010dtu instituce. Pros\u00edme statut\u00e1rn\u00ed z\u00e1stupce, aby sv\u00e9 instituce dle rozpo\u010dtu za\u0159adili a zaplatili p\u0159\u00edslu\u0161nou \u010d\u00e1stku. Na v\u00fd\u0161i p\u0159\u00edsp\u011bvku pak z\u00e1vis\u00ed po\u010det pr\u016fkaz\u016f (viz. n\u00ed\u017ee).<\/p>\n<p><strong>V\u00fd\u0161e provozn\u00edho rozpo\u010dtu instituce:<br \/>\n<\/strong>M\u00e9n\u011b ne\u017e\u00a0\u00a0 750 000 K\u010d\u00a0\u00a0\u00a0\u00a0\u00a0\u00a0\u00a0\u00a0\u00a0\u00a0\u00a0\u00a0\u00a0\u00a0\u00a0\u00a0\u00a0\u00a0\u00a0\u00a0 v\u00fd\u0161e p\u0159\u00edsp\u011bvku\u00a0\u00a0\u00a0\u00a0\u00a0\u00a0\u00a0\u00a0\u00a0\u00a0\u00a0\u00a0<strong>6\u00a0955 K\u010d<\/strong>\u00a0\u00a0\u00a0\u00a0\u00a0\u00a0\u00a0\u00a0\u00a0\u00a0\u00a0\u00a0\u00a0\u00a0\u00a0\u00a0\u00a0\u00a0 3 pr\u016fkazy<br \/>\n750 000 \u2013 2 500 000 K\u010d\u00a0\u00a0\u00a0\u00a0\u00a0\u00a0\u00a0\u00a0\u00a0\u00a0\u00a0\u00a0\u00a0\u00a0\u00a0\u00a0\u00a0\u00a0\u00a0\u00a0 v\u00fd\u0161e p\u0159\u00edsp\u011bvku \u00a0\u00a0\u00a0\u00a0\u00a0\u00a0\u00a0\u00a0\u00a0\u00a0\u00a0<strong>8\u00a0694 K\u010d<\/strong>\u00a0\u00a0\u00a0\u00a0\u00a0\u00a0\u00a0\u00a0\u00a0\u00a0\u00a0\u00a0\u00a0\u00a0\u00a0\u00a0\u00a0\u00a0 4 pr\u016fkazy<br \/>\n2 500 000 \u2013 25 000 000 K\u010d\u00a0\u00a0\u00a0\u00a0\u00a0\u00a0\u00a0\u00a0\u00a0\u00a0\u00a0\u00a0\u00a0\u00a0\u00a0 v\u00fd\u0161e p\u0159\u00edsp\u011bvku\u00a0\u00a0\u00a0\u00a0\u00a0\u00a0\u00a0\u00a0\u00a0\u00a0<strong>12\u00a0526 K\u010d<\/strong>\u00a0\u00a0\u00a0\u00a0\u00a0\u00a0\u00a0\u00a0\u00a0\u00a0\u00a0\u00a0\u00a0\u00a0\u00a0\u00a0 \u00a0 5 pr\u016fkaz\u016f<br \/>\n25 000 000 \u2013 125 000 000 K\u010d \u00a0\u00a0\u00a0\u00a0\u00a0\u00a0\u00a0\u00a0\u00a0\u00a0 v\u00fd\u0161e p\u0159\u00edsp\u011bvku\u00a0\u00a0\u00a0\u00a0\u00a0\u00a0\u00a0\u00a0\u00a0\u00a0<strong>15\u00a0231 K\u010d<\/strong>\u00a0\u00a0\u00a0\u00a0\u00a0\u00a0 \u00a0\u00a0\u00a0\u00a0\u00a0\u00a0\u00a0\u00a0\u00a0\u00a0\u00a0 6 pr\u016fkaz\u016f<br \/>\n125 000 000 \u2013 250 000 000 K\u010d\u00a0\u00a0\u00a0\u00a0\u00a0\u00a0\u00a0\u00a0 \u00a0v\u00fd\u0161e p\u0159\u00edsp\u011bvku\u00a0\u00a0\u00a0\u00a0\u00a0\u00a0\u00a0\u00a0\u00a0\u00a0\u00a0<strong>17\u00a0420 K\u010d<\/strong>\u00a0\u00a0\u00a0\u00a0\u00a0\u00a0\u00a0\u00a0\u00a0\u00a0\u00a0\u00a0 \u00a0\u00a0\u00a0\u00a0 7 pr\u016fkaz\u016f<br \/>\nv\u00edce ne\u017e\u00a0\u00a0\u00a0\u00a0 250 000 000 K\u010d\u00a0 \u00a0\u00a0\u00a0\u00a0\u00a0\u00a0\u00a0\u00a0\u00a0\u00a0\u00a0\u00a0 v\u00fd\u0161e p\u0159\u00edsp\u011bvku\u00a0\u00a0\u00a0\u00a0\u00a0\u00a0\u00a0\u00a0\u00a0\u00a0\u00a0<strong>26\u00a0790 K\u010d<\/strong>\u00a0\u00a0\u00a0\u00a0\u00a0\u00a0\u00a0\u00a0\u00a0\u00a0\u00a0 \u00a0\u00a0\u00a0\u00a0\u00a0 8 pr\u016fkaz\u016f<\/p>\n<p>\u010clensk\u00e9 p\u0159\u00edsp\u011bvky na rok 2023 pros\u00edm zapla\u0165te bankovn\u00edm p\u0159evodem na \u00fa\u010det \u010cV ICOM v Komer\u010dn\u00ed bance a.s., \u010d\u00edslo \u00fa\u010dtu 29230061\/0100 (IBAN: CZ4801000000000029230061, SWIFT: KOMBCPPXXX) a z\u0159eteln\u011b identifikujte platbu\u00a0<strong>sv\u00fdm jm\u00e9nem, jm\u00e9nem sv\u00e9 instituce a jako variabiln\u00ed symbol zadejte \u010d\u00edslo sv\u00e9ho ICOM pr\u016fkazu (neplat\u00ed pro nov\u00e9 \u010dleny) a rokem 2023<\/strong>. Pros\u00edm v\u0161echny platby prov\u00e9st na \u00fa\u010det, hotovostn\u00ed platby nep\u0159ij\u00edm\u00e1me. P\u0159i platb\u011b po\u0161tovn\u00ed pouk\u00e1zkou, pros\u00edme identifikovat platbu a zaslat potvrzen\u00ed o platb\u011b na e-mail: icom@mzm.cz. P\u0159i platb\u011b \u010dlensk\u00fdch p\u0159\u00edsp\u011bvk\u016f ze zahrani\u010d\u00ed, pros\u00edm o zaplacen\u00ed bankovn\u00edch poplatk\u016f na \u00fakor pl\u00e1tce.<\/p>\n<p>Uv\u00edt\u00e1me, pokud budete moci zaplatit \u010dlensk\u00e9 poplatky\u00a0<strong>do 31. 1. 2023<\/strong>. Nejzaz\u0161\u00ed term\u00edn pro zaplacen\u00ed p\u0159\u00edsp\u011bvk\u016f je do\u00a0<strong>31. b\u0159ezna 2023<\/strong>, po tomto datu se\u00a0<strong>zvy\u0161uje p\u0159\u00edsp\u011bvek ve v\u0161ech kategori\u00edch o 500,- K\u010d.<\/strong><br \/>\nStudenty pros\u00edm o zasl\u00e1n\u00ed nov\u00e9ho potvrzen\u00ed o studiu na \u0161koln\u00ed rok 2022\/23.<\/p>\n<p>Zn\u00e1mky\u00a0<strong>ICOM 2023<\/strong>\u00a0si bude mo\u017en\u00e9 osobn\u011b vyzvednout po p\u0159edchoz\u00ed domluv\u011b e-mailem: icom@mzm.cz\u00a0<strong>na recepci Moravsk\u00e9ho zemsk\u00e9ho muzea<\/strong>\u00a0na Zeln\u00e9m trhu 6, v Brn\u011b (7-17 hod), nebo budou\u00a0<strong>zasl\u00e1ny po\u0161tou oproti na e-mail zaslan\u00e9mu potvrzen\u00ed o p\u0159\u00edslu\u0161n\u00e9 platb\u011b a aktu\u00e1ln\u00ed po\u0161tovn\u00ed adresy<\/strong>. Dal\u0161\u00ed mo\u017enost\u00ed vyzvednut\u00ed je oproti potvrzen\u00ed o platb\u011b na plen\u00e1rn\u00edm zased\u00e1n\u00ed, kter\u00e9 se bude konat v\u00a0Praze, v\u00a0pr\u016fb\u011bhu roku 2023.<br \/>\nPro p\u0159\u00edpravu pl\u00e1nu \u010dinnosti na p\u0159\u00ed\u0161t\u00ed rok V\u00e1s pros\u00edme o podn\u011bty pro dal\u0161\u00ed pr\u00e1ci a informace o projektech, kter\u00e9 chyst\u00e1te. Pokud k realizaci n\u011bkter\u00e9ho z nich budete pot\u0159ebovat finan\u010dn\u00ed p\u0159\u00edsp\u011bvek od \u010cV ICOM, je t\u0159eba o n\u011bj po\u017e\u00e1dat do\u00a0<strong>konce tohoto roku<\/strong>\u00a0(formul\u00e1\u0159 \u017e\u00e1dosti je ke sta\u017een\u00ed na<br \/>\n<a href=\"https:\/\/icom-czech.mini.icom.museum\/icom\/formulare-ke-stazeni\/\">https:\/\/icom-czech.mini.icom.museum\/icom\/formulare-ke-stazeni\/.<\/a>\u00a0Sledujte pros\u00edm d\u00e1le na\u0161e internetov\u00e9 str\u00e1nky:\u00a0<a href=\"https:\/\/icom-czech.mini.icom.museum\/\">https:\/\/icom-czech.mini.icom.museum\/.<\/a><\/p>\n<p>Se srde\u010dn\u00fdm pozdravem<\/p>\n<p>Martina Galetov\u00e1, tajemnice \u010cV ICOM<\/p>\n<p>&nbsp;<\/p>\n<p><!-- Text: [end] --><\/p>\n<\/div>\n<p><!-- Image block: [end] --> <!-- BEGIN: Content of extension \"hpo_relatedlink\", plugin \"tx_hporelatedlink_pi1\" --><\/p>\n<div><\/div>\n<p><!-- END: Content of extension \"hpo_relatedlink\", plugin \"tx_hporelatedlink_pi1\" --><\/p>\n<\/div>\n<p><!-- CONTENT ELEMENT, uid:21123\/textpic [end] --> <!--TYPO3SEARCH_end--><\/p>\n<\/div>\n","protected":false},"excerpt":{"rendered":"<p>V\u00e1\u017een\u00ed p\u0159\u00e1tel\u00e9, jako ka\u017ed\u00fd rok si V\u00e1m dovolujeme ozn\u00e1mit v\u00fd\u0161i \u010dlensk\u00fdch p\u0159\u00edsp\u011bvk\u016f ICOM na rok 2023. Sazby stanoven\u00e9 v EUR pa\u0159\u00ed\u017esk\u00fdm sekretari\u00e1tem ICOM jsou p\u0159epo\u010dteny na K\u010d, nav\u00fd\u0161eny o 15% na \u010dinnost \u010cesk\u00e9ho v\u00fdboru ICOM z.s. a na bankovn\u00ed p\u0159evody. V\u00fd\u0161e \u010dlensk\u00e9ho p\u0159\u00edsp\u011bvku je stanovena dle ekonomick\u00e9 situace jednotliv\u00fdch \u010dlensk\u00fdch st\u00e1t\u016f. \u010cesk\u00e1 republika je za\u0159azena [&hellip;]<\/p>\n","protected":false},"author":1,"featured_media":0,"parent":130,"menu_order":2,"comment_status":"closed","ping_status":"closed","template":"","meta":{"footnotes":""},"yst_prominent_words":[],"acf":[],"_links":{"self":[{"href":"https:\/\/icom-czech.mini.icom.museum\/en\/wp-json\/wp\/v2\/pages\/156"}],"collection":[{"href":"https:\/\/icom-czech.mini.icom.museum\/en\/wp-json\/wp\/v2\/pages"}],"about":[{"href":"https:\/\/icom-czech.mini.icom.museum\/en\/wp-json\/wp\/v2\/types\/page"}],"author":[{"embeddable":true,"href":"https:\/\/icom-czech.mini.icom.museum\/en\/wp-json\/wp\/v2\/users\/1"}],"replies":[{"embeddable":true,"href":"https:\/\/icom-czech.mini.icom.museum\/en\/wp-json\/wp\/v2\/comments?post=156"}],"version-history":[{"count":3,"href":"https:\/\/icom-czech.mini.icom.museum\/en\/wp-json\/wp\/v2\/pages\/156\/revisions"}],"predecessor-version":[{"id":6067,"href":"https:\/\/icom-czech.mini.icom.museum\/en\/wp-json\/wp\/v2\/pages\/156\/revisions\/6067"}],"up":[{"embeddable":true,"href":"https:\/\/icom-czech.mini.icom.museum\/en\/wp-json\/wp\/v2\/pages\/130"}],"wp:attachment":[{"href":"https:\/\/icom-czech.mini.icom.museum\/en\/wp-json\/wp\/v2\/media?parent=156"}],"wp:term":[{"taxonomy":"yst_prominent_words","embeddable":true,"href":"https:\/\/icom-czech.mini.icom.museum\/en\/wp-json\/wp\/v2\/yst_prominent_words?post=156"}],"curies":[{"name":"wp","href":"https:\/\/api.w.org\/{rel}","templated":true}]}}