{"id":1550,"date":"2019-01-07T15:29:29","date_gmt":"2019-01-07T15:29:29","guid":{"rendered":"http:\/\/icom-czechia.icom.cust.oxymium.net\/souteze\/gloria-musaealis\/news\/"},"modified":"2019-01-07T15:35:44","modified_gmt":"2019-01-07T15:35:44","slug":"news","status":"publish","type":"page","link":"https:\/\/icom-czech.mini.icom.museum\/en\/souteze\/gloria-musaealis\/news\/","title":{"rendered":"News"},"content":{"rendered":"<div id=\"RTE_CONTENT\"> <!--TYPO3SEARCH_begin--> \t<!--  CONTENT ELEMENT, uid:8785\/templavoila_pi1 [begin] --> \t\t<\/p>\n<div id=\"c8785\">\n<div>     <img decoding=\"async\" src=\"typo3temp\/pics\/38f5493858.jpg\" alt=\"\"><\/p>\n<h2><\/h2>\n<p>24. gener\u00e1ln\u00ed konference se bude konat 2.-9. \u010dervence 2016 v Mil\u00e1n\u011b v It\u00e1lii. Term\u00edn byl stanoven takto z n\u011bkolika d\u016fvod\u016f \u2013 v \u010dervenci se v Mil\u00e1n\u011b nekonaj\u00ed \u017e\u00e1dn\u00e9 veletrhy, m\u011bsto je pr\u00e1zdn\u011bj\u0161\u00ed, klidn\u011bj\u0161\u00ed a je zde levn\u011bj\u0161\u00ed ubytov\u00e1n\u00ed na m\u00edstn\u00edch vysoko\u0161kolsk\u00fdch kolej\u00edch. Kongre- sov\u00e9 centrum je 6 zast\u00e1vek od Mil\u00e1nsk\u00e9ho d\u00f3mu &#8211; t\u00e9m\u011b\u0159 v centru.<\/p>\n<div><\/div>\n<\/p><\/div>\n<p>   \t<!--  \t\tBEGIN: Content of extension \"hpo_relatedlink\", plugin \"tx_hporelatedlink_pi1\"  \t--> \t<\/p>\n<div> \t\t \t<\/div>\n<p> \t \t<!-- END: Content of extension \"hpo_relatedlink\", plugin \"tx_hporelatedlink_pi1\" -->  \t<\/div>\n<p> \t<!--  CONTENT ELEMENT, uid:8785\/templavoila_pi1 [end] --> \t\t \t<!--  CONTENT ELEMENT, uid:8784\/list [begin] --> \t\t<\/p>\n<div id=\"c8784\"> \t\t<!--  Plugin inserted: [begin] --> \t\t\t      <\/p>\n<div> <a href=\"http:\/\/icom-czechia.icom.cust.oxymium.net\/souteze\/gloria-musaealis\/news\/page\/41\/L\/0\/\">\u00ad<\/a><a href=\"http:\/\/icom-czechia.icom.cust.oxymium.net\/souteze\/gloria-musaealis\/news\/page\/2\/L\/0\/\">\u00ad<\/a><a href=\"http:\/\/icom-czechia.icom.cust.oxymium.net\/souteze\/gloria-musaealis\/news\/page\/5\/L\/0\/\">5<\/a><a href=\"http:\/\/icom-czechia.icom.cust.oxymium.net\/souteze\/gloria-musaealis\/news\/page\/4\/L\/0\/\">4<\/a><a href=\"http:\/\/icom-czechia.icom.cust.oxymium.net\/souteze\/gloria-musaealis\/news\/page\/3\/L\/0\/\">3<\/a><a href=\"http:\/\/icom-czechia.icom.cust.oxymium.net\/souteze\/gloria-musaealis\/news\/page\/2\/L\/0\/\">2<\/a><a href=\"http:\/\/icom-czechia.icom.cust.oxymium.net\/souteze\/gloria-musaealis\/news\/\">1<\/a><\/p>\n<div><\/div>\n<\/p><\/div>\n<div>\n<div>\n<h2> <span>01\/07\/2017<\/span> <a href=\"http:\/\/icom-czechia.icom.cust.oxymium.net\/narodni-platforma-pro-elektronickou-spravu-a-evidenci-muzejnich-sbirek-a-agend\/L\/0\/\">N\u00e1rodn\u00ed platforma pro elektronickou spr\u00e1vu a evidenci muzejn\u00edch sb\u00edrek a agend<\/a> <\/h2>\n<\/p>\n<p>                  <span><a href=\"http:\/\/icom-czechia.icom.cust.oxymium.net\/narodni-platforma-pro-elektronickou-spravu-a-evidenci-muzejnich-sbirek-a-agend\/L\/0\/\">More information<\/a><\/span>                                <\/div>\n<div><\/div>\n<\/p><\/div>\n<div>\n<div>\n<h2> <span>27\/06\/2017<\/span> <a href=\"http:\/\/icom-czechia.icom.cust.oxymium.net\/vyhlaseni-vyberoveho-dotacniho-rizeni-akvizicni-fond-na-rok-2017\/L\/0\/\">Vyhl\u00e1\u0161en\u00ed v\u00fdb\u011brov\u00e9ho dota\u010dn\u00edho \u0159\u00edzen\u00ed \u201eAkvizi\u010dn\u00ed fond\u201c na rok 2017<\/a> <\/h2>\n<\/p>\n<p>                  <span><a href=\"http:\/\/icom-czechia.icom.cust.oxymium.net\/vyhlaseni-vyberoveho-dotacniho-rizeni-akvizicni-fond-na-rok-2017\/L\/0\/\">More information<\/a><\/span>                                <\/div>\n<div><\/div>\n<\/p><\/div>\n<div>\n<div>\n<h2> <span>04\/05\/2017<\/span> <a href=\"http:\/\/icom-czechia.icom.cust.oxymium.net\/centrum-pro-dokumentaci-majetkovych-prevodu-kulturnich-statku-obeti-ii-svetove-valky-ve-spolupraci-s-ministerstvem-kultury-porada-v-sidle-ministerstva-kultury-nostickem-palaci-odborny-seminar-k-prob\/L\/0\/\">Centrum pro dokumentaci majetkov\u00fdch p\u0159evod\u016f kulturn\u00edch statk\u016f ob\u011bt\u00ed II. sv\u011btov\u00e9 v\u00e1lky ve spolupr\u00e1ci s Ministerstvem kultury po\u0159\u00e1d\u00e1 v s\u00eddle Ministerstva kultury, Nostick\u00e9m pal\u00e1ci odborn\u00fd semin\u00e1\u0159 k problematice v\u00fdzkumu provenience sb\u00edrkov\u00fdch p\u0159edm\u011bt\u016f.<\/a> <\/h2>\n<\/p>\n<p>                  <span><a href=\"http:\/\/icom-czechia.icom.cust.oxymium.net\/centrum-pro-dokumentaci-majetkovych-prevodu-kulturnich-statku-obeti-ii-svetove-valky-ve-spolupraci-s-ministerstvem-kultury-porada-v-sidle-ministerstva-kultury-nostickem-palaci-odborny-seminar-k-prob\/L\/0\/\">More information<\/a><\/span>                                <\/div>\n<div><\/div>\n<\/p><\/div>\n<div> <a href=\"http:\/\/icom-czechia.icom.cust.oxymium.net\/souteze\/gloria-musaealis\/news\/page\/41\/L\/0\/\">\u00ad<\/a><a href=\"http:\/\/icom-czechia.icom.cust.oxymium.net\/souteze\/gloria-musaealis\/news\/page\/2\/L\/0\/\">\u00ad<\/a><a href=\"http:\/\/icom-czechia.icom.cust.oxymium.net\/souteze\/gloria-musaealis\/news\/page\/5\/L\/0\/\">5<\/a><a href=\"http:\/\/icom-czechia.icom.cust.oxymium.net\/souteze\/gloria-musaealis\/news\/page\/4\/L\/0\/\">4<\/a><a href=\"http:\/\/icom-czechia.icom.cust.oxymium.net\/souteze\/gloria-musaealis\/news\/page\/3\/L\/0\/\">3<\/a><a href=\"http:\/\/icom-czechia.icom.cust.oxymium.net\/souteze\/gloria-musaealis\/news\/page\/2\/L\/0\/\">2<\/a><a href=\"http:\/\/icom-czechia.icom.cust.oxymium.net\/souteze\/gloria-musaealis\/news\/\">1<\/a><\/p>\n<div><\/div>\n<\/p><\/div>\n<p>   \t\t<!--  Plugin inserted: [end] --> \t\t\t   \t<!--  \t\tBEGIN: Content of extension \"hpo_relatedlink\", plugin \"tx_hporelatedlink_pi1\"  \t--> \t<\/p>\n<div> \t\t \t<\/div>\n<p> \t \t<!-- END: Content of extension \"hpo_relatedlink\", plugin \"tx_hporelatedlink_pi1\" -->  \t<\/div>\n<p> \t<!--  CONTENT ELEMENT, uid:8784\/list [end] --> \t\t<!--TYPO3SEARCH_end--> <\/div>\n","protected":false},"excerpt":{"rendered":"<p>24. gener\u00e1ln\u00ed konference se bude konat 2.-9. \u010dervence 2016 v Mil\u00e1n\u011b v It\u00e1lii. Term\u00edn byl stanoven takto z n\u011bkolika d\u016fvod\u016f \u2013 v \u010dervenci se v Mil\u00e1n\u011b nekonaj\u00ed \u017e\u00e1dn\u00e9 veletrhy, m\u011bsto je pr\u00e1zdn\u011bj\u0161\u00ed, klidn\u011bj\u0161\u00ed a je zde levn\u011bj\u0161\u00ed ubytov\u00e1n\u00ed na m\u00edstn\u00edch vysoko\u0161kolsk\u00fdch kolej\u00edch. Kongre- sov\u00e9 centrum je 6 zast\u00e1vek od Mil\u00e1nsk\u00e9ho d\u00f3mu &#8211; t\u00e9m\u011b\u0159 v centru. [&hellip;]<\/p>\n","protected":false},"author":1,"featured_media":0,"parent":1368,"menu_order":0,"comment_status":"closed","ping_status":"closed","template":"","meta":{"footnotes":""},"yst_prominent_words":[],"class_list":["post-1550","page","type-page","status-publish","hentry"],"acf":[],"_links":{"self":[{"href":"https:\/\/icom-czech.mini.icom.museum\/en\/wp-json\/wp\/v2\/pages\/1550","targetHints":{"allow":["GET"]}}],"collection":[{"href":"https:\/\/icom-czech.mini.icom.museum\/en\/wp-json\/wp\/v2\/pages"}],"about":[{"href":"https:\/\/icom-czech.mini.icom.museum\/en\/wp-json\/wp\/v2\/types\/page"}],"author":[{"embeddable":true,"href":"https:\/\/icom-czech.mini.icom.museum\/en\/wp-json\/wp\/v2\/users\/1"}],"replies":[{"embeddable":true,"href":"https:\/\/icom-czech.mini.icom.museum\/en\/wp-json\/wp\/v2\/comments?post=1550"}],"version-history":[{"count":1,"href":"https:\/\/icom-czech.mini.icom.museum\/en\/wp-json\/wp\/v2\/pages\/1550\/revisions"}],"predecessor-version":[{"id":2072,"href":"https:\/\/icom-czech.mini.icom.museum\/en\/wp-json\/wp\/v2\/pages\/1550\/revisions\/2072"}],"up":[{"embeddable":true,"href":"https:\/\/icom-czech.mini.icom.museum\/en\/wp-json\/wp\/v2\/pages\/1368"}],"wp:attachment":[{"href":"https:\/\/icom-czech.mini.icom.museum\/en\/wp-json\/wp\/v2\/media?parent=1550"}],"wp:term":[{"taxonomy":"yst_prominent_words","embeddable":true,"href":"https:\/\/icom-czech.mini.icom.museum\/en\/wp-json\/wp\/v2\/yst_prominent_words?post=1550"}],"curies":[{"name":"wp","href":"https:\/\/api.w.org\/{rel}","templated":true}]}}