{"id":1548,"date":"2019-01-07T15:29:26","date_gmt":"2019-01-07T15:29:26","guid":{"rendered":"http:\/\/icom-czechia.icom.cust.oxymium.net\/konference\/tuzemske\/workshop-o-opatrenich-k-zamezeni-nedovoleneho-vyvozu-pamatek-z-iraku-a-syrie-dne-23-9-2015-v-prostorach-ministerstva-zahranicnich-veci-cr\/"},"modified":"2019-01-07T15:35:44","modified_gmt":"2019-01-07T15:35:44","slug":"workshop-o-opatrenich-k-zamezeni-nedovoleneho-vyvozu-pamatek-z-iraku-a-syrie-dne-23-9-2015-v-prostorach-ministerstva-zahranicnich-veci-cr","status":"publish","type":"page","link":"https:\/\/icom-czech.mini.icom.museum\/en\/conferences\/workshop-o-opatrenich-k-zamezeni-nedovoleneho-vyvozu-pamatek-z-iraku-a-syrie-dne-23-9-2015-v-prostorach-ministerstva-zahranicnich-veci-cr\/","title":{"rendered":"Workshop o opat\u0159en\u00edch k zamezen\u00ed nedovolen\u00e9ho v\u00fdvozu pam\u00e1tek z Ir\u00e1ku a S\u00fdrie. Dne 23. 9. 2015 v prostor\u00e1ch Ministerstva zahrani\u010dn\u00edch v\u011bc\u00ed \u010cR"},"content":{"rendered":"<div id=\"RTE_CONTENT\"> <!--TYPO3SEARCH_begin--> \t<!--  CONTENT ELEMENT, uid:8787\/list [begin] --> \t\t<\/p>\n<div id=\"c8787\"> \t\t<!--  Plugin inserted: [begin] --> \t\t\t              <\/p>\n<\/p>\n<p><b><span>Workshop o opat\u0159en\u00edch k\u00a0zamezen\u00ed nedovolen\u00e9ho v\u00fdvozu pam\u00e1tek z\u00a0Ir\u00e1ku a S\u00fdrie<\/span><\/b><\/p>\n<p><b><span>\u010cesk\u00e1 komise pro UNESCO ve spolupr\u00e1ci s \u010cesk\u00fdm komit\u00e9tem Modr\u00e9ho \u0161t\u00edtu a \u010cesk\u00fdm v\u00fdborem ICOM bude dne 23. 9. 2015 v\u00a0prostor\u00e1ch Ministerstva zahrani\u010dn\u00edch v\u011bc\u00ed \u010cR po\u0159\u00e1dat Workshop o opat\u0159en\u00edch k zamezen\u00ed nedovolen\u00e9ho v\u00fdvozu pam\u00e1tek z Ir\u00e1ku a S\u00fdrie, kter\u00fd je ur\u010den pro odborn\u00edky, kte\u0159\u00ed mohou p\u0159ij\u00edt do styku s\u00a0neleg\u00e1ln\u011b dov\u00e1\u017een\u00fdmi pam\u00e1tkami z\u00a0Ir\u00e1ku nebo S\u00fdrie. <\/span><\/b><\/p>\n<p><b><span>Term\u00edn:\u00a0 \u00a0\u00a0\u00a0\u00a0\u00a0\u00a0\u00a0\u00a0\u00a0 \u00a023. 9. 2015 (od 13,30h do cca 16,30h)<\/span><\/b><\/p>\n<p>Program najdete <a href=\"http:\/\/icom-czechia.mini.icom.museum\/wp-content\/uploads\/sites\/34\/2019\/01\/2015_nezakonny_obchod.pdf\" title=\"TEXT, 2015 nezakonny obchod, 2015_nezakonny_obchod.pdf, 212 KB\">zde<\/a>.<\/p>\n<p><b><span>C\u00edl akce:\u00a0\u00a0\u00a0\u00a0\u00a0\u00a0\u00a0\u00a0\u00a0 <\/span><\/b><span>sezn\u00e1mit \u00fa\u010dastn\u00edky s\u00a0jak\u00fdmi typy neleg\u00e1ln\u011b dov\u00e1\u017een\u00fdmi kulturn\u00edmi statky mohou p\u0159ij\u00edt do styku, umo\u017enit v\u00fdm\u011bnu informac\u00ed o \u010dinnosti jednotliv\u00fdch slo\u017eek a napomoci zlep\u0161en\u00ed koordinace a spolupr\u00e1ce. <\/span><\/p>\n<p><b><span>Publikum:<\/span><\/b><span> \u00a0\u00a0\u00a0\u00a0\u00a0\u00a0 po\u010d\u00edt\u00e1 se s\u00a0\u00fa\u010dast\u00ed cca 30 osob &#8211; celn\u00edk\u016f, policist\u016f, pracovn\u00edk\u016f muze\u00ed, pracovn\u00edk\u016f \u00fast\u0159edn\u00edch org\u00e1n\u016f (Ministerstvo kultury, Ministerstvo zahrani\u010dn\u00edch v\u011bc\u00ed, Ministerstvo vnitra) a staro\u017eitn\u00edk\u016f. Kontaktov\u00e1na bude i \u010desk\u00e9 zastoupen\u00ed INTERPOL. O \u00fa\u010dasti uva\u017euje i pa\u0159\u00ed\u017esk\u00fd sekretari\u00e1t UNESCO. Sekretari\u00e1t \u010cesk\u00e9 komise pro UNESCO se pokus\u00ed zajistit rovn\u011b\u017e \u00fa\u010dast pracovn\u00edka MZV, kter\u00fd p\u016fsob\u00ed nebo ned\u00e1vno ukon\u010dil sv\u00e9 p\u016fsoben\u00ed na na\u0161em Z\u00da v\u00a0Dama\u0161ku.<\/span><\/p>\n<p><b><span>Program:<\/span><\/b><span> \u00a0\u00a0\u00a0\u00a0\u00a0\u00a0\u00a0 workshop by m\u011bl dv\u011b \u010d\u00e1sti &#8211; \u00favodn\u00ed analytick\u00e1 \u010d\u00e1st &#8211; m\u00e1 za \u00fakol podrobn\u00fd popis probl\u00e9mu a druh\u00e1 praktick\u00e1 by se v\u011bnovala konkr\u00e9tn\u00edm opat\u0159en\u00edm. <\/span><\/p>\n<p><span>a) analytick\u00e1 \u010d\u00e1st <\/span><\/p>\n<p><span>V\u00a0\u00favodn\u00ed \u010d\u00e1sti by z\u00e1stupci MZV a MK informovali o kroc\u00edch prov\u00e1d\u011bn\u00fdch na mezin\u00e1rodn\u00ed \u00farovni (akce sekretari\u00e1tu UNESCO, Rady bezpe\u010dnosti) a o platn\u00e9 mezin\u00e1rodn\u011bpr\u00e1vn\u00ed \u00faprav\u011b (zejm\u00e9na \u00damluva z\u00a0roku 1970). <\/span><\/p>\n<p><span>\u010cesk\u00fd v\u00fdbor ICOM p\u0159edstav\u00ed projekt Red List (\u010dervenou listinu ohro\u017een\u00fdch p\u0159edm\u011bt\u016f kulturn\u00edho d\u011bdictv\u00ed) posl\u00e1n\u00ed a v\u00fdznam projektu, zam\u011b\u0159en\u00ed na oblasti Ir\u00e1ku a S\u00fdrie. D\u00e1le bude informovat o dosavadn\u00edch aktivit\u00e1ch ICOM v\u00a0t\u00e9to oblasti &#8211; Museums Emergency Programme (MEP), publikace One Hundred Missing Objects (OHMO) a \u010dinnost mezin\u00e1rodn\u00edch komis\u00ed. <\/span><\/p>\n<p><span>Odborn\u00edci z \u00a0N\u00e1rodn\u00edho muzea \u2013 N\u00e1prstkova muzea by upozornili na typick\u00e9 kulturn\u00ed p\u0159edm\u011bty, kter\u00e9 jsou z\u00a0Ir\u00e1ku a S\u00fdrie neleg\u00e1ln\u011b vyv\u00e1\u017eeny (starov\u011bk\u00e9 pam\u00e1tky, isl\u00e1msk\u00e9 artefakty a mince). <\/span><\/p>\n<p><span>2\/ praktick\u00e1 \u010d\u00e1st <\/span><\/p>\n<p><span>V\u00a0druh\u00e9 \u010d\u00e1sti by z\u00e1stupci Policejn\u00edho prezidia, MV a \u00dast\u0159edn\u00ed celn\u00ed spr\u00e1vy, pop\u0159\u00edpad\u011b \u010desk\u00fd z\u00e1stupce \u00a0Interpolu informovali o konkr\u00e9tn\u00edch prov\u00e1d\u011bn\u00fdch opat\u0159en\u00edch v\u010detn\u011b existuj\u00edc\u00edch datab\u00e1z\u00edch odcizen\u00fdch nebo ileg\u00e1ln\u011b vyvezen\u00fdch pam\u00e1tk\u00e1ch.<\/span><span><\/span><\/p>\n<p>       \t\t<!--  Plugin inserted: [end] --> \t\t\t   \t<!--  \t\tBEGIN: Content of extension \"hpo_relatedlink\", plugin \"tx_hporelatedlink_pi1\"  \t--> \t<\/p>\n<div> \t\t \t<\/div>\n<p> \t \t<!-- END: Content of extension \"hpo_relatedlink\", plugin \"tx_hporelatedlink_pi1\" -->  \t<\/div>\n<p> \t<!--  CONTENT ELEMENT, uid:8787\/list [end] --> \t\t<!--TYPO3SEARCH_end--> <\/div>\n","protected":false},"excerpt":{"rendered":"<p>Workshop o opat\u0159en\u00edch k\u00a0zamezen\u00ed nedovolen\u00e9ho v\u00fdvozu pam\u00e1tek z\u00a0Ir\u00e1ku a S\u00fdrie \u010cesk\u00e1 komise pro UNESCO ve spolupr\u00e1ci s \u010cesk\u00fdm komit\u00e9tem Modr\u00e9ho \u0161t\u00edtu a \u010cesk\u00fdm v\u00fdborem ICOM bude dne 23. 9. 2015 v\u00a0prostor\u00e1ch Ministerstva zahrani\u010dn\u00edch v\u011bc\u00ed \u010cR po\u0159\u00e1dat Workshop o opat\u0159en\u00edch k zamezen\u00ed nedovolen\u00e9ho v\u00fdvozu pam\u00e1tek z Ir\u00e1ku a S\u00fdrie, kter\u00fd je ur\u010den pro odborn\u00edky, kte\u0159\u00ed mohou [&hellip;]<\/p>\n","protected":false},"author":1,"featured_media":0,"parent":136,"menu_order":1,"comment_status":"closed","ping_status":"closed","template":"","meta":{"footnotes":""},"yst_prominent_words":[],"acf":[],"_links":{"self":[{"href":"https:\/\/icom-czech.mini.icom.museum\/en\/wp-json\/wp\/v2\/pages\/1548"}],"collection":[{"href":"https:\/\/icom-czech.mini.icom.museum\/en\/wp-json\/wp\/v2\/pages"}],"about":[{"href":"https:\/\/icom-czech.mini.icom.museum\/en\/wp-json\/wp\/v2\/types\/page"}],"author":[{"embeddable":true,"href":"https:\/\/icom-czech.mini.icom.museum\/en\/wp-json\/wp\/v2\/users\/1"}],"replies":[{"embeddable":true,"href":"https:\/\/icom-czech.mini.icom.museum\/en\/wp-json\/wp\/v2\/comments?post=1548"}],"version-history":[{"count":1,"href":"https:\/\/icom-czech.mini.icom.museum\/en\/wp-json\/wp\/v2\/pages\/1548\/revisions"}],"predecessor-version":[{"id":2073,"href":"https:\/\/icom-czech.mini.icom.museum\/en\/wp-json\/wp\/v2\/pages\/1548\/revisions\/2073"}],"up":[{"embeddable":true,"href":"https:\/\/icom-czech.mini.icom.museum\/en\/wp-json\/wp\/v2\/pages\/136"}],"wp:attachment":[{"href":"https:\/\/icom-czech.mini.icom.museum\/en\/wp-json\/wp\/v2\/media?parent=1548"}],"wp:term":[{"taxonomy":"yst_prominent_words","embeddable":true,"href":"https:\/\/icom-czech.mini.icom.museum\/en\/wp-json\/wp\/v2\/yst_prominent_words?post=1548"}],"curies":[{"name":"wp","href":"https:\/\/api.w.org\/{rel}","templated":true}]}}