{"id":1542,"date":"2019-01-07T15:29:18","date_gmt":"2019-01-07T15:29:18","guid":{"rendered":"http:\/\/icom-czechia.icom.cust.oxymium.net\/partneri\/sk-icom\/"},"modified":"2019-01-07T15:35:44","modified_gmt":"2019-01-07T15:35:44","slug":"sk-icom","status":"publish","type":"page","link":"https:\/\/icom-czech.mini.icom.museum\/en\/partneri\/sk-icom\/","title":{"rendered":"SK ICOM"},"content":{"rendered":"<div id=\"RTE_CONTENT\"> <!--TYPO3SEARCH_begin--> \t<!--  CONTENT ELEMENT, uid:10199\/text [begin] --> \t\t<\/p>\n<div id=\"c10199\"> \t\t<!--  Text: [begin] --> \t\t\t<\/p>\n<p>V roce 1994 do\u0161lo k ofici\u00e1ln\u00edmu rozd\u011blen\u00ed \u010ceskoslovensk\u00e9ho v\u00fdboru ICOM. N\u00e1stupnick\u00fdmi organizacemi se stali \u010cesk\u00fd v\u00fdbor ICOM a Slovensk\u00fd komit\u00e9t ICOM. Ob\u011b organizace setrvaly v \u00fazk\u00e9m kontaktu. Slovensk\u00fd komit\u00e9t ICOMu je na\u0161\u00edm d\u016fle\u017eit\u00fdm partnerem. <\/p>\n<p>V\u00edce na: <\/p>\n<p><a href=\"http:\/\/network.icom.museum\/icom-slovakia\/\" title=\"Opens external link in new window\" target=\"_blank\">http:\/\/network.icom.museum\/icom-slovakia\/<\/a> <\/p>\n<p>Dne\u00a09. \u010dervna 2016 nav\u0161t\u00edvili Um\u011bleckopr\u016fmyslov\u00e9 museum v Praze v r\u00e1mci odborn\u00e9 exkurze po\u0159\u00e1dan\u00e9 Slovensk\u00fdm komit\u00e9tem ICOM\u00a0kolegov\u00e9 muzejn\u00edci ze Slovenska. Prohl\u00e9dli si st\u00e1lou expozici \u010cesk\u00e9ho kubismu v Dom\u011b U \u010cern\u00e9 Matky Bo\u017e\u00ed a tak\u00e9 nov\u00fd centr\u00e1ln\u00ed depozit\u00e1\u0159 muzea. Exkurze se z\u00fa\u010dastnilo 49 muzejn\u00edch specialist\u016f.<img decoding=\"async\" src=\"http:\/\/icom-czechia.mini.icom.museum\/wp-content\/uploads\/sites\/34\/2019\/01\/RTEmagicC_2016_SK_ICOM_CMB.JPG.JPG\" alt=\"\"><\/p>\n<p><b><br \/>Slovensk\u00fd komit\u00e9t ICOM &#8211; Origin\u00e1l a k\u00f3pia. <\/b>Ve dnech 27.-28. 11. 2014 se v \u017dilin\u011b uskute\u010dnila pozoruhodn\u00e1 konference zab\u00fdvaj\u00edc\u00ed se ot\u00e1zkou <b>fenom\u00e9nu kopi\u00ed v muze\u00edch<\/b>, kter\u00e9 jsou docela p\u0159ekvapiv\u011b u\u017e\u00edvan\u00e9, ale teoreticky nijak nereflektovan\u00e9.\u00a0V r\u00e1mci konference prob\u011bhla diskuse na t\u00e9ma <b>u\u017e\u00edv\u00e1n\u00ed i<\/b> <b>nadu\u017e\u00edv\u00e1n\u00ed kopi\u00ed <\/b>v muze\u00edch. <b>Jednou z hlavn\u00edch p\u0159ednost\u00ed muze\u00ed je pr\u00e1ce s origin\u00e1ly<\/b>, ale pod tlakem jin\u00fdch argument\u016f (restaurov\u00e1n\u00ed, z\u00e1p\u016fj\u010dky, sv\u011bteln\u00e9 podm\u00ednky&#8230;) na to \u010dasto p\u0159\u00edli\u0161 lehce zapom\u00edn\u00e1me a vol\u00edme zd\u00e1nliv\u011b sna\u017e\u0161\u00ed \u0159e\u0161en\u00ed. Jsou muzea opr\u00e1vn\u011bna k tomu p\u0159ipravovat v\u00fdstavy slo\u017een\u00e9 pouze z kopi\u00ed sb\u00edrkov\u00fdch p\u0159edm\u011bt\u016f citliv\u00fdch materi\u00e1l\u016f (kresby, grafiky, fotografie, textil)? Nem\u011bn\u00edme dnes ani\u017e bychom to domysleli paradigma fungov\u00e1n\u00ed muze\u00ed? Vzhledem k financov\u00e1n\u00ed z ve\u0159ejn\u00fdch zdroj\u016f nemaj\u00ed v\u00edce db\u00e1t na p\u0159edstavov\u00e1n\u00ed origin\u00e1l\u016f ve\u0159ejnosti? Neklesaj\u00ed t\u00edm na \u00farove\u0148 n\u00e1kupn\u00edch center a jejich \u201ev\u00fdstav\u201c? Nevyr\u00e1\u017e\u00ed si tak muzea z rukou sv\u00e9 vlastn\u00ed trumfy? Je z dlouhodob\u00e9ho hlediska opravdu sna\u017e\u0161\u00ed a levn\u011bj\u0161\u00ed vyrobit faksimile, ne\u017e zajistit kvalitn\u00ed osv\u011btlen\u00ed a vitr\u00edny vhodn\u00e9 pro citliv\u00e9 materi\u00e1ly? Jak prob\u00edhaj\u00ed diskuse v troj\u00faheln\u00edku kur\u00e1tor \u2013 restaur\u00e1tor \u2013 architekt v\u00fdstavy? Jedn\u00e1 se skute\u010dn\u011b o diskuse nebo militantn\u00ed zast\u00e1v\u00e1n\u00ed vlastn\u00edch pozic? <\/p>\n<p>Prvn\u00ed cirkul\u00e1\u0159 najdete <a href=\"http:\/\/icom-czechia.mini.icom.museum\/wp-content\/uploads\/sites\/34\/2019\/01\/2014_SK_ICOM_Original_a_kopie_cirkular.pdf\" title=\"TEXT, 2014 SK ICOM Original a kopie cirkular, 2014_SK_ICOM_Original_a_kopie_cirkular.pdf, 415 KB\">zde<\/a>. <\/p>\n<p><b>19.-21. 2. 2014<\/b> Z\u00e1stupci \u010cesk\u00e9ho v\u00fdboru ICOM se z\u00fa\u010dastnili plen\u00e1rn\u00edho zased\u00e1n\u00ed Slovensk\u00e9ho komit\u00e9tu ICOM, kter\u00e9 prob\u011bhlo v Ko\u0161ic\u00edch ve dnech 19.-21.b\u0159ezna 2014. Prob\u011bhla prohl\u00eddka muze\u00ed a galeri\u00ed v Ko\u0161ic\u00edch rekonstruovan\u00fdch u p\u0159\u00edle\u017eitosti vyhl\u00e1\u0161en\u00ed Ko\u0161ic evropsk\u00fdm hlavn\u00edm m\u011bstem kultury v roce 2013. Debatovalo se o sou\u010dasn\u00e9 situaci v muzejnictv\u00ed v obou zem\u00edch a vz\u00e1jemn\u00e9 spolupr\u00e1ci v roce 2014. V\u00edce informac\u00ed najdete <a href=\"http:\/\/icom-czechia.mini.icom.museum\/wp-content\/uploads\/sites\/34\/2019\/01\/2014_0319-21_ICOM_Kosice.pdf\" title=\"TEXT, 2014 0319-21 ICOM Kosice, 2014_0319-21_ICOM_Kosice.pdf, 215 KB\">zde<\/a>. <\/p>\n<p><b>25. 2. 2014<\/b> Du\u0161an Buran, p\u0159edseda Slovensk\u00e9ho komit\u00e9tu ICOM, \u010destn\u00fd host na valn\u00e9 hromad\u011b \u010cV ICOM,\u00a0p\u0159edstavil <b>aktivity SK ICOM v roce 2013<\/b>. Prezentaci najdete <a href=\"http:\/\/icom-czechia.mini.icom.museum\/wp-content\/uploads\/sites\/34\/2019\/01\/14_SK_ICOM_Praha.pptx\" title=\"INTERACTIVE, 14 SK ICOM Praha, 14_SK_ICOM_Praha.ppt, 3.8 MB\">zde<\/a>. <\/p>\n<hr>\n<p><b>19.-22. 11. 2013<\/b> Slovensk\u00fd komit\u00e9t ICOM p\u0159ipravil <b>Semin\u00e1r na koles\u00e1ch. Region\u00e1ln\u00e9 m\u00faze\u00e1 a turizmus: v\u00fdzva alebo slep\u00e1 uli\u010dka<\/b>. V\u00edce informac\u00ed najdete <a href=\"http:\/\/icom-czechia.mini.icom.museum\/wp-content\/uploads\/sites\/34\/2019\/01\/2013_seminar_na_kolesach.pdf\" title=\"TEXT, 2013 seminar na kolesach, 2013_seminar_na_kolesach.pdf, 77 KB\">zde<\/a>. <\/p>\n<p>\u010clenov\u00e9 p\u0159edsednictva Slovensk\u00e9ho komit\u00e9tu ICOM byli \u010destn\u00fdmi hosty plen\u00e1rn\u00edho zased\u00e1n\u00ed \u010cV ICOM v Pardubic\u00edch dne 26. \u00fanora 2013. P\u0159edstavili nejzaj\u00edmav\u011bj\u0161\u00ed muzejn\u00ed projekty na Slovensku. Prezentaci najdete <a href=\"http:\/\/icom-czechia.mini.icom.museum\/wp-content\/uploads\/sites\/34\/2019\/01\/13_SK_ICOM_Pardubice.pptx\" title=\"APPLICATION, 13 SK ICOM Pardubice, 13_SK_ICOM_Pardubice.pptx, 3.7 MB\">zde<\/a>.  <\/p>\n<hr>\n<p>V \u0159\u00edjnu 2012 uspo\u0159\u00e1dal Slovensk\u00fd komit\u00e9t ICOMu odbornou exkurzi sv\u00fdch \u010dlen\u016f do Brna s n\u00e1v\u0161t\u011bvou Vlastn\u00ed vily Du\u0161ana Jurkovi\u010de a depozit\u00e1\u0159\u016f Moravsk\u00e9 galerie v Brn\u011b. <\/p>\n<p><img decoding=\"async\" src=\"http:\/\/icom-czechia.mini.icom.museum\/wp-content\/uploads\/sites\/34\/2019\/01\/RTEmagicC_121012_ICOM-SK.jpg.jpg\" alt=\"\"><\/p>\n<p> \t\t<!--  Text: [end] --> \t\t\t   \t<!--  \t\tBEGIN: Content of extension \"hpo_relatedlink\", plugin \"tx_hporelatedlink_pi1\"  \t--> \t<\/p>\n<div> \t\t \t<\/div>\n<p> \t \t<!-- END: Content of extension \"hpo_relatedlink\", plugin \"tx_hporelatedlink_pi1\" -->  \t<\/div>\n<p> \t<!--  CONTENT ELEMENT, uid:10199\/text [end] --> \t\t<!--TYPO3SEARCH_end--> <\/div>\n","protected":false},"excerpt":{"rendered":"<p>V roce 1994 do\u0161lo k ofici\u00e1ln\u00edmu rozd\u011blen\u00ed \u010ceskoslovensk\u00e9ho v\u00fdboru ICOM. N\u00e1stupnick\u00fdmi organizacemi se stali \u010cesk\u00fd v\u00fdbor ICOM a Slovensk\u00fd komit\u00e9t ICOM. Ob\u011b organizace setrvaly v \u00fazk\u00e9m kontaktu. Slovensk\u00fd komit\u00e9t ICOMu je na\u0161\u00edm d\u016fle\u017eit\u00fdm partnerem. V\u00edce na: http:\/\/network.icom.museum\/icom-slovakia\/ Dne\u00a09. \u010dervna 2016 nav\u0161t\u00edvili Um\u011bleckopr\u016fmyslov\u00e9 museum v Praze v r\u00e1mci odborn\u00e9 exkurze po\u0159\u00e1dan\u00e9 Slovensk\u00fdm komit\u00e9tem ICOM\u00a0kolegov\u00e9 muzejn\u00edci ze [&hellip;]<\/p>\n","protected":false},"author":1,"featured_media":0,"parent":142,"menu_order":5,"comment_status":"closed","ping_status":"closed","template":"","meta":{"footnotes":""},"yst_prominent_words":[],"acf":[],"_links":{"self":[{"href":"https:\/\/icom-czech.mini.icom.museum\/en\/wp-json\/wp\/v2\/pages\/1542"}],"collection":[{"href":"https:\/\/icom-czech.mini.icom.museum\/en\/wp-json\/wp\/v2\/pages"}],"about":[{"href":"https:\/\/icom-czech.mini.icom.museum\/en\/wp-json\/wp\/v2\/types\/page"}],"author":[{"embeddable":true,"href":"https:\/\/icom-czech.mini.icom.museum\/en\/wp-json\/wp\/v2\/users\/1"}],"replies":[{"embeddable":true,"href":"https:\/\/icom-czech.mini.icom.museum\/en\/wp-json\/wp\/v2\/comments?post=1542"}],"version-history":[{"count":1,"href":"https:\/\/icom-czech.mini.icom.museum\/en\/wp-json\/wp\/v2\/pages\/1542\/revisions"}],"predecessor-version":[{"id":2074,"href":"https:\/\/icom-czech.mini.icom.museum\/en\/wp-json\/wp\/v2\/pages\/1542\/revisions\/2074"}],"up":[{"embeddable":true,"href":"https:\/\/icom-czech.mini.icom.museum\/en\/wp-json\/wp\/v2\/pages\/142"}],"wp:attachment":[{"href":"https:\/\/icom-czech.mini.icom.museum\/en\/wp-json\/wp\/v2\/media?parent=1542"}],"wp:term":[{"taxonomy":"yst_prominent_words","embeddable":true,"href":"https:\/\/icom-czech.mini.icom.museum\/en\/wp-json\/wp\/v2\/yst_prominent_words?post=1542"}],"curies":[{"name":"wp","href":"https:\/\/api.w.org\/{rel}","templated":true}]}}