{"id":1512,"date":"2019-01-07T15:29:07","date_gmt":"2019-01-07T15:29:07","guid":{"rendered":"http:\/\/icom-czechia.icom.cust.oxymium.net\/partneri\/policie-cr\/"},"modified":"2019-01-07T15:35:45","modified_gmt":"2019-01-07T15:35:45","slug":"policie-cr","status":"publish","type":"page","link":"https:\/\/icom-czech.mini.icom.museum\/en\/partneri\/policie-cr\/","title":{"rendered":"Policie \u010cR"},"content":{"rendered":"<div id=\"RTE_CONTENT\"> <!--TYPO3SEARCH_begin--> \t<!--  CONTENT ELEMENT, uid:21044\/textpic [begin] --> \t\t<\/p>\n<div id=\"c21044\"> \t\t<!--  Image block: [begin] --> \t\t\t<\/p>\n<div> \t\t<!--  Text: [begin] --> \t\t\t<\/p>\n<p>V r\u00e1mci z\u00e1vazk\u016f plynouc\u00edch z \u00damluvy UNESCO o opat\u0159en\u00edch k z\u00e1kazu a zabr\u00e1n\u011bn\u00ed nedovolen\u00e9ho dovozu, v\u00fdvozu a p\u0159evodu vlastnictv\u00ed kulturn\u00edch statk\u016f a spolupracujeme s Polici\u00ed \u010cesk\u00e9 republiky a uve\u0159ej\u0148ujeme \u00fadaje o vybran\u00fdch zcizen\u00fdch p\u0159edm\u011btech. D\u00e1le informujeme o n\u00e1stroj\u00edch, kter\u00e9 m\u00e1 Policie \u010cesk\u00e9 republiky. <\/p>\n<p><span>Od roku 1992 vyu\u017e\u00edv\u00e1 Policie \u010cesk\u00e9 Republiky <b>informa\u010dn\u00ed syst\u00e9m SEUD (nyn\u00ed PSEUD) \u2013 n\u00e1rodn\u00ed specializovanou p\u00e1trac\u00ed datab\u00e1zi<\/b> vedenou ve \u010dty\u0159ech jazyc\u00edch a obsahuj\u00edc\u00ed v\u00edce ne\u017e 19 000 z\u00e1znam\u016f o odcizen\u00fdch, nalezen\u00fdch a navr\u00e1cen\u00fdch um\u011bleck\u00fdch d\u00edlech. Jedn\u00e1 se o \u00fa\u010dinn\u00fd n\u00e1stroj p\u0159i p\u00e1tr\u00e1n\u00ed po kulturn\u00edm d\u011bdictv\u00ed a v boji s neleg\u00e1ln\u00edm obchodem s kulturn\u00edmi statky.\u00a0<br \/><\/span>Datab\u00e1ze byla od po\u010d\u00e1tku p\u0159\u00edstupn\u00e1 pracovn\u00edk\u016fm Ministerstva kultury \u010cR a Celn\u00ed spr\u00e1vy \u010cR. V roce 2001 byla datab\u00e1ze zve\u0159ejn\u011bna na internetu, pro ve\u0159ejnost samoz\u0159ejm\u011b s omezen\u00fdm rozsahem dat. Problematikou p\u00e1tr\u00e1n\u00ed po p\u0159edm\u011btech kulturn\u00ed a historick\u00e9 hodnoty se zab\u00fdv\u00e1 <b>odbor p\u00e1tr\u00e1n\u00ed \u00fa\u0159adu slu\u017eby krimin\u00e1ln\u00ed policie a vy\u0161et\u0159ov\u00e1n\u00ed Policejn\u00edho prezidia \u010cR.<\/b>\u00a0\u00a0 <\/p>\n<p>Link \u2013 na p\u00e1trac\u00ed ob\u011b\u017en\u00edky a aktuality &#8211; <a href=\"http:\/\/www.policie.cz\/clanek\/ochrana-kulturniho-dedictvi-policejni-prezidium-cr-uskpv-odbor-patrani.aspx\" target=\"_blank\">http:\/\/www.policie.cz\/clanek\/ochrana-kulturniho-dedictvi-policejni-prezidium-cr-uskpv-odbor-patrani.aspx<\/a> <\/p>\n<p>Link na \u010deskou p\u00e1trac\u00ed datab\u00e1zi \u2013 ve\u0159ejn\u00fd p\u0159\u00edstup &#8211; <a href=\"http:\/\/pseud.policie.cz\/wps\/portal\/\" target=\"_blank\">http:\/\/pseud.policie.cz\/wps\/portal\/<\/a> <\/p>\n<p>Link na mezin\u00e1rodn\u00ed p\u00e1trac\u00ed datab\u00e1zi Interpolu &#8211;\u00a0 <a href=\"https:\/\/www.interpol.int\/Crime-areas\/Works-of-art\/Works-of-art\" target=\"_blank\">https:\/\/www.interpol.int\/Crime-areas\/Works-of-art\/Works-of-art<\/a>\u00a0(\u010d\u00e1st je ve\u0159ejn\u00e1, jinak je pot\u0159eba vyplnit p\u0159ihla\u0161ovac\u00ed formul\u00e1\u0159) <\/p>\n<p>V roce 1995 vznikla mezin\u00e1rodn\u00ed p\u00e1trac\u00ed datab\u00e1ze<b> Interpolu s n\u00e1zvem Stolen Works of Art<\/b>, kter\u00e1 obsahuje v\u00edce ne\u017e 50 000 z\u00e1znam\u016f odcizen\u00fdch um\u011bleck\u00fdch d\u011bl ze 133 zem\u00ed sv\u011bta. Ka\u017ed\u00fd z\u00e1znam v datab\u00e1zi je pops\u00e1n podle \u201eObjekt ID standardu\u201c, kter\u00e9mu rozum\u00ed odborn\u00ed specialist\u00e9 i \u0161irok\u00e1 ve\u0159ejnost. <\/p>\n<p>Seznamy hledan\u00fdch p\u0159edm\u011bt\u016f: <\/p>\n<p>2018 <\/p>\n<p>P\u0159ehled nejv\u00fdznamn\u011bj\u0161\u00edch um\u011bleck\u00fdch\u00a0d\u011bl, kter\u00e1 byla odcizena v pr\u016fb\u011bhu roku 2018 na <a href=\"http:\/\/icom-czechia.mini.icom.museum\/wp-content\/uploads\/sites\/34\/2019\/01\/2018_Most_Wanted_WOA.pdf\" title=\"2018_Most_Wanted_WOA.pdf (1.7 MB)\">cel\u00e9m sv\u011bte<\/a>.<\/p>\n<p>Slovinsko<br \/>Zcizen\u00ed\u00a0um\u011bleck\u00fdch p\u0159edm\u011bt\u016f poch\u00e1zej\u00edc\u00ed z d\u00edlny Faberg\u00e9ho, p\u0159\u00edp. jeho napodobitel\u016f. Seznam najdete <a href=\"http:\/\/icom-czechia.mini.icom.museum\/wp-content\/uploads\/sites\/34\/2019\/01\/2018_slovinsko_faberge.pdf\" title=\"TEXT, 2018 slovinsko faberge, 2018_slovinsko_faberge.pdf, 150 KB\">zde<\/a>. Vyobrazen\u00ed p\u0159edm\u011bt\u016f <a href=\"http:\/\/icom-czechia.mini.icom.museum\/wp-content\/uploads\/sites\/34\/2019\/01\/prehled_vsech_del.jpg\" title=\"IMAGE, prehled vsech del, prehled_vsech_del.jpg, 174 KB\">zde<\/a>. <\/p>\n<p>Peru<br \/>Sb\u00edrka Carlose Miguela Alfaro Ochoa, Cusco obrazy <a href=\"http:\/\/icom-czechia.mini.icom.museum\/wp-content\/uploads\/sites\/34\/2019\/01\/2018_09_malby-peru-en.pdf\" title=\"TEXT, 2018 09 malby-peru-en, 2018_09_malby-peru-en.pdf, 1.5 MB\">Svat\u00fd Jakub Maurobijec a Svat\u00fd Vincent Ferrersk\u00fd<\/a>.<br \/>Region\u00e1ln\u00ed muzeum v San Martin, <a href=\"http:\/\/icom-czechia.mini.icom.museum\/wp-content\/uploads\/sites\/34\/2019\/01\/2018_mk-priloha-1-koule-bola-peru.pdf\" title=\"TEXT, 2018 mk-priloha-1-koule-bola-peru, 2018_mk-priloha-1-koule-bola-peru.pdf, 152 KB\">n\u00e1boj do zbran\u011b &#8220;bola&#8221;<\/a>.<br \/>Sakristie kaple Alto de Cayma, Yanahuaura, <a href=\"http:\/\/icom-czechia.mini.icom.museum\/wp-content\/uploads\/sites\/34\/2019\/01\/2018_mk-priloha-2-krucifix-peru.pdf\" title=\"TEXT, 2018 mk-priloha-2-krucifix-peru, 2018_mk-priloha-2-krucifix-peru.pdf, 167 KB\">krucifix<\/a>.<br \/>Chr\u00e1m Nejsv\u011bt\u011bj\u0161\u00edho spasitele, Cusco,<a href=\"http:\/\/icom-czechia.mini.icom.museum\/wp-content\/uploads\/sites\/34\/2019\/01\/Peru_odcizene_predmety.pdf\" title=\"TEXT, Peru odcizene predmety, Peru_odcizene_predmety.pdf, 3.8 MB\">obraz Venkovsk\u00e1 \u017eena, korunka Panny Marie Karmelsk\u00e9<\/a> <\/p>\n<\/p>\n<p> \t\t<!--  Text: [end] --> \t\t\t<\/div>\n<p> \t\t<!--  Image block: [end] --> \t\t\t   \t<!--  \t\tBEGIN: Content of extension \"hpo_relatedlink\", plugin \"tx_hporelatedlink_pi1\"  \t--> \t<\/p>\n<div> \t\t \t<\/div>\n<p> \t \t<!-- END: Content of extension \"hpo_relatedlink\", plugin \"tx_hporelatedlink_pi1\" -->  \t<\/div>\n<p> \t<!--  CONTENT ELEMENT, uid:21044\/textpic [end] --> \t\t<!--TYPO3SEARCH_end--> <\/div>\n","protected":false},"excerpt":{"rendered":"<p>V r\u00e1mci z\u00e1vazk\u016f plynouc\u00edch z \u00damluvy UNESCO o opat\u0159en\u00edch k z\u00e1kazu a zabr\u00e1n\u011bn\u00ed nedovolen\u00e9ho dovozu, v\u00fdvozu a p\u0159evodu vlastnictv\u00ed kulturn\u00edch statk\u016f a spolupracujeme s Polici\u00ed \u010cesk\u00e9 republiky a uve\u0159ej\u0148ujeme \u00fadaje o vybran\u00fdch zcizen\u00fdch p\u0159edm\u011btech. D\u00e1le informujeme o n\u00e1stroj\u00edch, kter\u00e9 m\u00e1 Policie \u010cesk\u00e9 republiky. Od roku 1992 vyu\u017e\u00edv\u00e1 Policie \u010cesk\u00e9 Republiky informa\u010dn\u00ed syst\u00e9m SEUD (nyn\u00ed PSEUD) [&hellip;]<\/p>\n","protected":false},"author":1,"featured_media":0,"parent":142,"menu_order":4,"comment_status":"closed","ping_status":"closed","template":"","meta":{"footnotes":""},"yst_prominent_words":[],"acf":[],"_links":{"self":[{"href":"https:\/\/icom-czech.mini.icom.museum\/en\/wp-json\/wp\/v2\/pages\/1512"}],"collection":[{"href":"https:\/\/icom-czech.mini.icom.museum\/en\/wp-json\/wp\/v2\/pages"}],"about":[{"href":"https:\/\/icom-czech.mini.icom.museum\/en\/wp-json\/wp\/v2\/types\/page"}],"author":[{"embeddable":true,"href":"https:\/\/icom-czech.mini.icom.museum\/en\/wp-json\/wp\/v2\/users\/1"}],"replies":[{"embeddable":true,"href":"https:\/\/icom-czech.mini.icom.museum\/en\/wp-json\/wp\/v2\/comments?post=1512"}],"version-history":[{"count":1,"href":"https:\/\/icom-czech.mini.icom.museum\/en\/wp-json\/wp\/v2\/pages\/1512\/revisions"}],"predecessor-version":[{"id":2075,"href":"https:\/\/icom-czech.mini.icom.museum\/en\/wp-json\/wp\/v2\/pages\/1512\/revisions\/2075"}],"up":[{"embeddable":true,"href":"https:\/\/icom-czech.mini.icom.museum\/en\/wp-json\/wp\/v2\/pages\/142"}],"wp:attachment":[{"href":"https:\/\/icom-czech.mini.icom.museum\/en\/wp-json\/wp\/v2\/media?parent=1512"}],"wp:term":[{"taxonomy":"yst_prominent_words","embeddable":true,"href":"https:\/\/icom-czech.mini.icom.museum\/en\/wp-json\/wp\/v2\/yst_prominent_words?post=1512"}],"curies":[{"name":"wp","href":"https:\/\/api.w.org\/{rel}","templated":true}]}}