{"id":1482,"date":"2019-01-07T15:28:39","date_gmt":"2019-01-07T15:28:39","guid":{"rendered":"http:\/\/icom-czechia.icom.cust.oxymium.net\/partneri\/modry-stit\/"},"modified":"2019-01-07T15:35:45","modified_gmt":"2019-01-07T15:35:45","slug":"modry-stit","status":"publish","type":"page","link":"https:\/\/icom-czech.mini.icom.museum\/en\/partneri\/modry-stit\/","title":{"rendered":"Modr\u00fd \u0161t\u00edt"},"content":{"rendered":"<div id=\"RTE_CONTENT\"> <!--TYPO3SEARCH_begin--> \t<!--  CONTENT ELEMENT, uid:8821\/text [begin] --> \t\t<\/p>\n<div id=\"c8821\"> \t\t<!--  Text: [begin] --> \t\t\t<\/p>\n<p>Mezin\u00e1rodn\u00ed komit\u00e9t Modr\u00fd \u0161t\u00edt ICBS (International Committee of the Blue Shield) byl vytvo\u0159en v \u010dervenci 1996, aby koordinoval \u010dinnost v\u00fdkonn\u00fdch org\u00e1n\u016f ICOM, ICOMOS (Mezin\u00e1rodn\u00ed rada pro pam\u00e1tky a s\u00eddla), IFLA (Mezin\u00e1rodn\u00ed federace knihovnick\u00fdch asociac\u00ed) a ICA (Mezin\u00e1rodn\u00ed rada archiv\u016f).<\/p>\n<p>\u010cesk\u00fd komit\u00e9t Modr\u00fd \u0161t\u00edt je neziskovou n\u00e1rodn\u00ed spole\u010dnost\u00ed Mezin\u00e1rodn\u00edho komit\u00e9tu Modr\u00fd \u0161t\u00edt (International Committee of the Blue Shield, ICBS) na \u00fazem\u00ed \u010cesk\u00e9 republiky. Je dobrovolnou spole\u010dnost\u00ed sdru\u017euj\u00edc\u00ed na z\u00e1klad\u011b spole\u010dn\u00e9ho z\u00e1jmu \u010desk\u00e9 v\u00fdbory, resp. \u010deskou reprezentaci ICA, ICOM, ICOMOS, IFLA.<\/p>\n<p>Posl\u00e1n\u00edm \u010cesk\u00e9ho komit\u00e9tu Modr\u00fd \u0161t\u00edt je preventivn\u00ed ochrana, zm\u00edr\u0148ov\u00e1n\u00ed rizik a pomoc p\u0159i z\u00e1chran\u011b kulturn\u00edho d\u011bdictv\u00ed ohro\u017een\u00e9ho p\u0159\u00edrodn\u00ed katastrofou, selh\u00e1n\u00edm \u010dlov\u011bka \u010di ozbrojen\u00fdm st\u0159etnut\u00edm. Za t\u00edmto \u00fa\u010delem a na zcela dobrovoln\u00e9m z\u00e1klad\u011b shroma\u017e\u010fuje a \u0161\u00ed\u0159\u00ed informace, koordinuje akce a doporu\u010duje a napom\u00e1h\u00e1 realizaci nezbytn\u00fdch opat\u0159en\u00ed v p\u0159\u00edpad\u011b v\u00fdjime\u010dn\u00fdch situac\u00ed v \u010cR nebo prost\u0159ednictv\u00edm ICBS mimo jej\u00ed hranice v\u0161ude, kde je zapot\u0159eb\u00ed pomoci.<\/p>\n<p>\u010cesk\u00fd komit\u00e9t Modr\u00fd \u0161t\u00edt se ve sv\u00e9 \u010dinnosti \u0159\u00edd\u00ed Haagskou konvenc\u00ed o ochran\u011b kulturn\u00edho d\u011bdictv\u00ed v p\u0159\u00edpad\u011b ozbrojen\u00e9ho st\u0159etnut\u00ed z roku 1954, Prvn\u00edm protokolem (1954) a eventu\u00e1ln\u011b Druh\u00fdm protokolem k n\u00ed, p\u0159ijat\u00fdm 26. 03. 1999, d\u00e1le pak Konvenc\u00ed UNECO k ochran\u011b sv\u011btov\u00e9ho kulturn\u00edho d\u011bdictv\u00ed z roku 1972, Doporu\u010den\u00edm UNESCO k ochran\u011b kulturn\u00edho a p\u0159\u00edrodn\u00edho d\u011bdictv\u00ed na n\u00e1rodn\u00ed \u00farovni (1972), \u017denevsk\u00fdmi konvencemi (1849), jich\u017e je \u010cR smluvn\u00ed stranou, Z\u00e1sadami Mezin\u00e1rodn\u00ed dek\u00e1dy OSN pro zm\u00edrn\u011bn\u00ed n\u00e1sledk\u016f p\u0159\u00edrodn\u00edch katastrof (1990-2000) a ustanoven\u00edmi, doporu\u010den\u00edmi a \u017e\u00e1dostmi ICBS. <\/p>\n<p>\u00a0<\/p>\n<p>V\u00edce na:\u00a0 <\/p>\n<p><a href=\"http:\/\/www.ancbs.org\/cms\/index.php\/en\/\" target=\"_blank\">http:\/\/www.ancbs.org\/cms\/index.php\/en\/<\/a> <\/p>\n<p><a href=\"http:\/\/skip.nkp.cz\/odbCKMS.htm\" target=\"_blank\">http:\/\/skip.nkp.cz\/odbCKMS.htm<\/a> <\/p>\n<p><b><\/b> <\/p>\n<p><b>8. 10. 2013 <\/b><a href=\"http:\/\/icom-czechia.icom.cust.oxymium.net\/partneri\/modry-stit\/modry-stit\/\" title=\"Opens internal link in current window\">\u010cesk\u00fd komit\u00e9t Modr\u00e9ho \u0161t\u00edtu<\/a><b> <\/b>ve spolupr\u00e1ci s N\u00e1rodn\u00edm archivem uspo\u0159\u00e1dal semin\u00e1\u0159 <b>Prevence rizik a n\u00e1prava \u0161kod zp\u016fsoben\u00fdch hav\u00e1riemi nebo \u017eiveln\u00edmi pohromami II. <\/b>Program najdete <a href=\"http:\/\/icom-czechia.mini.icom.museum\/wp-content\/uploads\/sites\/34\/2019\/01\/2013_Konference_modry_stit.pdf\" title=\"TEXT, 2013 Konference modry stit, 2013_Konference_modry_stit.pdf, 73 KB\">zde<\/a>. <\/p>\n<p>\u00a0<\/p>\n<p> \t\t<!--  Text: [end] --> \t\t\t   \t<!--  \t\tBEGIN: Content of extension \"hpo_relatedlink\", plugin \"tx_hporelatedlink_pi1\"  \t--> \t<\/p>\n<div> \t\t \t<\/div>\n<p> \t \t<!-- END: Content of extension \"hpo_relatedlink\", plugin \"tx_hporelatedlink_pi1\" -->  \t<\/div>\n<p> \t<!--  CONTENT ELEMENT, uid:8821\/text [end] --> \t\t<!--TYPO3SEARCH_end--> <\/div>\n","protected":false},"excerpt":{"rendered":"<p>Mezin\u00e1rodn\u00ed komit\u00e9t Modr\u00fd \u0161t\u00edt ICBS (International Committee of the Blue Shield) byl vytvo\u0159en v \u010dervenci 1996, aby koordinoval \u010dinnost v\u00fdkonn\u00fdch org\u00e1n\u016f ICOM, ICOMOS (Mezin\u00e1rodn\u00ed rada pro pam\u00e1tky a s\u00eddla), IFLA (Mezin\u00e1rodn\u00ed federace knihovnick\u00fdch asociac\u00ed) a ICA (Mezin\u00e1rodn\u00ed rada archiv\u016f). \u010cesk\u00fd komit\u00e9t Modr\u00fd \u0161t\u00edt je neziskovou n\u00e1rodn\u00ed spole\u010dnost\u00ed Mezin\u00e1rodn\u00edho komit\u00e9tu Modr\u00fd \u0161t\u00edt (International Committee of the [&hellip;]<\/p>\n","protected":false},"author":1,"featured_media":0,"parent":142,"menu_order":3,"comment_status":"closed","ping_status":"closed","template":"","meta":{"footnotes":""},"yst_prominent_words":[],"acf":[],"_links":{"self":[{"href":"https:\/\/icom-czech.mini.icom.museum\/en\/wp-json\/wp\/v2\/pages\/1482"}],"collection":[{"href":"https:\/\/icom-czech.mini.icom.museum\/en\/wp-json\/wp\/v2\/pages"}],"about":[{"href":"https:\/\/icom-czech.mini.icom.museum\/en\/wp-json\/wp\/v2\/types\/page"}],"author":[{"embeddable":true,"href":"https:\/\/icom-czech.mini.icom.museum\/en\/wp-json\/wp\/v2\/users\/1"}],"replies":[{"embeddable":true,"href":"https:\/\/icom-czech.mini.icom.museum\/en\/wp-json\/wp\/v2\/comments?post=1482"}],"version-history":[{"count":1,"href":"https:\/\/icom-czech.mini.icom.museum\/en\/wp-json\/wp\/v2\/pages\/1482\/revisions"}],"predecessor-version":[{"id":2076,"href":"https:\/\/icom-czech.mini.icom.museum\/en\/wp-json\/wp\/v2\/pages\/1482\/revisions\/2076"}],"up":[{"embeddable":true,"href":"https:\/\/icom-czech.mini.icom.museum\/en\/wp-json\/wp\/v2\/pages\/142"}],"wp:attachment":[{"href":"https:\/\/icom-czech.mini.icom.museum\/en\/wp-json\/wp\/v2\/media?parent=1482"}],"wp:term":[{"taxonomy":"yst_prominent_words","embeddable":true,"href":"https:\/\/icom-czech.mini.icom.museum\/en\/wp-json\/wp\/v2\/yst_prominent_words?post=1482"}],"curies":[{"name":"wp","href":"https:\/\/api.w.org\/{rel}","templated":true}]}}