{"id":1476,"date":"2019-01-07T15:28:36","date_gmt":"2019-01-07T15:28:36","guid":{"rendered":"http:\/\/icom-czechia.icom.cust.oxymium.net\/partneri\/mk-cr\/"},"modified":"2019-01-07T15:35:45","modified_gmt":"2019-01-07T15:35:45","slug":"mk-cr","status":"publish","type":"page","link":"https:\/\/icom-czech.mini.icom.museum\/en\/partneri\/mk-cr\/","title":{"rendered":"MK \u010cR"},"content":{"rendered":"<div id=\"RTE_CONTENT\"> <!--TYPO3SEARCH_begin--> \t<!--  CONTENT ELEMENT, uid:10566\/text [begin] --> \t\t<\/p>\n<div id=\"c10566\"> \t\t<!--  Text: [begin] --> \t\t\t<\/p>\n<p>Ministerstvo kultury \u010cesk\u00e9 republiky podle \u00a7 8 z\u00e1kona \u010d. 2\/1969 Sb., o z\u0159\u00edzen\u00ed ministerstev a jin\u00fdch \u00fast\u0159edn\u00edch org\u00e1n\u016f st\u00e1tn\u00ed spr\u00e1vy \u010cesk\u00e9 republiky, ve zn\u011bn\u00ed pozd\u011bj\u0161\u00edch p\u0159edpis\u016f, je \u00fast\u0159edn\u00edm org\u00e1nem st\u00e1tn\u00ed spr\u00e1vy pro:\u00a0<br \/>um\u011bn\u00ed, kulturn\u011b v\u00fdchovnou \u010dinnost, kulturn\u00ed pam\u00e1tky, pro v\u011bci c\u00edrkv\u00ed a n\u00e1bo\u017eensk\u00fdch spole\u010dnost\u00ed, pro v\u011bci tisku, v\u010detn\u011b vyd\u00e1v\u00e1n\u00ed neperiodick\u00e9ho tisku a jin\u00fdch informa\u010dn\u00edch prost\u0159edk\u016f, pro p\u0159\u00edpravu n\u00e1vrh\u016f z\u00e1kon\u016f a jin\u00fdch pr\u00e1vn\u00edch p\u0159edpis\u016f pro oblast rozhlasov\u00e9ho a televizn\u00edho vys\u00edl\u00e1n\u00ed, pro prov\u00e1d\u011bn\u00ed autorsk\u00e9ho z\u00e1kona, pro v\u00fdrobu a obchod v oblasti kultury. <\/p>\n<p><b>Ministerstvo kultury v\u00fdznamn\u00fdm zp\u016fsobem podporuje \u010dinnost \u010cesk\u00e9ho v\u00fdboru ICOM<\/b>. D\u011bkujeme! <\/p>\n<p>\u00a0<\/p>\n<p>V\u00edce o Ministerstvu kultury \u010cesk\u00e9 republiky na: <\/p>\n<p><a href=\"http:\/\/www.mkcr.cz\/\" target=\"_blank\">http:\/\/www.mkcr.cz\/<\/a> <\/p>\n<p>\u00a0<\/p>\n<p> \t\t<!--  Text: [end] --> \t\t\t   \t<!--  \t\tBEGIN: Content of extension \"hpo_relatedlink\", plugin \"tx_hporelatedlink_pi1\"  \t--> \t<\/p>\n<div> \t\t \t<\/div>\n<p> \t \t<!-- END: Content of extension \"hpo_relatedlink\", plugin \"tx_hporelatedlink_pi1\" -->  \t<\/div>\n<p> \t<!--  CONTENT ELEMENT, uid:10566\/text [end] --> \t\t<!--TYPO3SEARCH_end--> <\/div>\n","protected":false},"excerpt":{"rendered":"<p>Ministerstvo kultury \u010cesk\u00e9 republiky podle \u00a7 8 z\u00e1kona \u010d. 2\/1969 Sb., o z\u0159\u00edzen\u00ed ministerstev a jin\u00fdch \u00fast\u0159edn\u00edch org\u00e1n\u016f st\u00e1tn\u00ed spr\u00e1vy \u010cesk\u00e9 republiky, ve zn\u011bn\u00ed pozd\u011bj\u0161\u00edch p\u0159edpis\u016f, je \u00fast\u0159edn\u00edm org\u00e1nem st\u00e1tn\u00ed spr\u00e1vy pro:\u00a0um\u011bn\u00ed, kulturn\u011b v\u00fdchovnou \u010dinnost, kulturn\u00ed pam\u00e1tky, pro v\u011bci c\u00edrkv\u00ed a n\u00e1bo\u017eensk\u00fdch spole\u010dnost\u00ed, pro v\u011bci tisku, v\u010detn\u011b vyd\u00e1v\u00e1n\u00ed neperiodick\u00e9ho tisku a jin\u00fdch informa\u010dn\u00edch prost\u0159edk\u016f, pro [&hellip;]<\/p>\n","protected":false},"author":1,"featured_media":0,"parent":142,"menu_order":2,"comment_status":"closed","ping_status":"closed","template":"","meta":{"footnotes":""},"yst_prominent_words":[],"acf":[],"_links":{"self":[{"href":"https:\/\/icom-czech.mini.icom.museum\/en\/wp-json\/wp\/v2\/pages\/1476"}],"collection":[{"href":"https:\/\/icom-czech.mini.icom.museum\/en\/wp-json\/wp\/v2\/pages"}],"about":[{"href":"https:\/\/icom-czech.mini.icom.museum\/en\/wp-json\/wp\/v2\/types\/page"}],"author":[{"embeddable":true,"href":"https:\/\/icom-czech.mini.icom.museum\/en\/wp-json\/wp\/v2\/users\/1"}],"replies":[{"embeddable":true,"href":"https:\/\/icom-czech.mini.icom.museum\/en\/wp-json\/wp\/v2\/comments?post=1476"}],"version-history":[{"count":1,"href":"https:\/\/icom-czech.mini.icom.museum\/en\/wp-json\/wp\/v2\/pages\/1476\/revisions"}],"predecessor-version":[{"id":2077,"href":"https:\/\/icom-czech.mini.icom.museum\/en\/wp-json\/wp\/v2\/pages\/1476\/revisions\/2077"}],"up":[{"embeddable":true,"href":"https:\/\/icom-czech.mini.icom.museum\/en\/wp-json\/wp\/v2\/pages\/142"}],"wp:attachment":[{"href":"https:\/\/icom-czech.mini.icom.museum\/en\/wp-json\/wp\/v2\/media?parent=1476"}],"wp:term":[{"taxonomy":"yst_prominent_words","embeddable":true,"href":"https:\/\/icom-czech.mini.icom.museum\/en\/wp-json\/wp\/v2\/yst_prominent_words?post=1476"}],"curies":[{"name":"wp","href":"https:\/\/api.w.org\/{rel}","templated":true}]}}