{"id":1474,"date":"2019-01-07T15:28:34","date_gmt":"2019-01-07T15:28:34","guid":{"rendered":"http:\/\/icom-czechia.icom.cust.oxymium.net\/partneri\/rg-cr\/"},"modified":"2019-01-07T15:35:45","modified_gmt":"2019-01-07T15:35:45","slug":"rg-cr","status":"publish","type":"page","link":"https:\/\/icom-czech.mini.icom.museum\/en\/partneri\/rg-cr\/","title":{"rendered":"RG \u010cR"},"content":{"rendered":"<div id=\"RTE_CONTENT\"> <!--TYPO3SEARCH_begin--> \t<!--  CONTENT ELEMENT, uid:18538\/textpic [begin] --> \t\t<\/p>\n<div id=\"c18538\"> \t\t<!--  Image block: [begin] --> \t\t\t<\/p>\n<div> \t\t<!--  Text: [begin] --> \t\t\t<\/p>\n<div>\n<p>Rada galeri\u00ed \u010cesk\u00e9 republiky je profesn\u00ed uni\u00ed \u010desk\u00fdch muze\u00ed um\u011bn\u00ed &#8211; galeri\u00ed, kter\u00e9 sdru\u017euje za \u00fa\u010delem koordinace jejich \u010dinnosti p\u0159i tvorb\u011b, spr\u00e1v\u011b, a ochran\u011b a zve\u0159ej\u0148ov\u00e1n\u00ed um\u011bleck\u00fdch sb\u00edrek jako nezciziteln\u00e9 sou\u010d\u00e1sti n\u00e1rodn\u00edho kulturn\u00edho d\u011bdictv\u00ed.<\/p>\n<\/div>\n<div><\/div>\n<div>\n<p>V sou\u010dinnosti s org\u00e1ny samospr\u00e1vy a st\u00e1tn\u00ed spr\u00e1vy z\u00e1rove\u0148 usiluje o to, aby \u010desk\u00e1 muzea um\u011bn\u00ed &#8211; galerie, v jejich nenahraditeln\u00e9m postaven\u00ed spr\u00e1vc\u016f t\u011bchto um\u011bleck\u00fdch sb\u00edrek, m\u011bla ke sv\u00e9 pr\u00e1ci a existenci optim\u00e1ln\u00ed podm\u00ednky. <\/p>\n<p>V\u00edce na:\u00a0<a href=\"http:\/\/www.rgcr.cz\" target=\"_blank\">www.rgcr.cz<\/a><\/p>\n<\/p><\/div>\n<p> \t\t<!--  Text: [end] --> \t\t\t<\/div>\n<p> \t\t<!--  Image block: [end] --> \t\t\t   \t<!--  \t\tBEGIN: Content of extension \"hpo_relatedlink\", plugin \"tx_hporelatedlink_pi1\"  \t--> \t<\/p>\n<div> \t\t \t<\/div>\n<p> \t \t<!-- END: Content of extension \"hpo_relatedlink\", plugin \"tx_hporelatedlink_pi1\" -->  \t<\/div>\n<p> \t<!--  CONTENT ELEMENT, uid:18538\/textpic [end] --> \t\t<!--TYPO3SEARCH_end--> <\/div>\n","protected":false},"excerpt":{"rendered":"<p>Rada galeri\u00ed \u010cesk\u00e9 republiky je profesn\u00ed uni\u00ed \u010desk\u00fdch muze\u00ed um\u011bn\u00ed &#8211; galeri\u00ed, kter\u00e9 sdru\u017euje za \u00fa\u010delem koordinace jejich \u010dinnosti p\u0159i tvorb\u011b, spr\u00e1v\u011b, a ochran\u011b a zve\u0159ej\u0148ov\u00e1n\u00ed um\u011bleck\u00fdch sb\u00edrek jako nezciziteln\u00e9 sou\u010d\u00e1sti n\u00e1rodn\u00edho kulturn\u00edho d\u011bdictv\u00ed. V sou\u010dinnosti s org\u00e1ny samospr\u00e1vy a st\u00e1tn\u00ed spr\u00e1vy z\u00e1rove\u0148 usiluje o to, aby \u010desk\u00e1 muzea um\u011bn\u00ed &#8211; galerie, v jejich nenahraditeln\u00e9m [&hellip;]<\/p>\n","protected":false},"author":1,"featured_media":0,"parent":142,"menu_order":1,"comment_status":"closed","ping_status":"closed","template":"","meta":{"footnotes":""},"yst_prominent_words":[],"acf":[],"_links":{"self":[{"href":"https:\/\/icom-czech.mini.icom.museum\/en\/wp-json\/wp\/v2\/pages\/1474"}],"collection":[{"href":"https:\/\/icom-czech.mini.icom.museum\/en\/wp-json\/wp\/v2\/pages"}],"about":[{"href":"https:\/\/icom-czech.mini.icom.museum\/en\/wp-json\/wp\/v2\/types\/page"}],"author":[{"embeddable":true,"href":"https:\/\/icom-czech.mini.icom.museum\/en\/wp-json\/wp\/v2\/users\/1"}],"replies":[{"embeddable":true,"href":"https:\/\/icom-czech.mini.icom.museum\/en\/wp-json\/wp\/v2\/comments?post=1474"}],"version-history":[{"count":1,"href":"https:\/\/icom-czech.mini.icom.museum\/en\/wp-json\/wp\/v2\/pages\/1474\/revisions"}],"predecessor-version":[{"id":2078,"href":"https:\/\/icom-czech.mini.icom.museum\/en\/wp-json\/wp\/v2\/pages\/1474\/revisions\/2078"}],"up":[{"embeddable":true,"href":"https:\/\/icom-czech.mini.icom.museum\/en\/wp-json\/wp\/v2\/pages\/142"}],"wp:attachment":[{"href":"https:\/\/icom-czech.mini.icom.museum\/en\/wp-json\/wp\/v2\/media?parent=1474"}],"wp:term":[{"taxonomy":"yst_prominent_words","embeddable":true,"href":"https:\/\/icom-czech.mini.icom.museum\/en\/wp-json\/wp\/v2\/yst_prominent_words?post=1474"}],"curies":[{"name":"wp","href":"https:\/\/api.w.org\/{rel}","templated":true}]}}