{"id":1472,"date":"2019-01-07T15:28:33","date_gmt":"2019-01-07T15:28:33","guid":{"rendered":"http:\/\/icom-czechia.icom.cust.oxymium.net\/partneri\/amg\/"},"modified":"2019-01-07T15:35:45","modified_gmt":"2019-01-07T15:35:45","slug":"amg","status":"publish","type":"page","link":"https:\/\/icom-czech.mini.icom.museum\/en\/partneri\/amg\/","title":{"rendered":"AMG"},"content":{"rendered":"<div id=\"RTE_CONTENT\"> <!--TYPO3SEARCH_begin--> \t<!--  CONTENT ELEMENT, uid:8822\/text [begin] --> \t\t<\/p>\n<div id=\"c8822\"> \t\t<!--  Text: [begin] --> \t\t\t<\/p>\n<p>\u00a0<\/p>\n<p>Asociace muze\u00ed a galeri\u00ed \u010cesk\u00e9 republiky (zkratka AMG) je neziskov\u00e1 organizace sdru\u017euj\u00edc\u00ed muzejn\u00ed instituce a osoby pracuj\u00edc\u00ed v oboru. Byla zalo\u017eena v roce 1990 pod n\u00e1zvem Asociace \u010desk\u00fdch a moravskoslezsk\u00fdch muze\u00ed a galerii. Nov\u00fd n\u00e1zev pou\u017e\u00edv\u00e1 Asociace od roku 2000. <\/p>\n<p>\u00a0<\/p>\n<p>\u010clenstv\u00ed v AMG je dobrovoln\u00e9. \u010cleny AMG se mohou st\u00e1t muzea, galerie nebo jin\u00e9 pr\u00e1vnick\u00e9 osoby p\u016fsob\u00edc\u00ed v\u00a0muzejnictv\u00ed, kter\u00e1 jsou z\u0159izovan\u00e1 st\u00e1tem, samospr\u00e1vn\u00fdmi celky, ale i podnikatelsk\u00fdmi a soukrom\u00fdmi subjekty.\u00a0V\u00a0sou\u010dasnosti m\u00e1 280 \u0159\u00e1dn\u00fdch \u010dlen\u016f (p\u0159ibli\u017en\u011b 55 % muzejn\u00edch instituc\u00ed v \u010cesk\u00e9 republice a z\u00e1rove\u0148 85 % t\u011bch nejv\u011bt\u0161\u00edch z nich), a\u00a095 \u010dlen\u016f \u010destn\u00fdch a individu\u00e1ln\u00edch.<\/p>\n<p>\u00a0<\/p>\n<p>Posl\u00e1n\u00ed AMG je v\u0161estrann\u00fd rozvoj muzejnictv\u00ed a zaji\u0161t\u011bn\u00ed svobodn\u00e9 tv\u016fr\u010d\u00ed pr\u00e1ce v muze\u00edch. H\u00e1j\u00ed spole\u010dn\u00e9 z\u00e1jmy a pr\u00e1va muze\u00ed sdru\u017een\u00fdch v AMG v duchu princip\u016f stanoven\u00fdch Etick\u00fdm kodexem Mezin\u00e1rodn\u00ed rady muze\u00ed ICOM. Utv\u00e1\u0159\u00ed koncepce a iniciuje projekty v oboru muzejnictv\u00ed. Vytv\u00e1\u0159\u00ed oborov\u00e9 informa\u010dn\u00ed syst\u00e9my. Podporuje vzd\u011bl\u00e1v\u00e1n\u00ed pracovn\u00edk\u016f muze\u00ed. Propaguje a popularizuje \u010dinnost muze\u00ed. Aktivn\u011b zasahuje do legislativn\u00edho procesu uplat\u0148ov\u00e1n\u00edm profesn\u00edch hledisek p\u0159i tvorb\u011b pr\u00e1vn\u00edch norem, kter\u00e9 ovliv\u0148uj\u00ed odborn\u00e9, pr\u00e1vn\u00ed i ekonomick\u00e9 postaven\u00ed muze\u00ed a oboru muzejnictv\u00ed jako celku. Spolupr\u00e1cuje s partnersk\u00fdmi organizacemi doma i v zahrani\u010d\u00ed. <\/p>\n<p>\u00a0<\/p>\n<p>K hlavn\u00edm aktivit\u00e1m AMG pat\u0159\u00ed po\u0159\u00e1d\u00e1n\u00ed N\u00e1rodn\u00ed ceny Gloria musaealis, Festival muzejn\u00edch noc\u00ed, vede \u0160kolu muzejn\u00ed propedeutiky a po\u0159\u00e1d\u00e1 dal\u0161\u00ed vzd\u011bl\u00e1vac\u00ed programy pro muzejn\u00ed pracovn\u00edky. Organizuje profesn\u00ed konference. AMG provozuje vydavatelskou a nakladatelskou \u010dinnost. Vyd\u00e1v\u00e1 profesn\u00ed \u010dasopis V\u011bstn\u00edk Asociace muze\u00ed a galeri\u00ed.<\/p>\n<p>\u00a0<\/p>\n<p>V\u00edce na:  <\/p>\n<p><a href=\"http:\/\/www.cz-museums.cz\/web\/amg\/titulni\" target=\"_blank\">http:\/\/www.cz-museums.cz\/web\/amg\/titulni<\/a> <\/p>\n<p>\u00a0<\/p>\n<p> \t\t<!--  Text: [end] --> \t\t\t   \t<!--  \t\tBEGIN: Content of extension \"hpo_relatedlink\", plugin \"tx_hporelatedlink_pi1\"  \t--> \t<\/p>\n<div> \t\t \t<\/div>\n<p> \t \t<!-- END: Content of extension \"hpo_relatedlink\", plugin \"tx_hporelatedlink_pi1\" -->  \t<\/div>\n<p> \t<!--  CONTENT ELEMENT, uid:8822\/text [end] --> \t\t<!--TYPO3SEARCH_end--> <\/div>\n","protected":false},"excerpt":{"rendered":"<p>\u00a0 Asociace muze\u00ed a galeri\u00ed \u010cesk\u00e9 republiky (zkratka AMG) je neziskov\u00e1 organizace sdru\u017euj\u00edc\u00ed muzejn\u00ed instituce a osoby pracuj\u00edc\u00ed v oboru. Byla zalo\u017eena v roce 1990 pod n\u00e1zvem Asociace \u010desk\u00fdch a moravskoslezsk\u00fdch muze\u00ed a galerii. Nov\u00fd n\u00e1zev pou\u017e\u00edv\u00e1 Asociace od roku 2000. \u00a0 \u010clenstv\u00ed v AMG je dobrovoln\u00e9. \u010cleny AMG se mohou st\u00e1t muzea, galerie nebo [&hellip;]<\/p>\n","protected":false},"author":1,"featured_media":0,"parent":142,"menu_order":0,"comment_status":"closed","ping_status":"closed","template":"","meta":{"footnotes":""},"yst_prominent_words":[],"acf":[],"_links":{"self":[{"href":"https:\/\/icom-czech.mini.icom.museum\/en\/wp-json\/wp\/v2\/pages\/1472"}],"collection":[{"href":"https:\/\/icom-czech.mini.icom.museum\/en\/wp-json\/wp\/v2\/pages"}],"about":[{"href":"https:\/\/icom-czech.mini.icom.museum\/en\/wp-json\/wp\/v2\/types\/page"}],"author":[{"embeddable":true,"href":"https:\/\/icom-czech.mini.icom.museum\/en\/wp-json\/wp\/v2\/users\/1"}],"replies":[{"embeddable":true,"href":"https:\/\/icom-czech.mini.icom.museum\/en\/wp-json\/wp\/v2\/comments?post=1472"}],"version-history":[{"count":1,"href":"https:\/\/icom-czech.mini.icom.museum\/en\/wp-json\/wp\/v2\/pages\/1472\/revisions"}],"predecessor-version":[{"id":2079,"href":"https:\/\/icom-czech.mini.icom.museum\/en\/wp-json\/wp\/v2\/pages\/1472\/revisions\/2079"}],"up":[{"embeddable":true,"href":"https:\/\/icom-czech.mini.icom.museum\/en\/wp-json\/wp\/v2\/pages\/142"}],"wp:attachment":[{"href":"https:\/\/icom-czech.mini.icom.museum\/en\/wp-json\/wp\/v2\/media?parent=1472"}],"wp:term":[{"taxonomy":"yst_prominent_words","embeddable":true,"href":"https:\/\/icom-czech.mini.icom.museum\/en\/wp-json\/wp\/v2\/yst_prominent_words?post=1472"}],"curies":[{"name":"wp","href":"https:\/\/api.w.org\/{rel}","templated":true}]}}