{"id":144,"date":"2019-01-07T15:16:22","date_gmt":"2019-01-07T15:16:22","guid":{"rendered":"http:\/\/icom-czechia.icom.cust.oxymium.net\/icom\/co-je-icom\/"},"modified":"2019-01-07T15:35:53","modified_gmt":"2019-01-07T15:35:53","slug":"co-je-icom","status":"publish","type":"page","link":"https:\/\/icom-czech.mini.icom.museum\/en\/icom\/co-je-icom\/","title":{"rendered":"Co je ICOM"},"content":{"rendered":"<div id=\"RTE_CONTENT\"> <!--TYPO3SEARCH_begin--> \t<!--  CONTENT ELEMENT, uid:8783\/text [begin] --> \t\t<\/p>\n<div id=\"c8783\"> \t\t<!--  Text: [begin] --> \t\t\t<\/p>\n<p><b>Mezin\u00e1rodn\u00ed rada muze\u00ed ICOM (International Council of Museums) je mezin\u00e1rodn\u00ed profesn\u00ed nevl\u00e1dn\u00ed organizace se statutem konzultanta UNESCO. Byla zalo\u017eena roku 1946 z iniciativy Chaucey J. Hamlina (USA) a Georgess Sallese (Francie).<\/b> V roce 2013 se v ICOM sdru\u017eovalo 32 969\u00a0\u010dlen\u016f z 20.000 muze\u00ed \u2013 individu\u00e1ln\u00edch (muzejn\u00ed pracovn\u00edci a spolupracovn\u00edci) nebo institucion\u00e1ln\u00edch (muzea a p\u0159\u00edbuzn\u00e9 instituce) \u2013 ze 137 st\u00e1t\u016f a oblast\u00ed, ve 115 n\u00e1rodn\u00edch v\u00fdborech, 31 mezin\u00e1rodn\u00edch komis\u00edch, 5 region\u00e1ln\u00edch alianc\u00edch, 18 p\u0159idru\u017een\u00fdch organizac\u00edch, 7 technick\u00fdch komis\u00edch a mnoha dal\u0161\u00edch pracovn\u00edch skupin\u00e1ch. Zastupuj\u00ed v\u0161echny druhy muze\u00ed &#8211; v\u011bdy a techniky, um\u011bn\u00ed, archeologie a historie, etnografie, p\u0159\u00edrodn\u00edch v\u011bd atd., jako\u017e i instituce podobn\u00e9ho zam\u011b\u0159en\u00ed, nap\u0159. zoologick\u00e9 zahrady, akv\u00e1ria, botanick\u00e9 zahrady.  <\/p>\n<p><b>Nejvy\u0161\u0161\u00edmi org\u00e1ny ICOM jsou poradn\u00ed sbor, v\u00fdkonn\u00e1 rada v \u010dele s prezidentem a valn\u00e9 shrom\u00e1\u017ed\u011bn\u00ed<\/b>.  <\/p>\n<p><b>Poradn\u00ed sbor<\/b> tvo\u0159\u00ed p\u0159edsedov\u00e9 n\u00e1rodn\u00edch v\u00fdbor\u016f, mezin\u00e1rodn\u00edch komis\u00ed a p\u0159idru\u017een\u00fdch organizac\u00ed. Sch\u00e1zej\u00ed se nejm\u00e9n\u011b jedenkr\u00e1t ro\u010dn\u011b, aby zhodnotili \u010dinnost rady a sekretari\u00e1tu za minul\u00e9 obdob\u00ed, projednali dal\u0161\u00ed program, rozpo\u010det a dali sv\u00e1 doporu\u010den\u00ed v\u00fdkonn\u00e9 rad\u011b. V \u010dele poradn\u00edho sboru stoj\u00ed volen\u00fd p\u0159edseda, p\u0159i\u010dem\u017e p\u0159edseda je ex officio \u010dlenem v\u00fdkonn\u00e9 rady.  <\/p>\n<p><b>V\u00fdkonn\u00e1 rada<\/b> je na n\u00e1vrh poradn\u00edho sboru volena z \u010dlen\u016f ICOM ka\u017ed\u00e9 t\u0159i roky p\u0159i gener\u00e1ln\u00ed konferenci, a to v n\u00e1sleduj\u00edc\u00edm slo\u017een\u00ed: prezident, volen\u00fd p\u0159\u00edmou volbou, dva viceprezidenti, pokladn\u00edk a p\u011bt \u010dlen\u016f rady. Ka\u017ed\u00fd n\u00e1rodn\u00ed v\u00fdbor m\u00e1 p\u0159i volb\u00e1ch ve valn\u00e9m shrom\u00e1\u017ed\u011bn\u00ed p\u011bt platn\u00fdch hlas\u016f. Org\u00e1ny a postupy n\u00e1rodn\u00edch v\u00fdbor\u016f jsou zakotveny ve statutech, p\u0159i\u010dem\u017e statut \u010cesk\u00e9ho v\u00fdboru ICOM je k dispozici v \u010desk\u00e9m zn\u011bn\u00ed.  <\/p>\n<p><b>Sekretari\u00e1t ICOM<\/b> s\u00eddl\u00ed v budov\u011b UNESCO v Pa\u0159\u00ed\u017ei. Koordinuje \u010dinnost a programy n\u00e1rodn\u00edch v\u00fdbor\u016f i mezin\u00e1rodn\u00edch komis\u00ed. Poskytuje technickou pomoc muzejn\u00edm projekt\u016fm a odborn\u00e9 v\u00fdchov\u011b muzejn\u00edk\u016f v mnoha zem\u00edch.  <\/p>\n<p><b>Informa\u010dn\u00ed a dokumenta\u010dn\u00ed st\u0159edisko UNESCO-ICOM<\/b> s\u00eddl\u00ed rovn\u011b\u017e v Pa\u0159\u00ed\u017ei a je nejrozs\u00e1hlej\u0161\u00edm pramenem informac\u00ed ze v\u0161ech obor\u016f muzejnictv\u00ed na sv\u011bt\u011b. Shroma\u017e\u010fuje informace o akc\u00edch, muzeologickou literaturu z cel\u00e9ho sv\u011bta a na po\u017e\u00e1d\u00e1n\u00ed prov\u00e1d\u00ed re\u0161er\u0161e a pod\u00e1v\u00e1 pot\u0159ebn\u00e9 informace.  <\/p>\n<p>\u00a0<\/p>\n<p><b>C\u00edlem<\/b><b> n\u00e1rodn\u00edch v\u00fdbor\u016f ICOM a jejich region\u00e1ln\u00edch sdru\u017een\u00ed <\/b><b>je podporovat muzea a muzejn\u00ed pracovn\u00edky p\u0159i jejich v\u011bdeck\u00e9 pr\u00e1ci, v p\u00e9\u010di o sb\u00edrky a jejich uchov\u00e1n\u00ed, p\u0159i prezentaci materi\u00e1lu i p\u0159i zvy\u0161ov\u00e1n\u00ed v\u011bdeck\u00e9 kvalifikace muzejn\u00edch pracovn\u00edk\u016f<\/b>. Tyto c\u00edle jsou napl\u0148ov\u00e1ny p\u0159edev\u0161\u00edm koordina\u010dn\u00ed \u010dinnost\u00ed, \u0161\u00ed\u0159en\u00edm informac\u00ed o d\u011bn\u00ed a stavu oboru v celosv\u011btov\u00e9m m\u011b\u0159\u00edtku, sjedn\u00e1v\u00e1n\u00edm spolupr\u00e1ce, poskytov\u00e1n\u00edm stipendi\u00ed a zastupov\u00e1n\u00edm z\u00e1jm\u016f oboru jak na mezin\u00e1rodn\u00edm poli, tak na dom\u00e1c\u00ed p\u016fd\u011b.  <\/p>\n<p>\u00a0<\/p>\n<p><b>Mezin\u00e1rodn\u00ed odborn\u00e9 komise<\/b> jsou hlavn\u00edm n\u00e1strojem pro podporu a rozvoj v\u011bdeck\u00e9ho v\u00fdzkumu, pro v\u00fdm\u011bnu informac\u00ed, zku\u0161enost\u00ed, pop\u0159\u00edpad\u011b i sb\u00edrek nebo v\u00fdstav a tak\u00e9 pro dal\u0161\u00ed vzd\u011bl\u00e1v\u00e1n\u00ed pracovn\u00edk\u016f v p\u0159\u00edslu\u0161n\u00fdch specializac\u00edch.  <\/p>\n<p>ICOM je p\u0159idru\u017een\u00e1 organizace, jej\u00edm\u017e c\u00edlem je z\u00edsk\u00e1vat finan\u010dn\u00ed prost\u0159edky a napom\u00e1hat p\u0159i zvy\u0161ov\u00e1n\u00ed presti\u017ee muze\u00ed, ICOM a jeho \u010dlen\u016f v mezin\u00e1rodn\u00edm m\u011b\u0159\u00edtku  <\/p>\n<p>\u00a0<\/p>\n<p><b>\u010clenem ICOM se m\u016f\u017ee st\u00e1t ka\u017ed\u00fd odborn\u00fd pracovn\u00edk muzea, \u010di\u00a0student p\u0159\u00edslu\u0161n\u00e9 odborn\u00e9 \u0161koly<\/b>, kter\u00fd sd\u00edl\u00ed program organizace, je ochoten se pod\u0159\u00eddit jej\u00edmu statutu a etick\u00fdch z\u00e1sad\u00e1m a plat\u00ed pravideln\u011b stanoven\u00e9 ro\u010dn\u00ed p\u0159\u00edsp\u011bvky. Krom\u011b p\u0159\u00edslu\u0161nosti k n\u00e1rodn\u00edmu v\u00fdboru m\u00e1 ka\u017ed\u00fd \u010dlen pr\u00e1vo a mo\u017enost \u00fa\u010dastnit se jako \u010dlen s volebn\u00edm pr\u00e1vem pr\u00e1ce jedn\u00e9 mezin\u00e1rodn\u00ed odborn\u00e9 komise, kterou si zvol\u00ed podle sv\u00e9 specializace a z\u00e1jmu. V dal\u0161\u00ed odborn\u00e9 komisi m\u016f\u017ee pracovat, av\u0161ak nem\u00e1 pr\u00e1vo volit ani b\u00fdt volen. Na z\u00e1klad\u011b t\u00e9to definice by bylo nutn\u00e9 p\u0159istoupit k mnohem p\u0159\u00edsn\u011bj\u0161\u00edmu v\u00fdb\u011bru \u010dlen\u016f, co\u017e by v\u0161ak vedlo k omezen\u00ed mo\u017enost\u00ed p\u0159ij\u00edm\u00e1n\u00ed \u010dlen\u016f, kte\u0159\u00ed se aktivn\u011b pod\u00edl\u00ed na muzejn\u00edch akc\u00edch a nejsou p\u0159\u00edmo odborn\u00ed pracovn\u00edci muzea.  <\/p>\n<p>\u00a0<\/p>\n<p>\u00a0<\/p>\n<p> \t\t<!--  Text: [end] --> \t\t\t   \t<!--  \t\tBEGIN: Content of extension \"hpo_relatedlink\", plugin \"tx_hporelatedlink_pi1\"  \t--> \t<\/p>\n<div> \t\t \t<\/div>\n<p> \t \t<!-- END: Content of extension \"hpo_relatedlink\", plugin \"tx_hporelatedlink_pi1\" -->  \t<\/div>\n<p> \t<!--  CONTENT ELEMENT, uid:8783\/text [end] --> \t\t<!--TYPO3SEARCH_end--> <\/div>\n","protected":false},"excerpt":{"rendered":"<p>Mezin\u00e1rodn\u00ed rada muze\u00ed ICOM (International Council of Museums) je mezin\u00e1rodn\u00ed profesn\u00ed nevl\u00e1dn\u00ed organizace se statutem konzultanta UNESCO. Byla zalo\u017eena roku 1946 z iniciativy Chaucey J. Hamlina (USA) a Georgess Sallese (Francie). V roce 2013 se v ICOM sdru\u017eovalo 32 969\u00a0\u010dlen\u016f z 20.000 muze\u00ed \u2013 individu\u00e1ln\u00edch (muzejn\u00ed pracovn\u00edci a spolupracovn\u00edci) nebo institucion\u00e1ln\u00edch (muzea a p\u0159\u00edbuzn\u00e9 instituce) [&hellip;]<\/p>\n","protected":false},"author":1,"featured_media":0,"parent":130,"menu_order":0,"comment_status":"closed","ping_status":"closed","template":"","meta":{"footnotes":""},"yst_prominent_words":[],"acf":[],"_links":{"self":[{"href":"https:\/\/icom-czech.mini.icom.museum\/en\/wp-json\/wp\/v2\/pages\/144"}],"collection":[{"href":"https:\/\/icom-czech.mini.icom.museum\/en\/wp-json\/wp\/v2\/pages"}],"about":[{"href":"https:\/\/icom-czech.mini.icom.museum\/en\/wp-json\/wp\/v2\/types\/page"}],"author":[{"embeddable":true,"href":"https:\/\/icom-czech.mini.icom.museum\/en\/wp-json\/wp\/v2\/users\/1"}],"replies":[{"embeddable":true,"href":"https:\/\/icom-czech.mini.icom.museum\/en\/wp-json\/wp\/v2\/comments?post=144"}],"version-history":[{"count":1,"href":"https:\/\/icom-czech.mini.icom.museum\/en\/wp-json\/wp\/v2\/pages\/144\/revisions"}],"predecessor-version":[{"id":2115,"href":"https:\/\/icom-czech.mini.icom.museum\/en\/wp-json\/wp\/v2\/pages\/144\/revisions\/2115"}],"up":[{"embeddable":true,"href":"https:\/\/icom-czech.mini.icom.museum\/en\/wp-json\/wp\/v2\/pages\/130"}],"wp:attachment":[{"href":"https:\/\/icom-czech.mini.icom.museum\/en\/wp-json\/wp\/v2\/media?parent=144"}],"wp:term":[{"taxonomy":"yst_prominent_words","embeddable":true,"href":"https:\/\/icom-czech.mini.icom.museum\/en\/wp-json\/wp\/v2\/yst_prominent_words?post=144"}],"curies":[{"name":"wp","href":"https:\/\/api.w.org\/{rel}","templated":true}]}}