{"id":1404,"date":"2019-01-07T15:27:57","date_gmt":"2019-01-07T15:27:57","guid":{"rendered":"http:\/\/icom-czechia.icom.cust.oxymium.net\/souteze\/obnova-libusina\/"},"modified":"2019-01-07T15:35:46","modified_gmt":"2019-01-07T15:35:46","slug":"obnova-libusina","status":"publish","type":"page","link":"https:\/\/icom-czech.mini.icom.museum\/en\/souteze\/obnova-libusina\/","title":{"rendered":"Obnova Libu\u0161\u00edna"},"content":{"rendered":"<div id=\"RTE_CONTENT\"> <!--TYPO3SEARCH_begin--> \t<!--  CONTENT ELEMENT, uid:12964\/textpic [begin] --> \t\t<\/p>\n<div id=\"c12964\"> \t\t<!--  Image block: [begin] --> \t\t\t<\/p>\n<div> \t\t<!--  Text: [begin] --> \t\t\t<\/p>\n<p>V\u00a0noci z\u00a02. na 3. b\u0159ezna do\u0161lo na Pustevn\u00e1ch k\u00a0rozs\u00e1hl\u00e9mu po\u017e\u00e1ru historick\u00e9 chaty Libu\u0161\u00edn, postaven\u00e9 v letech 1897-1899 podle n\u00e1vrhu architekta Du\u0161ana Jurkovi\u010de. <\/p>\n<p>Dne 4. 3. 2014 byla Vala\u0161sk\u00fdm muzeum v p\u0159\u00edrod\u011b v Ro\u017enov\u011b pod Radho\u0161t\u011bm spu\u0161t\u011bna sb\u00edrka na obnovu objektu Libu\u0161\u00edn na Pustevn\u00e1ch. Deklarovanou snahou muzea, ve spolupr\u00e1ci se z\u00e1stupci okoln\u00edch obc\u00ed a m\u011bst, Zl\u00ednsk\u00e9ho kraje, Ministerstva kultury \u010di jednotliv\u00fdch subjekt\u016f je op\u011btovn\u00e9 znovuvybudov\u00e1n\u00ed a zprovozn\u011bn\u00ed tohoto za\u0159\u00edzen\u00ed. <br \/>Z t\u011bchto prost\u0159edk\u016f budou hrazeny p\u0159edev\u0161\u00edm p\u0159edpokl\u00e1dan\u00e9 dodate\u010dn\u00e9 n\u00e1klady souvisej\u00edc\u00ed s opravou objektu Libu\u0161\u00edna a jeho znovuuveden\u00ed do provozu &#8211; mimo pojistn\u00e9 kryt\u00ed. Upozor\u0148ujeme, \u017ee platn\u00fd a ofici\u00e1ln\u00ed bude pouze jeden jedin\u00fd \u00fa\u010det ve\u0159ejn\u00e9 sb\u00edrky na obnovu Libu\u0161\u00edna.\u201d<\/p>\n<div id=\"content\">\n<div id=\"content_inner\">\n<p><b><span>Finan\u010dn\u00ed prost\u0159edky je mo\u017eno pos\u00edlat na \u00fa\u010det:<\/span><\/b> <\/p>\n<p><span>107-6978880207\/0100<\/span> <\/p>\n<p><b><span>Hotovostn\u011b je mo\u017eno finan\u010dn\u00ed prost\u0159edky d\u00e1vat do pokladni\u010dek:<\/span><\/b> <\/p>\n<p><span>1. objekt Su\u0161\u00e1ku &#8211; are\u00e1l Vala\u0161sk\u00e9ho muzea v p\u0159\u00edrod\u011b v Ro\u017enov\u011b pod Radho\u0161t\u011bm<\/span> <\/p>\n<p><span>V\u00edce niformac\u00ed na: <a href=\"http:\/\/www.vmp.cz\/cs\/oprava-libusina\/\" target=\"_blank\">http:\/\/www.vmp.cz\/cs\/oprava-libusina\/<\/a><\/span><\/p>\n<\/p><\/div>\n<\/div>\n<p> \t\t<!--  Text: [end] --> \t\t\t<\/div>\n<p> \t\t<!--  Image block: [end] --> \t\t\t   \t<!--  \t\tBEGIN: Content of extension \"hpo_relatedlink\", plugin \"tx_hporelatedlink_pi1\"  \t--> \t<\/p>\n<div> \t\t \t<\/div>\n<p> \t \t<!-- END: Content of extension \"hpo_relatedlink\", plugin \"tx_hporelatedlink_pi1\" -->  \t<\/div>\n<p> \t<!--  CONTENT ELEMENT, uid:12964\/textpic [end] --> \t\t<!--TYPO3SEARCH_end--> <\/div>\n","protected":false},"excerpt":{"rendered":"<p>V\u00a0noci z\u00a02. na 3. b\u0159ezna do\u0161lo na Pustevn\u00e1ch k\u00a0rozs\u00e1hl\u00e9mu po\u017e\u00e1ru historick\u00e9 chaty Libu\u0161\u00edn, postaven\u00e9 v letech 1897-1899 podle n\u00e1vrhu architekta Du\u0161ana Jurkovi\u010de. Dne 4. 3. 2014 byla Vala\u0161sk\u00fdm muzeum v p\u0159\u00edrod\u011b v Ro\u017enov\u011b pod Radho\u0161t\u011bm spu\u0161t\u011bna sb\u00edrka na obnovu objektu Libu\u0161\u00edn na Pustevn\u00e1ch. Deklarovanou snahou muzea, ve spolupr\u00e1ci se z\u00e1stupci okoln\u00edch obc\u00ed a m\u011bst, Zl\u00ednsk\u00e9ho [&hellip;]<\/p>\n","protected":false},"author":1,"featured_media":0,"parent":138,"menu_order":6,"comment_status":"closed","ping_status":"closed","template":"","meta":{"footnotes":""},"yst_prominent_words":[],"acf":[],"_links":{"self":[{"href":"https:\/\/icom-czech.mini.icom.museum\/en\/wp-json\/wp\/v2\/pages\/1404"}],"collection":[{"href":"https:\/\/icom-czech.mini.icom.museum\/en\/wp-json\/wp\/v2\/pages"}],"about":[{"href":"https:\/\/icom-czech.mini.icom.museum\/en\/wp-json\/wp\/v2\/types\/page"}],"author":[{"embeddable":true,"href":"https:\/\/icom-czech.mini.icom.museum\/en\/wp-json\/wp\/v2\/users\/1"}],"replies":[{"embeddable":true,"href":"https:\/\/icom-czech.mini.icom.museum\/en\/wp-json\/wp\/v2\/comments?post=1404"}],"version-history":[{"count":1,"href":"https:\/\/icom-czech.mini.icom.museum\/en\/wp-json\/wp\/v2\/pages\/1404\/revisions"}],"predecessor-version":[{"id":2081,"href":"https:\/\/icom-czech.mini.icom.museum\/en\/wp-json\/wp\/v2\/pages\/1404\/revisions\/2081"}],"up":[{"embeddable":true,"href":"https:\/\/icom-czech.mini.icom.museum\/en\/wp-json\/wp\/v2\/pages\/138"}],"wp:attachment":[{"href":"https:\/\/icom-czech.mini.icom.museum\/en\/wp-json\/wp\/v2\/media?parent=1404"}],"wp:term":[{"taxonomy":"yst_prominent_words","embeddable":true,"href":"https:\/\/icom-czech.mini.icom.museum\/en\/wp-json\/wp\/v2\/yst_prominent_words?post=1404"}],"curies":[{"name":"wp","href":"https:\/\/api.w.org\/{rel}","templated":true}]}}