{"id":1402,"date":"2019-01-07T15:27:56","date_gmt":"2019-01-07T15:27:56","guid":{"rendered":"http:\/\/icom-czechia.icom.cust.oxymium.net\/souteze\/cool-zone\/"},"modified":"2019-01-07T15:35:46","modified_gmt":"2019-01-07T15:35:46","slug":"cool-zone","status":"publish","type":"page","link":"https:\/\/icom-czech.mini.icom.museum\/en\/souteze\/cool-zone\/","title":{"rendered":"Cool Zone"},"content":{"rendered":"<div id=\"RTE_CONTENT\"> <!--TYPO3SEARCH_begin--> \t<!--  CONTENT ELEMENT, uid:10523\/text [begin] --> \t\t<\/p>\n<div id=\"c10523\"> \t\t<!--  Text: [begin] --> \t\t\t<\/p>\n<p>Muzejn\u00ed sv\u011bt je fascinuj\u00edc\u00ed sou\u010d\u00e1st\u00ed spole\u010dnosti. Dokl\u00e1d\u00e1 to tak\u00e9 bezpo\u010det p\u00edsni\u010dek, film\u016f, kter\u00e9 byly v minulosti nato\u010deny. Uk\u00e1zky n\u011bkter\u00fdch najdete zde. <\/p>\n<p><b>Muzeum n\u00e1s bav\u00ed, 2015<\/b>. Muzeum regionu Vala\u0161sko p\u0159ipravilo pozoruhodn\u00fd interaktivn\u00ed program dostupn\u00fd na <a href=\"http:\/\/www.muzeumnasbavi.cz\" target=\"_blank\">www.muzeumnasbavi.cz.<\/a>\u00a0Pozn\u00e1te v n\u011bm n\u011bco z historie Vala\u0161ska a tak\u00e9 se nau\u010d\u00edte jak zabr\u00e1nit povodni. <\/p>\n<p><a href=\"https:\/\/www.youtube.com\/watch?feature=player_detailpage&amp;v=c4HfwZ34f6U\" title=\"Opens external link in new window\" target=\"_blank\">Kofola, 2015<\/a>. Reklama\u00a0<span>vyu\u017eila ikoni\u010dnosti muzejn\u00edch prostor a\u00a0do abstraktn\u00edho p\u0159\u00edrodov\u011bdn\u00e9ho muzea zasadila jeden z d\u00edl\u016f sv\u00e9 kampan\u011b.<\/span> <\/p>\n<p><a href=\"https:\/\/www.youtube.com\/watch?v=ztZ4Hwb4SAY\" title=\"Opens external link in new window\" target=\"_blank\">Velkolep\u00e9 muzeum (Das gro<span>\u00df<\/span><\/a><span><a href=\"https:\/\/www.youtube.com\/watch?v=ztZ4Hwb4SAY\" title=\"Opens external link in new window\" target=\"_blank\">e Museum), 2014<\/a>. Film Johannese Holzhausena p\u0159in\u00e1\u0161\u00ed poutav\u00fd pohled do z\u00e1kulis\u00ed fungov\u00e1n\u00ed jednoho z n\u011bjv\u00fdznam\u011bj\u0161\u00edch muze\u00ed um\u011bn\u00ed na sv\u011bt\u011b. Film z\u00edskal na MFF v \u00a0Berl\u00edn\u011b 2014 Caligari Film Award. Distribuci v \u010cesku zaji\u0161\u0165uje <a href=\"http:\/\/www.filmeurope.cz\" title=\"Opens external link in new window\" target=\"_blank\">Filmeurope Media Company<\/a>.<\/span> <\/p>\n<p><a href=\"http:\/\/www.cinemart.cz\/pamatkari\/\" title=\"Opens external link in new window\" target=\"_blank\">Pam\u00e1tka\u0159i (The Monuments Men), 2013.<\/a> Film George Clooneyho. Skupina neohro\u017een\u00fdch muzejn\u00edk\u016f a kunsthistorik\u016f na konci druh\u00e9 sv\u011btov\u00e9 v\u00e1lky v Evrop\u011b p\u00e1trala po nacisty ukraden\u00fdch um\u011bleck\u00fdch p\u0159edm\u011btech. Premi\u00e9ra v \u010cesku byla 27. \u00fanora 2014. Distibuci v \u010cesku zaji\u0161\u0165uje <a href=\"http:\/\/www.cinemart.cz\/pamatkari\/\" title=\"Opens external link in new window\" target=\"_blank\">CinemArt a.s.<\/a>, \u010cesk\u00fd v\u00fdbor ICOM byl medi\u00e1ln\u00edm partnerem filmu. <\/p>\n<p><a href=\"http:\/\/www.youtube.com\/watch?feature=player_detailpage&amp;v=SOcL7Ek53qU\" title=\"Opens external link in new window\" target=\"_blank\">Harlem Shake v Museum of London, 2013<\/a>. Hit Harlem Shake se nevyhnul ani muze\u00edm. V\u011bt\u0161inou postihne osoby, v Muzeu Lond\u00fdna nakazil i sb\u00edrkov\u00e9 p\u0159edm\u011bty v depozit\u00e1\u0159i archeologie. <\/p>\n<p><a href=\"http:\/\/www.youtube.com\/watch?feature=player_detailpage&amp;v=T8QjjKrEK7Y\" title=\"Opens external link in new window\" target=\"_blank\">Libraries Will Survive, 2010<\/a>. Hit Glorie Gaynor z roku 1978 inspiroval pracovn\u00edky Central Rappahannock Regional Library k neot\u0159el\u00e9mu PR. <\/p>\n<p><a href=\"http:\/\/www.youtube.com\/watch?v=j-uFUKNLflk&amp;feature=player_detailpage\" title=\"Opens external link in new window\" target=\"_blank\">Umenie ulice, 2010<\/a>. Song slovensk\u00e9 skupiny DNA z alba Revolucion\u00e1r. Ulice vol\u00e1 d\u011bti, d\u011bl\u00e1 z nich graffiti talenty. <\/p>\n<p><a href=\"https:\/\/cs.wikipedia.org\/wiki\/Orhan_Pamuk\" title=\"Opens external link in new window\" target=\"_blank\">Muzeum nevinnosti, Orhan Pamuk, 2008<\/a>: &#8220;Ka\u017ed\u00fd, kdo m\u00e1 alespo\u0148 jakous takous p\u0159edstavu o civilizac\u00edch a muze\u00edch \u00a8, v\u00ed, \u017ee za ve\u0161ker\u00fdm v\u011bd\u011bn\u00edm z\u00e1padn\u00ed civilizace, je\u017e vl\u00e1dne sv\u011btu, stoj\u00ed muzea, a \u017ee kdy\u017e prvn\u00ed, opravdov\u00ed sb\u011bratel\u00e9, kte\u0159\u00ed tato muzea vytvo\u0159ili, shroma\u017e\u010fovali sv\u00e9 prvn\u00ed objekty, v\u011bt\u0161inou nem\u011bli \u017e\u00e1dnou p\u0159edstavu o tom, k \u010demu jejich po\u010d\u00edn\u00e1n\u00ed povede, ba zpravidla ani nepost\u0159ehli, \u017ee se jim do rukou dostaly prvn\u00ed kousky rozs\u00e1hl\u00fdch sb\u00edrek, je\u017e budou pozd\u011bji vystavov\u00e1ny, klasifikov\u00e1ny a katalogizov\u00e1ny (prvn\u00ed katalogy jsou prvn\u00edmi encyklopediemi).&#8221; Kniha byla v roce 2012 p\u0159elo\u017eena do \u010de\u0161tiny, v roce 2013 Pamuk vytvo\u0159il podle knihy muzeum a v roce 2014 vyhr\u00e1l cenu <a href=\"http:\/\/icom-czechia.icom.cust.oxymium.net\/souteze\/emya\/\" title=\"Opens internal link in current window\">EMYA<\/a> (European Museum of the Year Award). <\/p>\n<p><a href=\"http:\/\/www.youtube.com\/watch?feature=player_detailpage&amp;v=mSkxoS8tFl8\" title=\"Opens external link in new window\" target=\"_blank\">Muzeum zla, 2008<\/a>. Arakain spole\u010dn\u011b s Plze\u0148skou filharmoni\u00ed zahr\u00e1l na letn\u00edm festivalu Masters of Rock ve Vizovic\u00edch. <\/p>\n<p><a href=\"http:\/\/www.youtube.com\/watch?feature=player_detailpage&amp;v=MZjeNgwKWqs\" title=\"Opens external link in new window\" target=\"_blank\">Urinus II, 2007<\/a>. Aneb jak vystavit Nic ve vypr\u00e1zdn\u011bn\u00e9 galerii s horn\u00edm osv\u011btlen\u00edm. P\u0159\u00edsp\u011bvek divadla Sklep. <\/p>\n<p><a href=\"http:\/\/www.youtube.com\/watch?v=O6QC1o0KLek&amp;feature=player_detailpage\" title=\"Opens external link in new window\" target=\"_blank\">HoMu, 2007<\/a>. Diskuse p\u0159edstavenstva Muzea bezdomovc\u016f (Homeless Museum, HoMu), zda je mo\u017en\u00e9 zakoupit budovu jako s\u00eddlo t\u00e9to instituce. <\/p>\n<p><a href=\"https:\/\/youtu.be\/jK-JrDHSbKA\" title=\"Opens external link in new window\" target=\"_blank\">Pras\u00e1tko Pepina, 2006<\/a>. Jak jsou muzea d\u016fle\u017eit\u00e1 je nezbytn\u00e9 vysv\u011btlovat d\u011btem od mali\u010dka. Animovan\u00e1 poh\u00e1dka o pras\u00e1tku Pepin\u011b je skv\u011bl\u00fdm p\u0159\u00edkladem. <\/p>\n<p><a href=\"http:\/\/www.youtube.com\/watch?v=BfOdWSiyWoc&amp;feature=player_detailpage\" title=\"Opens external link in new window\" target=\"_blank\">Can&#8217;t stop, 2006<\/a>. Red Hot Chilli Peppers inspirovan\u00ed projektem One-Minute Sculpture rakousk\u00e9ho um\u011blce Erwina Wurma. D\u00e1le spolupracovali s Raymondem Pettibonem na klipu <a href=\"http:\/\/www.youtube.com\/watch?v=qOgFHMEJMeY&amp;feature=player_detailpage\" title=\"Opens external link in new window\" target=\"_blank\">Monarchy of Roses, 2011<\/a>. <\/p>\n<p><a href=\"http:\/\/www.youtube.com\/watch?v=KsToozYitEU&amp;feature=player_detailpage\" title=\"Opens external link in new window\" target=\"_blank\">Mr. Bean: nejv\u011bt\u0161\u00ed filmov\u00e1 katastrofa, 1997<\/a>. Rowan Atkinson, James Whistler. Lekce na t\u00e9ma akvizice, konzervace, restaurov\u00e1n\u00ed a prezentace. <\/p>\n<p><a href=\"http:\/\/www.youtube.com\/watch?v=yVpNyy1N_Iw&amp;feature=player_detailpage\" title=\"Opens external link in new window\" target=\"_blank\">Muzeum, 1993<\/a>. Jaroslav Nohavica o expozic\u00edch Slezsk\u00e9ho zemsk\u00e9ho muzea v Opav\u011b. <\/p>\n<p><b>Dilbert, 1989-dosud<\/b>. Tv\u016frce satirick\u00e9ho office-komiksu Scott Adams se p\u0159\u00edle\u017eitostn\u011b dot\u00fdk\u00e1 tak\u00e9 t\u00e9matu <a href=\"http:\/\/icom-czechia.mini.icom.museum\/wp-content\/uploads\/sites\/34\/2019\/01\/dilbert.jpg\" title=\"IMAGE, dilbert, dilbert.jpg, 36 KB\">um\u011bn\u00ed<\/a> a <a href=\"http:\/\/search.dilbert.com\/comic\/Museum\" title=\"Opens external link in new window\" target=\"_blank\">muze\u00ed<\/a>. <\/p>\n<p><a href=\"http:\/\/www.complex.com\/art-design\/2012\/01\/the-complete-history-of-art-references-in-the-simpsons#1\" title=\"Opens external link in new window\" target=\"_blank\">Simpsonovi, 1989-dosud<\/a>. Podprahov\u00e1 kultivace spole\u010dnosti. V nekone\u010dn\u00e9m mno\u017estv\u00ed d\u00edl\u016f seri\u00e1lu se objevila plej\u00e1da um\u011bleck\u00fdch d\u011bl, muze\u00ed a tak\u00e9 vtipy o <a href=\"http:\/\/www.youtube.com\/watch?feature=player_detailpage&amp;v=K20qUhNJ6I4\" title=\"Opens external link in new window\" target=\"_blank\">kunsthistoric\u00edch<\/a>.\u00a0 <\/p>\n<p><a href=\"http:\/\/www.youtube.com\/watch?feature=player_detailpage&amp;v=E-wXfFTokGQ#t=15s\" title=\"Opens external link in new window\" target=\"_blank\">Indiana Jones a posledn\u00ed k\u0159\u00ed\u017eov\u00e1 v\u00fdprava, 1989<\/a>. Dobrodru\u017estv\u00ed a oddanost muzeu. Hl\u00e1\u0161ka &#8220;It belongs in a museum!&#8221; je dnes u\u017e kultovn\u00ed. <\/p>\n<p><a href=\"http:\/\/www.youtube.com\/watch?v=tZTaovZAdYA&amp;feature=player_detailpage\" title=\"Opens external link in new window\" target=\"_blank\">Krotitel\u00e9 duch\u016f II, 1989<\/a>. Ducha\u0159sk\u00e1 historka se nemohla p\u0159esunout jinam ne\u017e do muzea. <\/p>\n<p>INXS, 1988. Australsk\u00e1 skupina nato\u010dila t\u0159i videoklipy v Praze. V\u00a0p\u00edsni\u00a0<a href=\"https:\/\/www.youtube.com\/watch?v=_VU9DjQpvMQ&amp;feature=player_detailpage\" title=\"Opens external link in new window\" target=\"_blank\">Never Tear Us Apart<\/a>\u00a0s textem &#8220;two world collided and they can never tears us apart&#8221; \u00fa\u010dinkuje cel\u00e9 m\u011bsto.\u00a0Na balk\u00f3n\u011b Obecn\u00edho domu nato\u010dili\u00a0<a href=\"https:\/\/www.youtube.com\/watch?v=iV-QGQVZv0k&amp;feature=player_detailpage\" title=\"Opens external link in new window\" target=\"_blank\">New Sensation<\/a>, na chodb\u00e1ch <a href=\"https:\/\/www.youtube.com\/watch?v=0b6EQ344JkQ&amp;feature=player_detailpage\" title=\"Opens external link in new window\" target=\"_blank\">Guns in the Sky<\/a>. <\/p>\n<p><a href=\"http:\/\/www.youtube.com\/watch?v=cGU5jgpGxE4&amp;feature=player_detailpage\" title=\"Opens external link in new window\" target=\"_blank\">Kamar\u00e1d do de\u0161t\u011b, 1988<\/a>. Podiv\u00ednsk\u00fd kunsthistorik prof. Sy\u0159i\u0161t\u011b. Obvykl\u00e9 dobov\u00e9 kli\u0161\u00e9. <\/p>\n<p><a href=\"http:\/\/www.csfd.cz\/film\/4844-prodlouzeny-cas\/\" title=\"Opens external link in new window\" target=\"_blank\">Prodlou\u017een\u00fd \u010das, 1984<\/a>. Jeden z nejpozoruhodn\u011bj\u0161\u00edch film\u016f z prost\u0159ed\u00ed akademick\u00e9 kunsthistorie. O kr\u00e1se a boji sama se sebou. V hlavn\u00ed roli Milo\u0161 Kopeck\u00fd. <\/p>\n<p><a href=\"http:\/\/www.youtube.com\/watch?v=bpFBklf5iXA&amp;feature=player_detailpage#t=44s\" title=\"Opens external link in new window\" target=\"_blank\">Mal\u00fd pitaval z velk\u00e9ho m\u011bsta, 1982<\/a>. Fantastick\u00fd hereck\u00fd v\u00fdkon, kter\u00fd p\u0159edvedl kunshistorik Ji\u0159\u00ed Barto\u0161ka. <\/p>\n<p><a href=\"http:\/\/www.youtube.com\/watch?feature=player_detailpage&amp;v=c-tT-YEPLz0#t=1067\" title=\"Opens external link in new window\" target=\"_blank\">Arabela, 1979<\/a>. Profesor Pimpera: Mu\u017e slin\u00edc\u00ed si prst a jeho p\u0159\u00e1tel\u00e9. <\/p>\n<p><a href=\"http:\/\/www.youtube.com\/watch?feature=player_detailpage&amp;v=_H-2XKHsfYM\" title=\"Opens external link in new window\" target=\"_blank\">Monthy Python, 1972<\/a>. Fotbalov\u00fd z\u00e1pas filozof\u016f. Ne zcela muzejn\u00ed t\u00e9ma, ale i p\u0159\u00edbuzn\u00e9 obory si zaslou\u017e\u00ed pozornost. <\/p>\n<p>\u00a0<\/p>\n<p>\u00a0<\/p>\n<p>\u00a0<\/p>\n<p> \t\t<!--  Text: [end] --> \t\t\t   \t<!--  \t\tBEGIN: Content of extension \"hpo_relatedlink\", plugin \"tx_hporelatedlink_pi1\"  \t--> \t<\/p>\n<div> \t\t \t<\/div>\n<p> \t \t<!-- END: Content of extension \"hpo_relatedlink\", plugin \"tx_hporelatedlink_pi1\" -->  \t<\/div>\n<p> \t<!--  CONTENT ELEMENT, uid:10523\/text [end] --> \t\t<!--TYPO3SEARCH_end--> <\/div>\n","protected":false},"excerpt":{"rendered":"<p>Muzejn\u00ed sv\u011bt je fascinuj\u00edc\u00ed sou\u010d\u00e1st\u00ed spole\u010dnosti. Dokl\u00e1d\u00e1 to tak\u00e9 bezpo\u010det p\u00edsni\u010dek, film\u016f, kter\u00e9 byly v minulosti nato\u010deny. Uk\u00e1zky n\u011bkter\u00fdch najdete zde. Muzeum n\u00e1s bav\u00ed, 2015. Muzeum regionu Vala\u0161sko p\u0159ipravilo pozoruhodn\u00fd interaktivn\u00ed program dostupn\u00fd na www.muzeumnasbavi.cz.\u00a0Pozn\u00e1te v n\u011bm n\u011bco z historie Vala\u0161ska a tak\u00e9 se nau\u010d\u00edte jak zabr\u00e1nit povodni. Kofola, 2015. Reklama\u00a0vyu\u017eila ikoni\u010dnosti muzejn\u00edch prostor a\u00a0do [&hellip;]<\/p>\n","protected":false},"author":1,"featured_media":0,"parent":138,"menu_order":5,"comment_status":"closed","ping_status":"closed","template":"","meta":{"footnotes":""},"yst_prominent_words":[],"acf":[],"_links":{"self":[{"href":"https:\/\/icom-czech.mini.icom.museum\/en\/wp-json\/wp\/v2\/pages\/1402"}],"collection":[{"href":"https:\/\/icom-czech.mini.icom.museum\/en\/wp-json\/wp\/v2\/pages"}],"about":[{"href":"https:\/\/icom-czech.mini.icom.museum\/en\/wp-json\/wp\/v2\/types\/page"}],"author":[{"embeddable":true,"href":"https:\/\/icom-czech.mini.icom.museum\/en\/wp-json\/wp\/v2\/users\/1"}],"replies":[{"embeddable":true,"href":"https:\/\/icom-czech.mini.icom.museum\/en\/wp-json\/wp\/v2\/comments?post=1402"}],"version-history":[{"count":1,"href":"https:\/\/icom-czech.mini.icom.museum\/en\/wp-json\/wp\/v2\/pages\/1402\/revisions"}],"predecessor-version":[{"id":2082,"href":"https:\/\/icom-czech.mini.icom.museum\/en\/wp-json\/wp\/v2\/pages\/1402\/revisions\/2082"}],"up":[{"embeddable":true,"href":"https:\/\/icom-czech.mini.icom.museum\/en\/wp-json\/wp\/v2\/pages\/138"}],"wp:attachment":[{"href":"https:\/\/icom-czech.mini.icom.museum\/en\/wp-json\/wp\/v2\/media?parent=1402"}],"wp:term":[{"taxonomy":"yst_prominent_words","embeddable":true,"href":"https:\/\/icom-czech.mini.icom.museum\/en\/wp-json\/wp\/v2\/yst_prominent_words?post=1402"}],"curies":[{"name":"wp","href":"https:\/\/api.w.org\/{rel}","templated":true}]}}