{"id":1396,"date":"2019-01-07T15:27:54","date_gmt":"2019-01-07T15:27:54","guid":{"rendered":"http:\/\/icom-czechia.icom.cust.oxymium.net\/souteze\/emya\/"},"modified":"2019-01-07T15:35:46","modified_gmt":"2019-01-07T15:35:46","slug":"emya","status":"publish","type":"page","link":"https:\/\/icom-czech.mini.icom.museum\/en\/souteze\/emya\/","title":{"rendered":"EMYA"},"content":{"rendered":"<div id=\"RTE_CONTENT\"> <!--TYPO3SEARCH_begin--> \t<!--  CONTENT ELEMENT, uid:10270\/textpic [begin] --> \t\t<\/p>\n<div id=\"c10270\"> \t\t<!--  Image block: [begin] --> \t\t\t<\/p>\n<div> \t\t<!--  Text: [begin] --> \t\t\t<\/p>\n<p>Evropsk\u00e9 muzejn\u00ed f\u00f3rum ud\u011bluje cenu European Museum of the Year Award (EMYA). Cena byla poprv\u00e9 ud\u011blena v roce 1977.\u00a0 C\u00edlem tohoto ocenen\u00ed je pouk\u00e1zat na inovativn\u00ed po\u010diny v evropsk\u00e9m muzejnictv\u00ed, kter\u00e9 by mohly ukazovat ostatn\u00edm instituc\u00edm mo\u017en\u00e9 nov\u00e9 cesty ve vlastn\u00ed pr\u00e1ci. Cena je ud\u011blovan\u00e1 t\u00e9m\u011b\u0159 ka\u017ed\u00fd rok.<\/p>\n<p>V roce 2014 se do \u00fazk\u00e9ho v\u00fdb\u011bru nominac\u00ed dostalo <b>Slezsk\u00e9 zemsk\u00e9 muzeum v Opav\u011b<\/b> s projektem rekonstrukce a znovuotev\u0159en\u00ed Historick\u00e9 v\u00fdstavn\u00ed budovy. Zpr\u00e1vu o \u00fa\u010dasti na slavnostn\u00edm setk\u00e1n\u00ed v Tallinnu 17. 5. 2014\u00a0najdete <a href=\"http:\/\/icom-czechia.mini.icom.museum\/wp-content\/uploads\/sites\/34\/2019\/01\/2014_berger_EMYA_Tallinn.pdf\" title=\"TEXT, 2014 berger EMYA Tallinn, 2014_berger_EMYA_Tallinn.pdf, 115 KB\">zde<\/a>.\u00a0Hlavn\u00ed cenu z\u00edskalo <b><a href=\"http:\/\/icom-czechia.icom.cust.oxymium.net\/souteze\/cool-zone\/\" title=\"Opens internal link in current window\">Muzeum nevinnosti v Istanbulu<\/a><\/b>\u00a0vytvo\u0159en\u00e9 podle stejnojmen\u00e9ho rom\u00e1nu\u00a0laure\u00e1tem Nobelovy ceny za literaturu Orhanem Pamukem.<\/p>\n<p><a href=\"http:\/\/www.europeanmuseumforum.info\/\" target=\"_blank\">http:\/\/www.europeanmuseumforum.info\/<\/a><\/p>\n<p>\u00a0<\/p>\n<p> \t\t<!--  Text: [end] --> \t\t\t<\/div>\n<p> \t\t<!--  Image block: [end] --> \t\t\t   \t<!--  \t\tBEGIN: Content of extension \"hpo_relatedlink\", plugin \"tx_hporelatedlink_pi1\"  \t--> \t<\/p>\n<div> \t\t \t<\/div>\n<p> \t \t<!-- END: Content of extension \"hpo_relatedlink\", plugin \"tx_hporelatedlink_pi1\" -->  \t<\/div>\n<p> \t<!--  CONTENT ELEMENT, uid:10270\/textpic [end] --> \t\t<!--TYPO3SEARCH_end--> <\/div>\n","protected":false},"excerpt":{"rendered":"<p>Evropsk\u00e9 muzejn\u00ed f\u00f3rum ud\u011bluje cenu European Museum of the Year Award (EMYA). Cena byla poprv\u00e9 ud\u011blena v roce 1977.\u00a0 C\u00edlem tohoto ocenen\u00ed je pouk\u00e1zat na inovativn\u00ed po\u010diny v evropsk\u00e9m muzejnictv\u00ed, kter\u00e9 by mohly ukazovat ostatn\u00edm instituc\u00edm mo\u017en\u00e9 nov\u00e9 cesty ve vlastn\u00ed pr\u00e1ci. Cena je ud\u011blovan\u00e1 t\u00e9m\u011b\u0159 ka\u017ed\u00fd rok. V roce 2014 se do \u00fazk\u00e9ho v\u00fdb\u011bru [&hellip;]<\/p>\n","protected":false},"author":1,"featured_media":0,"parent":138,"menu_order":4,"comment_status":"closed","ping_status":"closed","template":"","meta":{"footnotes":""},"yst_prominent_words":[],"acf":[],"_links":{"self":[{"href":"https:\/\/icom-czech.mini.icom.museum\/en\/wp-json\/wp\/v2\/pages\/1396"}],"collection":[{"href":"https:\/\/icom-czech.mini.icom.museum\/en\/wp-json\/wp\/v2\/pages"}],"about":[{"href":"https:\/\/icom-czech.mini.icom.museum\/en\/wp-json\/wp\/v2\/types\/page"}],"author":[{"embeddable":true,"href":"https:\/\/icom-czech.mini.icom.museum\/en\/wp-json\/wp\/v2\/users\/1"}],"replies":[{"embeddable":true,"href":"https:\/\/icom-czech.mini.icom.museum\/en\/wp-json\/wp\/v2\/comments?post=1396"}],"version-history":[{"count":1,"href":"https:\/\/icom-czech.mini.icom.museum\/en\/wp-json\/wp\/v2\/pages\/1396\/revisions"}],"predecessor-version":[{"id":2083,"href":"https:\/\/icom-czech.mini.icom.museum\/en\/wp-json\/wp\/v2\/pages\/1396\/revisions\/2083"}],"up":[{"embeddable":true,"href":"https:\/\/icom-czech.mini.icom.museum\/en\/wp-json\/wp\/v2\/pages\/138"}],"wp:attachment":[{"href":"https:\/\/icom-czech.mini.icom.museum\/en\/wp-json\/wp\/v2\/media?parent=1396"}],"wp:term":[{"taxonomy":"yst_prominent_words","embeddable":true,"href":"https:\/\/icom-czech.mini.icom.museum\/en\/wp-json\/wp\/v2\/yst_prominent_words?post=1396"}],"curies":[{"name":"wp","href":"https:\/\/api.w.org\/{rel}","templated":true}]}}