{"id":1390,"date":"2019-01-07T15:27:49","date_gmt":"2019-01-07T15:27:49","guid":{"rendered":"http:\/\/icom-czechia.icom.cust.oxymium.net\/souteze\/ema\/"},"modified":"2019-01-07T15:35:46","modified_gmt":"2019-01-07T15:35:46","slug":"ema","status":"publish","type":"page","link":"https:\/\/icom-czech.mini.icom.museum\/en\/souteze\/ema\/","title":{"rendered":"EMA"},"content":{"rendered":"<div id=\"RTE_CONTENT\"> <!--TYPO3SEARCH_begin--> \t<!--  CONTENT ELEMENT, uid:10271\/textpic [begin] --> \t\t<\/p>\n<div id=\"c10271\"> \t\t<!--  Image block: [begin] --> \t\t\t<\/p>\n<div> \t\t<!--  Text: [begin] --> \t\t\t<\/p>\n<div>\n<p>Evropsk\u00e1 muzejn\u00ed akademie (European Museum Academy) byla zalo\u017eena v roce 2009 u p\u0159\u00edle\u017eitosti v\u00fdro\u010d\u00ed smrti v\u00fdznamn\u00e9ho muzeologa Kenetha Hudsona (1916-1999). C\u00edlem je stimulovat nov\u00e9 my\u0161lenky a \u010dinnosti v oblasti muzeologie. Akademie chce b\u00fdt inkub\u00e1torem nov\u00fdch talent\u016f a program\u016f. Nadace EMA podporuje v\u00fdzkumn\u00e9 projekty v oblasti inovac\u00ed muzejn\u00ed \u010dinnosti. Nen\u00ed p\u0159\u00edmo vzd\u011bl\u00e1vac\u00ed organizac\u00ed, ale pod\u00edl\u00ed se na profesn\u00edm vzd\u011bl\u00e1v\u00e1n\u00ed a chce utv\u00e1\u0159et a podporovat komunikaci muzejn\u00edch expert\u016f rozd\u00edln\u00fdch n\u00e1rodnost\u00ed a kulturn\u00edch oblast\u00ed. <\/p>\n<p>Evropsk\u00e1 muzejn\u00ed akademie ud\u011bluje Cenu EMA za v\u00fdrazn\u00fd po\u010din v oblasti rozvoje muzejn\u00edho diskurzu. D\u00e1le je spoluorganiz\u00e1torem Micheletti Award.<\/p>\n<\/p><\/div>\n<div><\/div>\n<div>\n<p><a href=\"http:\/\/www.europeanmuseumacademy.eu\/\" target=\"_blank\">http:\/\/www.europeanmuseumacademy.eu\/<\/a><\/p>\n<\/div>\n<p> \t\t<!--  Text: [end] --> \t\t\t<\/div>\n<p> \t\t<!--  Image block: [end] --> \t\t\t   \t<!--  \t\tBEGIN: Content of extension \"hpo_relatedlink\", plugin \"tx_hporelatedlink_pi1\"  \t--> \t<\/p>\n<div> \t\t \t<\/div>\n<p> \t \t<!-- END: Content of extension \"hpo_relatedlink\", plugin \"tx_hporelatedlink_pi1\" -->  \t<\/div>\n<p> \t<!--  CONTENT ELEMENT, uid:10271\/textpic [end] --> \t\t<!--TYPO3SEARCH_end--> <\/div>\n","protected":false},"excerpt":{"rendered":"<p>Evropsk\u00e1 muzejn\u00ed akademie (European Museum Academy) byla zalo\u017eena v roce 2009 u p\u0159\u00edle\u017eitosti v\u00fdro\u010d\u00ed smrti v\u00fdznamn\u00e9ho muzeologa Kenetha Hudsona (1916-1999). C\u00edlem je stimulovat nov\u00e9 my\u0161lenky a \u010dinnosti v oblasti muzeologie. Akademie chce b\u00fdt inkub\u00e1torem nov\u00fdch talent\u016f a program\u016f. Nadace EMA podporuje v\u00fdzkumn\u00e9 projekty v oblasti inovac\u00ed muzejn\u00ed \u010dinnosti. Nen\u00ed p\u0159\u00edmo vzd\u011bl\u00e1vac\u00ed organizac\u00ed, ale pod\u00edl\u00ed se [&hellip;]<\/p>\n","protected":false},"author":1,"featured_media":0,"parent":138,"menu_order":3,"comment_status":"closed","ping_status":"closed","template":"","meta":{"footnotes":""},"yst_prominent_words":[],"acf":[],"_links":{"self":[{"href":"https:\/\/icom-czech.mini.icom.museum\/en\/wp-json\/wp\/v2\/pages\/1390"}],"collection":[{"href":"https:\/\/icom-czech.mini.icom.museum\/en\/wp-json\/wp\/v2\/pages"}],"about":[{"href":"https:\/\/icom-czech.mini.icom.museum\/en\/wp-json\/wp\/v2\/types\/page"}],"author":[{"embeddable":true,"href":"https:\/\/icom-czech.mini.icom.museum\/en\/wp-json\/wp\/v2\/users\/1"}],"replies":[{"embeddable":true,"href":"https:\/\/icom-czech.mini.icom.museum\/en\/wp-json\/wp\/v2\/comments?post=1390"}],"version-history":[{"count":1,"href":"https:\/\/icom-czech.mini.icom.museum\/en\/wp-json\/wp\/v2\/pages\/1390\/revisions"}],"predecessor-version":[{"id":2084,"href":"https:\/\/icom-czech.mini.icom.museum\/en\/wp-json\/wp\/v2\/pages\/1390\/revisions\/2084"}],"up":[{"embeddable":true,"href":"https:\/\/icom-czech.mini.icom.museum\/en\/wp-json\/wp\/v2\/pages\/138"}],"wp:attachment":[{"href":"https:\/\/icom-czech.mini.icom.museum\/en\/wp-json\/wp\/v2\/media?parent=1390"}],"wp:term":[{"taxonomy":"yst_prominent_words","embeddable":true,"href":"https:\/\/icom-czech.mini.icom.museum\/en\/wp-json\/wp\/v2\/yst_prominent_words?post=1390"}],"curies":[{"name":"wp","href":"https:\/\/api.w.org\/{rel}","templated":true}]}}