{"id":1388,"date":"2019-01-07T15:27:48","date_gmt":"2019-01-07T15:27:48","guid":{"rendered":"http:\/\/icom-czechia.icom.cust.oxymium.net\/souteze\/europa-nostra\/"},"modified":"2019-01-07T15:35:46","modified_gmt":"2019-01-07T15:35:46","slug":"europa-nostra","status":"publish","type":"page","link":"https:\/\/icom-czech.mini.icom.museum\/en\/souteze\/europa-nostra\/","title":{"rendered":"Europa Nostra"},"content":{"rendered":"<div id=\"RTE_CONTENT\"> <!--TYPO3SEARCH_begin--> \t<!--  CONTENT ELEMENT, uid:10269\/textpic [begin] --> \t\t<\/p>\n<div id=\"c10269\"> \t\t<!--  Image block: [begin] --> \t\t\t<\/p>\n<div> \t\t<!--  Text: [begin] --> \t\t\t<\/p>\n<p>Europa Nostra je panevropsk\u00e1 federace pro kulturn\u00ed d\u011bdictv\u00ed. Je konzulta\u010dn\u00edm partnerem UNESCO. Byla zalo\u017eena v roce 1963 v It\u00e1lii. M\u00e1 s\u00eddlo v Haagu a v Bruselu. Operuje v 50 evropsk\u00fdch zem\u00edch a m\u00e1 v\u00edce jak 250 \u010dlensk\u00fdch organizac\u00ed. C\u00edlem Europy Nostry je propagace kuturn\u00edch a historick\u00fdch hodnot Evropy nej\u0161ir\u0161\u00ed ve\u0159ejnosti, lobbing za kulturu v politick\u00fdch sf\u00e9r\u00e1ch. <\/p>\n<p>Ka\u017edoro\u010dn\u011b ud\u011bluje Europa Nostra Awards, cenu za nejlep\u0161\u00ed po\u010din v oblasti p\u00e9\u010de o kulturn\u00ed d\u011bdictv\u00ed. <\/p>\n<p><a href=\"http:\/\/www.europanostra.org\/\" target=\"_blank\">http:\/\/www.europanostra.org\/<\/a>  <\/p>\n<p>\u00a0<\/p>\n<p><b>V\u00a0\u010cesk\u00e9 republice byla Cena EU\/Europa Nostra ud\u011blena t\u011bmto muzejn\u00edm a galerijn\u00edm instituc\u00edm:<\/b><\/p>\n<p><b>2012<\/b><\/p>\n<p><b>Zvl\u00e1\u0161tn\u00ed uzn\u00e1n\u00ed (Special Mention) v kategorii ochrana a restaurov\u00e1n\u00ed architektonick\u00e9ho d\u011bdictv\u00ed, kulturn\u00ed krajiny, um\u011bleck\u00e9 sb\u00edrky, archeologick\u00e9 lokality, pr\u016fmyslov\u00e9 architektury a industri\u00e1ln\u00edho d\u011bdictv\u00ed.\u00a0<\/b> <\/p>\n<p><b><a href=\"http:\/\/www.moravska-galerie.cz\/jurkovicova-vila.aspx\" title=\"Opens external link in new window\" target=\"_blank\">D\u016fm Du\u0161ana Jurkovi\u010de v Brn\u011b \u2013 \u017dabov\u0159esk\u00e1ch, Moravsk\u00e1 galerie v Brn\u011b<\/a><\/b><\/p>\n<p><b><a href=\"http:\/\/www.moravska-galerie.cz\/jurkovicova-vila.aspx\" title=\"Opens external link in new window\" target=\"_blank\"><img decoding=\"async\" src=\"http:\/\/icom-czechia.mini.icom.museum\/wp-content\/uploads\/sites\/34\/2019\/01\/RTEmagicC_jurkovicova_vila.jpeg.jpeg\" alt=\"\"><br \/><\/a><\/b><\/p>\n<p>Zvl\u00e1\u0161tn\u00ed uzn\u00e1n\u00ed ud\u011bleno za p\u0159\u00edkladnou obnovu a restaurov\u00e1n\u00ed domu a jeho interi\u00e9r\u016f, d\u00e1le vytvo\u0159en\u00ed publikace, webov\u00fdch str\u00e1nek s manu\u00e1lem rekonstrukce a doprovodn\u00e9ho programu pro n\u00e1v\u0161t\u011bvn\u00edky.<\/p>\n<p>Autorsk\u00fd t\u00fdm projektu: Martina Lehmannov\u00e1, Marie Kopeck\u00e1, Olga Buciov\u00e1, Transat architekti a okruh spolupracovn\u00edk\u016f<\/p>\n<p><\/p>\n<p><b>2010<\/b><b><br \/><\/b><b>Zvl\u00e1\u0161tn\u00ed uzn\u00e1n\u00ed (Special Mention) v kategorii V\u00fdzkum, ud\u011blovan\u00e9 vynikaj\u00edc\u00edm studi\u00edm projekt\u016f, kter\u00e9 vedou ke konkr\u00e9tn\u00edm realizac\u00edm v oblasti konzervace a zhodnocen\u00ed evropsk\u00e9ho kulturn\u00edho d\u011bdictv\u00ed.<\/b><\/p>\n<p><b>Slezsko \u2013 perla v \u010cesk\u00e9 korun\u011b, N\u00e1rodn\u00ed galerie v Praze<\/b><\/p>\n<p>Zvl\u00e1\u0161tn\u00ed uzn\u00e1n\u00ed ud\u011bleno za cenn\u00fd p\u0159\u00edsp\u011bvek k ochran\u011b a zhodnocen\u00ed kulturn\u00edho d\u011bdictv\u00ed, je\u017e p\u0159inesly publikace a v\u00fdzkum spojen\u00fd s v\u00fdstavou Slezsko \u2013 perla v \u010cesk\u00e9 korun\u011b, 2006-2007.<\/p>\n<p>Autorsk\u00fd t\u00fdm projektu<b> : <\/b><b><span>V\u00edt Vlnas,<\/span><\/b><b> <\/b><b><span>Jan Kl\u00edpa, Lenka Stol\u00e1rov\u00e1<\/span><\/b><b>, <\/b>Andrzej Niedzelenko <b> <\/b><b><span>Mateusz Kapustka, Andrzej Kozie\u0142, Piotr Oszczanowski a okruh spolupracovn\u00edk\u016f.<\/span><\/b><\/p>\n<p><b><\/b><\/p>\n<p><b>2009<\/b><b><br \/><\/b><b>Cena v kategorii V\u00fdzkum, ud\u011blovan\u00e1 vynikaj\u00edc\u00edm studi\u00edm projekt\u016f, kter\u00e9 vedou ke konkr\u00e9tn\u00edm realizac\u00edm v oblasti konzervace a zhodnocen\u00ed evropsk\u00e9ho kulturn\u00edho d\u011bdictv\u00ed.<\/b><\/p>\n<p><b>S\u00e9rie 5 restaur\u00e1torsk\u00fdch katalog\u016f z let 2004 \u2013 2008 Muzea um\u011bn\u00ed v Olomouci.<\/b><\/p>\n<p>Porota ocenila kr\u00e1sn\u00e9 realizace t\u011bchto katalog\u016f, kter\u00e9 mohou b\u00fdt pova\u017eov\u00e1ny za um\u011bleck\u00e1 d\u00edla sama o sob\u011b. Muzeum bylo ocen\u011bno za technickou \u00farove\u0148 a citlivost v p\u0159\u00edstupu k restaurov\u00e1n\u00ed. Kolekce katalog\u016f popisuje pe\u010dliv\u011b v\u011bdeck\u00e9 a estetick\u00e9 aspekty pr\u00e1ce, co\u017e z n\u00ed \u010din\u00ed atraktivn\u00ed pedagogick\u00fd prost\u0159edek p\u0159\u00edstupn\u00fd ve\u0159ejnosti.<\/p>\n<p>Autorsk\u00fd t\u00fdm projektu: Helena Z\u00e1palkov\u00e1, Ond\u0159ej Jakubec, Simona Jemelkov\u00e1 a okruh spolupracovn\u00edk\u016f. \u00a0<\/p>\n<p><\/p>\n<p><b>P\u0159ed rokem 2003, kdy byla poprv\u00e9 ud\u011blena v\u00fd\u0161e uveden\u00e1 Cena Evropsk\u00e9 unie \/ Europa Nostra, ud\u011blovala Europa Nostra ka\u017edoro\u010dn\u011b n\u011bkolik ocen\u011bn\u00ed v oblasti kulturn\u00edho d\u011bdictv\u00ed v r\u00e1mci sv\u00e9 organizace.<\/b><\/p>\n<p><b>V \u010cesk\u00e9 republice byla v oblasti muze\u00ed ud\u011blena <\/b><i><b>cena Europa Nostra<\/b><\/i><b>:<\/b><\/p>\n<p><b>2000<\/b><\/p>\n<p><b><a href=\"http:\/\/www.mullerovavila.cz\" title=\"Opens external link in new window\" target=\"_blank\">M\u00fcllerova vila v Praze, Muzeum hl.m. Prahy<\/a><\/b><\/p>\n<p><b><a href=\"http:\/\/www.mullerovavila.cz\" title=\"Opens external link in new window\" target=\"_blank\"><img decoding=\"async\" src=\"http:\/\/icom-czechia.mini.icom.museum\/wp-content\/uploads\/sites\/34\/2019\/01\/RTEmagicC_mullerova_vila.jpg.jpg\" alt=\"\"><br \/><\/a><\/b><\/p>\n<p>Medaile byla ud\u011blena za p\u0159\u00edkladn\u00e9 restaurov\u00e1n\u00ed funkcionalistick\u00e9 vily architekta Adolfa Loose a jej\u00edho interi\u00e9ru podle p\u016fvodn\u00edho konceptu.<\/p>\n<p><\/p>\n<p>Materi\u00e1l zpracovala: <\/p>\n<p>Sekce pro kulturn\u00ed d\u011bdictv\u00ed \u010cesk\u00e9 kancel\u00e1\u0159e Programu Culture<\/p>\n<p>N\u00e1rodn\u00ed pam\u00e1tkov\u00fd \u00fastav<\/p>\n<p>Vald\u0161tejnsk\u00e9 n\u00e1m. 3, Praha 1<\/p>\n<p>\u00a0<\/p>\n<p>\u00a0<\/p>\n<p> \t\t<!--  Text: [end] --> \t\t\t<\/div>\n<p> \t\t<!--  Image block: [end] --> \t\t\t   \t<!--  \t\tBEGIN: Content of extension \"hpo_relatedlink\", plugin \"tx_hporelatedlink_pi1\"  \t--> \t<\/p>\n<div> \t\t \t<\/div>\n<p> \t \t<!-- END: Content of extension \"hpo_relatedlink\", plugin \"tx_hporelatedlink_pi1\" -->  \t<\/div>\n<p> \t<!--  CONTENT ELEMENT, uid:10269\/textpic [end] --> \t\t<!--TYPO3SEARCH_end--> <\/div>\n","protected":false},"excerpt":{"rendered":"<p>Europa Nostra je panevropsk\u00e1 federace pro kulturn\u00ed d\u011bdictv\u00ed. Je konzulta\u010dn\u00edm partnerem UNESCO. Byla zalo\u017eena v roce 1963 v It\u00e1lii. M\u00e1 s\u00eddlo v Haagu a v Bruselu. Operuje v 50 evropsk\u00fdch zem\u00edch a m\u00e1 v\u00edce jak 250 \u010dlensk\u00fdch organizac\u00ed. C\u00edlem Europy Nostry je propagace kuturn\u00edch a historick\u00fdch hodnot Evropy nej\u0161ir\u0161\u00ed ve\u0159ejnosti, lobbing za kulturu v politick\u00fdch [&hellip;]<\/p>\n","protected":false},"author":1,"featured_media":0,"parent":138,"menu_order":2,"comment_status":"closed","ping_status":"closed","template":"","meta":{"footnotes":""},"yst_prominent_words":[],"acf":[],"_links":{"self":[{"href":"https:\/\/icom-czech.mini.icom.museum\/en\/wp-json\/wp\/v2\/pages\/1388"}],"collection":[{"href":"https:\/\/icom-czech.mini.icom.museum\/en\/wp-json\/wp\/v2\/pages"}],"about":[{"href":"https:\/\/icom-czech.mini.icom.museum\/en\/wp-json\/wp\/v2\/types\/page"}],"author":[{"embeddable":true,"href":"https:\/\/icom-czech.mini.icom.museum\/en\/wp-json\/wp\/v2\/users\/1"}],"replies":[{"embeddable":true,"href":"https:\/\/icom-czech.mini.icom.museum\/en\/wp-json\/wp\/v2\/comments?post=1388"}],"version-history":[{"count":1,"href":"https:\/\/icom-czech.mini.icom.museum\/en\/wp-json\/wp\/v2\/pages\/1388\/revisions"}],"predecessor-version":[{"id":2085,"href":"https:\/\/icom-czech.mini.icom.museum\/en\/wp-json\/wp\/v2\/pages\/1388\/revisions\/2085"}],"up":[{"embeddable":true,"href":"https:\/\/icom-czech.mini.icom.museum\/en\/wp-json\/wp\/v2\/pages\/138"}],"wp:attachment":[{"href":"https:\/\/icom-czech.mini.icom.museum\/en\/wp-json\/wp\/v2\/media?parent=1388"}],"wp:term":[{"taxonomy":"yst_prominent_words","embeddable":true,"href":"https:\/\/icom-czech.mini.icom.museum\/en\/wp-json\/wp\/v2\/yst_prominent_words?post=1388"}],"curies":[{"name":"wp","href":"https:\/\/api.w.org\/{rel}","templated":true}]}}