{"id":1378,"date":"2019-01-07T15:27:45","date_gmt":"2019-01-07T15:27:45","guid":{"rendered":"http:\/\/icom-czechia.icom.cust.oxymium.net\/souteze\/musaionfilm\/"},"modified":"2019-01-07T15:35:47","modified_gmt":"2019-01-07T15:35:47","slug":"musaionfilm","status":"publish","type":"page","link":"https:\/\/icom-czech.mini.icom.museum\/en\/souteze\/musaionfilm\/","title":{"rendered":"MUSAIONfilm"},"content":{"rendered":"<div id=\"RTE_CONTENT\"> <!--TYPO3SEARCH_begin--> \t<!--  CONTENT ELEMENT, uid:19534\/textpic [begin] --> \t\t<\/p>\n<div id=\"c19534\"> \t\t<!--  Image block: [begin] --> \t\t\t<\/p>\n<div> \t\t<!--  Text: [begin] --> \t\t\t<\/p>\n<div>\n<p>Muzeum Jana Amose Komensk\u00e9ho v Uhersk\u00e9m Brod\u011b V\u00e1s zve k \u00fa\u010dasti na\u00a0<b>21. ro\u010dn\u00edku p\u0159ehl\u00eddky muzejn\u00edch film\u016f Musaionfilm 2018.\u00a0<\/b>\u00a0Z\u00fa\u010dastnit se je mo\u017en\u00e9 osobn\u011b nebo jen filmem.\u00a0 Organiz\u00e1to\u0159i se t\u011b\u0161\u00ed\u00a0na setk\u00e1n\u00ed v muzeu 12.\u201314. \u010dervna 2018.\u00a0P\u0159ihl\u00e1\u0161ky,\u00a0program a podrobnosti najdete na<a href=\"http:\/\/www.musaionfilm.cz\/\" title=\"Opens external link in new window\" target=\"_blank\">\u00a0musaionfilm.cz<\/a>.\u00a0 Uz\u00e1v\u011brka p\u0159ihl\u00e1\u0161ek film\u016f \u2013 19. kv\u011btna 2018. P\u0159ihl\u00e1\u0161ku najdete\u00a0<a href=\"https:\/\/docs.google.com\/forms\/d\/e\/1FAIpQLSdFLRqJjiDroklxc3MqrMYrRyzfRyg6GWohnNs9e9e4Dkwy4A\/viewform\" title=\"Opens external link in new window\" target=\"_blank\">zde<\/a>. \u00da\u010dastnick\u00fd poplatek 300 K\u010d | studenti \u2013 vstup zdarma.<img decoding=\"async\" src=\"http:\/\/icom-czechia.mini.icom.museum\/wp-content\/uploads\/sites\/34\/2019\/01\/RTEmagicC_1806_musaionfilm_pozvanka.jpg.jpg\" alt=\"\"><\/p>\n<p><b>Mezin\u00e1rodn\u00ed festival muzejn\u00ed audiovize ICOM f@aimp 2.0 AVICOM<\/b> \u2013 poprv\u00e9 v \u010cesk\u00e9 republice!<br \/>Host\u00ed jej <b>20. ro\u010dn\u00edk MUSAIONfilmu 2017<\/b><\/p>\n<\/p><\/div>\n<div><\/div>\n<div>\n<p><b>Uz\u00e1v\u011brka mezin\u00e1rodn\u00ed sout\u011b\u017ee f@aimp 2.0 \u2013 18. dubna 2017<br \/><\/b><b>Uz\u00e1v\u011brka \u010desk\u00e9 p\u0159ehl\u00eddky MUSAIONfilm 2017 \u2013 20. kv\u011btna 2017<\/b><\/p>\n<\/div>\n<div><\/div>\n<div>\n<p>20. ro\u010dn\u00edk p\u0159ehl\u00eddky muzejn\u00edch film\u016f MUSAIONfilm 2017 se letos p\u0159ipravuje op\u011bt v Muzeu J. A. Komensk\u00e9ho v Uhersk\u00e9m Brod\u011b \u2013 13. a\u017e 15. \u010dervna 2017 (\u00fater\u00fd a\u017e \u010dtvrtek). Letos je hostitelem koleg\u016f ze zahrani\u010d\u00ed v r\u00e1mci mezin\u00e1rodn\u00ed p\u0159ehl\u00eddky muzejn\u00ed audiovize ICOM \u2013 f@imp 2.0 AVICOM. AVICOM by m\u011bl v r\u00e1mci Musaionfilmu slavnostn\u011b vyhl\u00e1sit v\u00fdsledky vlastn\u00ed sout\u011b\u017ee a p\u0159edat ocen\u011bn\u00ed 14. 6. 2017 v 18.00 hodin v Muzeu JAK v Uh. Brod\u011b.<\/p>\n<\/div>\n<div>\n<p>Letos je tedy mo\u017enost p\u0159ihl\u00e1sit filmy jak na MUSAIONfilm nebo tak\u00e9 na f@imp 2.0 (zde je poplatek 40 \u20ac). Na f@imp 2.0 je mo\u017eno p\u0159ihl\u00e1sit tak\u00e9 r\u016fzn\u00e9 jin\u00e9 audiovizu\u00e1ln\u00ed produkty (multim\u00e9dia v expozic\u00edch, mobiln\u00ed \u010di tabletov\u00e9 aplikace apod.) za stejn\u00fd poplatek.<\/p>\n<\/div>\n<div>\n<p><a href=\"http:\/\/www.faimpavicom.org\" title=\"Opens external link in new window\" target=\"_blank\">musaionfilm.cz<\/a> \/ p\u0159ihl\u00e1\u0161ky filmu a \u00fa\u010dasti<\/p>\n<\/div>\n<div>\n<p><a href=\"http:\/\/www.faimpavicom.org\" title=\"Opens external link in new window\" target=\"_blank\">faimpavicom.org<\/a>\/ p\u0159ihl\u00e1\u0161ka projektu <\/p>\n<p><img decoding=\"async\" src=\"http:\/\/icom-czechia.mini.icom.museum\/wp-content\/uploads\/sites\/34\/2019\/01\/RTEmagicC_2017_MUSAIONfilm_FAIMP2.jpg.jpg\" alt=\"\"><\/p>\n<\/p><\/div>\n<div><\/div>\n<p> \t\t<!--  Text: [end] --> \t\t\t<\/div>\n<p> \t\t<!--  Image block: [end] --> \t\t\t   \t<!--  \t\tBEGIN: Content of extension \"hpo_relatedlink\", plugin \"tx_hporelatedlink_pi1\"  \t--> \t<\/p>\n<div> \t\t \t<\/div>\n<p> \t \t<!-- END: Content of extension \"hpo_relatedlink\", plugin \"tx_hporelatedlink_pi1\" -->  \t<\/div>\n<p> \t<!--  CONTENT ELEMENT, uid:19534\/textpic [end] --> \t\t<!--TYPO3SEARCH_end--> <\/div>\n","protected":false},"excerpt":{"rendered":"<p>Muzeum Jana Amose Komensk\u00e9ho v Uhersk\u00e9m Brod\u011b V\u00e1s zve k \u00fa\u010dasti na\u00a021. ro\u010dn\u00edku p\u0159ehl\u00eddky muzejn\u00edch film\u016f Musaionfilm 2018.\u00a0\u00a0Z\u00fa\u010dastnit se je mo\u017en\u00e9 osobn\u011b nebo jen filmem.\u00a0 Organiz\u00e1to\u0159i se t\u011b\u0161\u00ed\u00a0na setk\u00e1n\u00ed v muzeu 12.\u201314. \u010dervna 2018.\u00a0P\u0159ihl\u00e1\u0161ky,\u00a0program a podrobnosti najdete na\u00a0musaionfilm.cz.\u00a0 Uz\u00e1v\u011brka p\u0159ihl\u00e1\u0161ek film\u016f \u2013 19. kv\u011btna 2018. P\u0159ihl\u00e1\u0161ku najdete\u00a0zde. \u00da\u010dastnick\u00fd poplatek 300 K\u010d | studenti \u2013 vstup [&hellip;]<\/p>\n","protected":false},"author":1,"featured_media":0,"parent":138,"menu_order":1,"comment_status":"closed","ping_status":"closed","template":"","meta":{"footnotes":""},"yst_prominent_words":[],"acf":[],"_links":{"self":[{"href":"https:\/\/icom-czech.mini.icom.museum\/en\/wp-json\/wp\/v2\/pages\/1378"}],"collection":[{"href":"https:\/\/icom-czech.mini.icom.museum\/en\/wp-json\/wp\/v2\/pages"}],"about":[{"href":"https:\/\/icom-czech.mini.icom.museum\/en\/wp-json\/wp\/v2\/types\/page"}],"author":[{"embeddable":true,"href":"https:\/\/icom-czech.mini.icom.museum\/en\/wp-json\/wp\/v2\/users\/1"}],"replies":[{"embeddable":true,"href":"https:\/\/icom-czech.mini.icom.museum\/en\/wp-json\/wp\/v2\/comments?post=1378"}],"version-history":[{"count":1,"href":"https:\/\/icom-czech.mini.icom.museum\/en\/wp-json\/wp\/v2\/pages\/1378\/revisions"}],"predecessor-version":[{"id":2086,"href":"https:\/\/icom-czech.mini.icom.museum\/en\/wp-json\/wp\/v2\/pages\/1378\/revisions\/2086"}],"up":[{"embeddable":true,"href":"https:\/\/icom-czech.mini.icom.museum\/en\/wp-json\/wp\/v2\/pages\/138"}],"wp:attachment":[{"href":"https:\/\/icom-czech.mini.icom.museum\/en\/wp-json\/wp\/v2\/media?parent=1378"}],"wp:term":[{"taxonomy":"yst_prominent_words","embeddable":true,"href":"https:\/\/icom-czech.mini.icom.museum\/en\/wp-json\/wp\/v2\/yst_prominent_words?post=1378"}],"curies":[{"name":"wp","href":"https:\/\/api.w.org\/{rel}","templated":true}]}}