{"id":1368,"date":"2019-01-07T15:27:42","date_gmt":"2019-01-07T15:27:42","guid":{"rendered":"http:\/\/icom-czechia.icom.cust.oxymium.net\/souteze\/gloria-musaealis\/"},"modified":"2019-01-07T15:35:47","modified_gmt":"2019-01-07T15:35:47","slug":"gloria-musaealis","status":"publish","type":"page","link":"https:\/\/icom-czech.mini.icom.museum\/en\/souteze\/gloria-musaealis\/","title":{"rendered":"Gloria Musaealis"},"content":{"rendered":"<div id=\"RTE_CONTENT\"> <!--TYPO3SEARCH_begin--> \t<!--  CONTENT ELEMENT, uid:9840\/text [begin] --> \t\t<\/p>\n<div id=\"c9840\"> \t\t<!--  Text: [begin] --> \t\t\t<\/p>\n<p>\u010cesk\u00fd v\u00fdbor ICOM podporuje ka\u017edoro\u010dn\u00ed\u00a0po\u0159\u00e1d\u00e1n\u00ed N\u00e1rodn\u00ed sout\u011b\u017ee muze\u00ed Gloria musaealis p\u0159ipravovan\u00e9 Ministerstvem kultury \u010cesk\u00e9 republiky a Asociac\u00ed muze\u00ed a galeri\u00ed \u010cesk\u00e9 republiky. <\/p>\n<p>\u010cV ICOM ud\u011bluje cenu projekt\u016fm, kter\u00e9 v\u00fdznamn\u011b p\u0159isp\u011bly k mezin\u00e1rodn\u00ed spolupr\u00e1ci, rozvoji eduka\u010dn\u00edch \u010dinnost\u00ed muze\u00ed \u010di zp\u0159\u00edstupn\u011bn\u00ed kulturn\u00edho d\u011bdictv\u00ed handicapovan\u00fdm ob\u010dan\u016fm.<\/p>\n<p><b>Gloria Musaealis za rok 2017 &#8211;\u00a0XVI. ro\u010dn\u00edk<\/b><br \/><b>Cena \u010cesk\u00e9ho v\u00fdboru ICOM<\/b> byla ud\u011blena Jiho\u010desk\u00e9mu muzeu v \u010cesk\u00fdch Bud\u011bjovic\u00edch za v\u00fdstavu \u201ePrvn\u00ed sv\u011btov\u00e1 v\u00e1lka: L\u00e9ta zk\u00e1zy a bolesti\u201c, uspo\u0159\u00e1danou ve dnech 12. listopadu 2017 \u2013 11. listopadu 2018. V\u00fdstava uchopila t\u00e9ma v\u00e1lky s aktu\u00e1ln\u00ed nal\u00e9havost\u00ed. Uk\u00e1zala, za jak\u00fdch podm\u00ednek ze zmaru a zk\u00e1zy vznikla \u010ceskoslovensk\u00e1 republika. Skv\u011ble postaven\u00e1 prezentace ukazuj\u00edc\u00ed projevy a dopady v\u00e1lky na \u010ceskobud\u011bjovicku byla prov\u00e1zena mimo\u0159\u00e1dn\u011b propracovan\u00fdm a p\u016fsobiv\u00fdm eduka\u010dn\u00edm programem pro dosp\u00edvaj\u00edc\u00ed ml\u00e1de\u017e.<\/p>\n<p><img decoding=\"async\" src=\"http:\/\/icom-czechia.mini.icom.museum\/wp-content\/uploads\/sites\/34\/2019\/01\/RTEmagicC_GM_banner.jpg.jpg\" alt=\"\">\u00a0 <\/p>\n<p><b>Gloria Musaealis 2016 &#8211; Cena \u010cesk\u00e9ho v\u00fdboru ICOM<\/b><br \/>Slavnostn\u00ed vyhl\u00e1\u0161en\u00ed v\u00fdsledk\u016f jubilejn\u00edho XV. ro\u010dn\u00edku sout\u011b\u017ee\u00a0<b>Gloria Musaealis<\/b>\u00a0prob\u011bhlo\u00a0dne\u00a0<b>17. kv\u011btna 2017 v Betl\u00e9msk\u00e9 kapli v Praze<\/b>. Do jubilejn\u00edho XV. ro\u010dn\u00edku se p\u0159ihl\u00e1silo celkem 81 projekt\u016f \u2013 37 projekt\u016f v kategorii Muzejn\u00ed v\u00fdstava roku, 31 projekt\u016f v kategorii Muzejn\u00ed publikace roku a 13 projekt\u016f v kategorii Muzejn\u00ed po\u010din roku. \u010cesk\u00fd v\u00fdbor ICOM ud\u011blil na z\u00e1klad\u011b doporu\u010den\u00ed hodnot\u00edc\u00ed komice cenu Pam\u00e1tn\u00edku n\u00e1rodn\u00edho p\u00edsemnictv\u00ed za v\u00fdstavu\u00a0<b>&#8220;Havel\u2014Prigov a \u010desk\u00e1 experiment\u00e1ln\u00ed tvorba&#8221;<\/b>, uspo\u0159\u00e1danou od 17. \u010dervna do 31. \u0159\u00edjna 2016 v letohr\u00e1dku Hv\u011bzda. V\u00fdstavu uspo\u0159\u00e1dal PNP spolu s Knihovnou V\u00e1clava Havla a The Dmitri Prigov Foundation. Kur\u00e1torsk\u00fd team (Sabine Haensgen, Tom\u00e1\u0161 Glanc a Petr Kotyk) v spolupr\u00e1ci s architektem Zby\u0148kem Baladr\u00e1nem vytvo\u0159ili v\u00fdjime\u010dn\u00fd v\u00fdstavn\u00ed projekt s mezin\u00e1rodn\u00edm p\u0159esahem, propojuj\u00edc\u00ed literaturu a v\u00fdtvarn\u00e9 um\u011bn\u00ed.<img decoding=\"async\" src=\"http:\/\/icom-czechia.mini.icom.museum\/wp-content\/uploads\/sites\/34\/2019\/01\/RTEmagicC_2017_havel_prigov_s_01.jpg.jpg\" alt=\"\"><\/p>\n<p>Gloria Musaealis 2015 &#8211; Cena \u010cesk\u00e9ho v\u00fdboru ICOM<br \/>Za p\u0159\u00edkladnou mezin\u00e1rodn\u00ed spolupr\u00e1ci mezi \u010ceskou republikou a Nov\u00fdm Z\u00e9landem byla ocen\u011bna v\u00fdstava\u00a0Z\u00e1pado\u010desk\u00e9 galerie v Plzni <b>Gottfried Lindauer (1839-1926). Plze\u0148sk\u00fd mal\u00ed\u0159 novoz\u00e9landsk\u00fdch Maor\u016f<\/b>. Pracovn\u00edci galerie b\u011bhem p\u0159\u00edprav museli db\u00e1t na velmi p\u0159\u00edsn\u00e9 etick\u00e9 z\u00e1sady p\u0159i pr\u00e1ci se zobrazen\u00edmi Maor\u016f, \u017e\u00e1dat svolen\u00ed potomk\u016f zobrazen\u00fdch n\u00e1\u010deln\u00edk\u016f. Citlivost Aboriginc\u016f se ostatn\u011b prom\u00edtla do p\u0159\u00edprav Etick\u00e9ho kodexu IOCM pro p\u0159\u00edrodov\u011bdn\u00e1 muzea, jeho\u017e p\u0159\u00edpravu realizoval t\u00fdm pod veden\u00edm Erica Dorfmana, \u0159editele Region\u00e1ln\u00edho muzea ve Whanganui na Nov\u00e9m Z\u00e9land\u011b.<img decoding=\"async\" src=\"http:\/\/icom-czechia.mini.icom.museum\/wp-content\/uploads\/sites\/34\/2019\/01\/RTEmagicC_2015_GM_gottfried_lindauer_zcg_predani_03.jpg.jpg\" alt=\"\"><img decoding=\"async\" src=\"http:\/\/icom-czechia.mini.icom.museum\/wp-content\/uploads\/sites\/34\/2019\/01\/RTEmagicC_2015_GM_gottfried_lindauer_zcg_02.jpg.jpg\" alt=\"\"><\/p>\n<p>Gloria Musaealis 2014 &#8211; Cena \u010cesk\u00e9ho v\u00fdboru ICOM<br \/>Za v\u00fdstavu <b>Otev\u0159i zahradu rajskou. Benediktini v srdci Evropy 800-1500<\/b> z\u00edsklala cenu N\u00e1rodn\u00ed galerie v Praze a Akademie v\u011bd \u010cR.<img decoding=\"async\" src=\"http:\/\/icom-czechia.mini.icom.museum\/wp-content\/uploads\/sites\/34\/2019\/01\/RTEmagicC_2014_GM_benediktini_ng_avcr.jpg.jpg\" alt=\"\"><\/p>\n<p><a href=\"http:\/\/icom-czechia.mini.icom.museum\/wp-content\/uploads\/sites\/34\/2019\/01\/2014_Gloria_musaealis_2013.pdf\" title=\"TEXT, 2014 Gloria musaealis 2013, 2014_Gloria_musaealis_2013.pdf, 59 KB\">Gloria Musaealis 2013 &#8211; Cena \u010cesk\u00e9ho v\u00fdboru ICOM<\/a><br \/>\u010cesk\u00fd v\u00fdbor ICOM ud\u011blil na z\u00e1klad\u011b rozhodnut\u00ed poroty N\u00e1rodn\u00ed sout\u011b\u017ee muze\u00ed Gloria musaealis ve XII. ro\u010dn\u00edku sout\u011b\u017ee cenu Galerii St\u0159edo\u010desk\u00e9ho kraje na v\u00fdstavu <b>Images for Images. Artists for Tich\u00fd &#8211; Tich\u00fd for Artists<\/b><a href=\"http:\/\/icom-czechia.icom.cust.oxymium.net\/souteze\/gloria-musaealis\/news\/\" title=\"Opens internal link in current window\">.<\/a> <\/p>\n<p><a href=\"http:\/\/icom-czechia.mini.icom.museum\/wp-content\/uploads\/sites\/34\/2019\/01\/gloria_musaealis_2012_lidice.pdf\" title=\"TEXT, gloria musaealis 2012 lidice, gloria_musaealis_2012_lidice.pdf, 106 KB\">Gloria Musaealis 2012 &#8211; Cena \u010cesk\u00e9ho v\u00fdboru ICOM<\/a><br \/>Informace o ud\u011blen\u00ed ceny \u010cV ICOM publikovan\u00e1 v <a href=\"http:\/\/icom-czechia.mini.icom.museum\/wp-content\/uploads\/sites\/34\/2019\/01\/2013_icom_news_02.pdf\" title=\"TEXT, 2013 icom news 02, 2013_icom_news_02.pdf, 2.4 MB\">ICOM News 2013\/2<\/a>.<br \/>\u010cesk\u00fd v\u00fdbor ICOM \u00a0ud\u011blil v r\u00e1mci vyhl\u00e1\u0161en\u00ed cen XI. ro\u010dn\u00edku N\u00e1rodn\u00ed sout\u011b\u017ee muze\u00ed Gloria musaealis 2012 cenu Pam\u00e1tn\u00edku Lidice za <b>St\u00e1lou expozici Lidick\u00e9 sb\u00edrky.<\/b> <\/p>\n<p><img decoding=\"async\" src=\"http:\/\/icom-czechia.mini.icom.museum\/wp-content\/uploads\/sites\/34\/2019\/01\/RTEmagicC_2012_GM_Lidice_s_01.jpg.jpg\" alt=\"\"><\/p>\n<p>2011 \u2013 Muzeum Jana Amose Komensk\u00e9ho v Uhersk\u00e9m Brod\u011b (projekt <a href=\"http:\/\/icom-czechia.mini.icom.museum\/wp-content\/uploads\/sites\/34\/2019\/01\/gloria_musaealis_2011.pdf\" title=\"TEXT, gloria musaealis 2011, gloria_musaealis_2011.pdf, 19.2 KB\">\u201eZachr\u00e1n\u011bn\u00e9 nehmotn\u00e9 kulturn\u00ed d\u011bdictv\u00ed \u2013 25 let Festivalu masopustn\u00edch tradic\u201c<\/a>) <\/p>\n<p>2010 \u2013 Muzeum hlavn\u00edho m\u011bsta Prahy (v\u00fdstava \u201eKr\u00e1lovsk\u00fd s\u0148atek, Eli\u0161ka P\u0159emyslovna a Jan Lucembursk\u00fd 1310\u201c, uspo\u0159\u00e1dan\u00e1 ve dnech 4. listopadu 2010 \u2013 6. \u00fanora 2011) <\/p>\n<p>2009 \u2013 Moravsk\u00e9 zemsk\u00e9 muzeum (v\u00fdstava \u201eNejstar\u0161\u00ed um\u011bn\u00ed st\u0159edn\u00ed Evropy\u201c, uspo\u0159\u00e1dan\u00e1 ve dnech 7. dubna \u2013 30. \u010dervna 2009)<\/p>\n<p>2008 \u2013 Oblastn\u00ed galerie Vyso\u010diny v Jihlav\u011b (st\u00e1l\u00e1 expozice \u201eHmatov\u00e9 socha\u0159stv\u00ed. Touch sculpture\u201c, zp\u0159\u00edstupn\u011bn\u00e1 dne 7. \u00fanora 2008) <\/p>\n<p>2007 \u2013 Vojensk\u00fd historick\u00fd \u00fastav Praha, N\u00e1rodn\u00ed muzeum a Sen\u00e1t Parlamentu \u010cR (v\u00fdstava <a href=\"http:\/\/icom-czechia.mini.icom.museum\/wp-content\/uploads\/sites\/34\/2019\/01\/gloria_musaealis_2007.pdf\" title=\"TEXT, gloria musaealis 2007, gloria_musaealis_2007.pdf, 39 KB\">\u201eAlbrecht z Vald\u0161tejna a jeho doba\u201c<\/a>, uspo\u0159\u00e1dan\u00e1 ve dnech 15. listopadu 2007 \u2013 2. b\u0159ezna 2008)<\/p>\n<p>2006 \u2013 \u017didovsk\u00e9 muzeum v Praze (projekt \u201eRok s \u017eidovskou kulturou \u2013 100 let \u017didovsk\u00e9ho muzea v Praze\u201c)<\/p>\n<p>2005 \u2013 Vojensk\u00fd historick\u00fd \u00fastav Praha (v\u00fdstava <a href=\"http:\/\/icom-czechia.mini.icom.museum\/wp-content\/uploads\/sites\/34\/2019\/01\/gloria_muzaealis_2005.pdf\" title=\"TEXT, gloria muzaealis 2005, gloria_muzaealis_2005.pdf, 43 KB\">\u201ePrag 27. Mai 1942, 10.35 Uhr \u2013 Das Heydrich Attentat\u201c<\/a>, otev\u0159en\u00e1 ve dnech 7. prosince 2005 \u2013 30. dubna 2006 v Deutsches Technik-museum Berlin)<\/p>\n<p>2004 \u2013 Muzeum m\u011bsta Brna (internetov\u00e1 encyklopedie m\u011bsta Brna)<\/p>\n<p>\u00a0<\/p>\n<p>\u00a0<\/p>\n<p> \t\t<!--  Text: [end] --> \t\t\t   \t<!--  \t\tBEGIN: Content of extension \"hpo_relatedlink\", plugin \"tx_hporelatedlink_pi1\"  \t--> \t<\/p>\n<div> \t\t \t<\/div>\n<p> \t \t<!-- END: Content of extension \"hpo_relatedlink\", plugin \"tx_hporelatedlink_pi1\" -->  \t<\/div>\n<p> \t<!--  CONTENT ELEMENT, uid:9840\/text [end] --> \t\t<!--TYPO3SEARCH_end--> <\/div>\n","protected":false},"excerpt":{"rendered":"<p>\u010cesk\u00fd v\u00fdbor ICOM podporuje ka\u017edoro\u010dn\u00ed\u00a0po\u0159\u00e1d\u00e1n\u00ed N\u00e1rodn\u00ed sout\u011b\u017ee muze\u00ed Gloria musaealis p\u0159ipravovan\u00e9 Ministerstvem kultury \u010cesk\u00e9 republiky a Asociac\u00ed muze\u00ed a galeri\u00ed \u010cesk\u00e9 republiky. \u010cV ICOM ud\u011bluje cenu projekt\u016fm, kter\u00e9 v\u00fdznamn\u011b p\u0159isp\u011bly k mezin\u00e1rodn\u00ed spolupr\u00e1ci, rozvoji eduka\u010dn\u00edch \u010dinnost\u00ed muze\u00ed \u010di zp\u0159\u00edstupn\u011bn\u00ed kulturn\u00edho d\u011bdictv\u00ed handicapovan\u00fdm ob\u010dan\u016fm. Gloria Musaealis za rok 2017 &#8211;\u00a0XVI. ro\u010dn\u00edkCena \u010cesk\u00e9ho v\u00fdboru ICOM byla ud\u011blena [&hellip;]<\/p>\n","protected":false},"author":1,"featured_media":0,"parent":138,"menu_order":0,"comment_status":"closed","ping_status":"closed","template":"","meta":{"footnotes":""},"yst_prominent_words":[],"acf":[],"_links":{"self":[{"href":"https:\/\/icom-czech.mini.icom.museum\/en\/wp-json\/wp\/v2\/pages\/1368"}],"collection":[{"href":"https:\/\/icom-czech.mini.icom.museum\/en\/wp-json\/wp\/v2\/pages"}],"about":[{"href":"https:\/\/icom-czech.mini.icom.museum\/en\/wp-json\/wp\/v2\/types\/page"}],"author":[{"embeddable":true,"href":"https:\/\/icom-czech.mini.icom.museum\/en\/wp-json\/wp\/v2\/users\/1"}],"replies":[{"embeddable":true,"href":"https:\/\/icom-czech.mini.icom.museum\/en\/wp-json\/wp\/v2\/comments?post=1368"}],"version-history":[{"count":1,"href":"https:\/\/icom-czech.mini.icom.museum\/en\/wp-json\/wp\/v2\/pages\/1368\/revisions"}],"predecessor-version":[{"id":2087,"href":"https:\/\/icom-czech.mini.icom.museum\/en\/wp-json\/wp\/v2\/pages\/1368\/revisions\/2087"}],"up":[{"embeddable":true,"href":"https:\/\/icom-czech.mini.icom.museum\/en\/wp-json\/wp\/v2\/pages\/138"}],"wp:attachment":[{"href":"https:\/\/icom-czech.mini.icom.museum\/en\/wp-json\/wp\/v2\/media?parent=1368"}],"wp:term":[{"taxonomy":"yst_prominent_words","embeddable":true,"href":"https:\/\/icom-czech.mini.icom.museum\/en\/wp-json\/wp\/v2\/yst_prominent_words?post=1368"}],"curies":[{"name":"wp","href":"https:\/\/api.w.org\/{rel}","templated":true}]}}