{"id":1318,"date":"2019-01-07T15:27:25","date_gmt":"2019-01-07T15:27:25","guid":{"rendered":"http:\/\/icom-czechia.icom.cust.oxymium.net\/konference\/generalni-konference\/"},"modified":"2019-01-07T15:35:47","modified_gmt":"2019-01-07T15:35:47","slug":"generalni-konference","status":"publish","type":"page","link":"https:\/\/icom-czech.mini.icom.museum\/en\/conferences\/generalni-konference\/","title":{"rendered":"Gener\u00e1ln\u00ed konference"},"content":{"rendered":"<div id=\"RTE_CONTENT\"> <!--TYPO3SEARCH_begin--> \t<!--  CONTENT ELEMENT, uid:9829\/text [begin] --> \t\t<\/p>\n<div id=\"c9829\"> \t\t<!--  Text: [begin] --> \t\t\t<\/p>\n<p>2016<img decoding=\"async\" src=\"http:\/\/icom-czechia.mini.icom.museum\/wp-content\/uploads\/sites\/34\/2019\/01\/RTEmagicC_2016_milano_01.jpg.jpg\" alt=\"\"><\/p>\n<p>3.-9. 7. 2016 se konala\u00a0<b>Gener\u00e1ln\u00ed konference\u00a0ICOM v Mil\u00e1n\u011b<\/b><b>.\u00a0<\/b><br \/><span>T\u00e9ma konference bylo\u00a0<b>Muzea a kulturn\u00ed krajina<\/b>. Podrobnou zpr\u00e1vu z hlavn\u00edho programu zapsala\u00a0<a href=\"http:\/\/icom-czechia.mini.icom.museum\/wp-content\/uploads\/sites\/34\/2019\/01\/2016_ICOM_Milano_report_web.pdf\" title=\"TEXT, 2016 ICOM Milano report web, 2016_ICOM_Milano_report_web.pdf, 618 KB\">Martina Lehmannov\u00e1<\/a>.<br \/>Zpr\u00e1vy z mezin\u00e1rodn\u00edch v\u00fdbor\u016f:<br \/>CAMOC, <a href=\"http:\/\/icom-czechia.mini.icom.museum\/wp-content\/uploads\/sites\/34\/2019\/01\/2016_Strnadova_CAMOC.pdf\" title=\"TEXT, 2016 Strnadova CAMOC, 2016_Strnadova_CAMOC.pdf, 474 KB\">Zuzana Strnadov\u00e1<\/a><br \/>CIDOC, <a href=\"http:\/\/icom-czechia.mini.icom.museum\/wp-content\/uploads\/sites\/34\/2019\/01\/2016_Obrovska_CIDOC.pdf\" title=\"TEXT, 2016 Obrovska CIDOC, 2016_Obrovska_CIDOC.pdf, 759 KB\">Pavla Obrovsk\u00e1<\/a><br \/><\/span>CIMUSET, <a href=\"http:\/\/icom-czechia.mini.icom.museum\/wp-content\/uploads\/sites\/34\/2019\/01\/2016_Gilbertova_CIMUSET_Milano.pdf\" title=\"TEXT, 2016 Gilbertova CIMUSET Milano, 2016_Gilbertova_CIMUSET_Milano.pdf, 290 KB\">Marie Gilbertov\u00e1<\/a>\u00a0a <a href=\"http:\/\/icom-czechia.mini.icom.museum\/wp-content\/uploads\/sites\/34\/2019\/01\/2016_Stritesky_CIMUSET_Milano.pdf\" title=\"TEXT, 2016 Stritesky CIMUSET Milano, 2016_Stritesky_CIMUSET_Milano.pdf, 1.1 MB\">Hynek St\u0159\u00edtesk\u00fd<\/a> (v\u010detn\u011b ICOFOM, AVICOM a\u00a0informace o N\u00e1rodn\u00edm muzeu filmu v Tur\u00edn\u011b)<br \/>GLASS,<a href=\"http:\/\/icom-czechia.mini.icom.museum\/wp-content\/uploads\/sites\/34\/2019\/01\/2016_Mergl_Glass.pdf\" title=\"TEXT, 2016 Mergl Glass, 2016_Mergl_Glass.pdf, 389 KB\"> Jan Mergl<\/a>, <a href=\"http:\/\/icom-czechia.mini.icom.museum\/wp-content\/uploads\/sites\/34\/2019\/01\/2016_Hlaves_Glass.pdf\" title=\"TEXT, 2016 Hlaves Glass, 2016_Hlaves_Glass.pdf, 1.6 MB\">Milan Hlave\u0161<\/a><br \/>ICAMT, <a href=\"http:\/\/icom-czechia.mini.icom.museum\/wp-content\/uploads\/sites\/34\/2019\/01\/2016_Korycanek_ICAMT.pdf\" title=\"TEXT, 2016 Korycanek ICAMT, 2016_Korycanek_ICAMT.pdf, 490 KB\">Rostislav Kory\u010d\u00e1nek<\/a><br \/>ICDAD, <a href=\"http:\/\/icom-czechia.mini.icom.museum\/wp-content\/uploads\/sites\/34\/2019\/01\/2016_Lehmannova_ICDAD.pdf\" title=\"TEXT, 2016 Lehmannova ICDAD, 2016_Lehmannova_ICDAD.pdf, 751 KB\">Helena Koenigsmarkov\u00e1 a Martina Lehmannov\u00e1<\/a><br \/>ICEE a ICOM-CC,\u00a0<a href=\"http:\/\/icom-czechia.mini.icom.museum\/wp-content\/uploads\/sites\/34\/2019\/01\/2016_Kramolisova_Simcikova_ICEE_ICOM-CC_Milano.pdf\" title=\"TEXT, 2016 Kramolisova Simcikova ICEE ICOM-CC Milano, 2016_Kramolisova_Simcikova_ICEE_ICOM-CC_Milano.pdf, 0.9 MB\">Mark\u00e9ta \u0160im\u010d\u00edkov\u00e1 a\u00a0\u0160\u00e1rka Kramoli\u0161ov\u00e1<\/a><br \/>ICML, <a href=\"http:\/\/icom-czechia.mini.icom.museum\/wp-content\/uploads\/sites\/34\/2019\/01\/2016_Freislebem_ICML_Milano.pdf\" title=\"TEXT, 2016 Freislebem ICML Milano, 2016_Freislebem_ICML_Milano.pdf, 782 KB\">Zden\u011bk Freisleben<\/a><br \/>ICMS, <a href=\"http:\/\/icom-czechia.mini.icom.museum\/wp-content\/uploads\/sites\/34\/2019\/01\/2016_Jirasek_ICMS_Milano.pdf\" title=\"TEXT, 2016 Jirasek ICMS Milano, 2016_Jirasek_ICMS_Milano.pdf, 0.9 MB\">Pavel Jir\u00e1sek<\/a><br \/>ICOFOM, <a href=\"http:\/\/icom-czechia.mini.icom.museum\/wp-content\/uploads\/sites\/34\/2019\/01\/2016_Dolak_ICOFOM.pdf\" title=\"TEXT, 2016 Dolak ICOFOM, 2016_Dolak_ICOFOM.pdf, 385 KB\">Jan Dol\u00e1k<\/a><br \/>INTERCOM, <a href=\"http:\/\/icom-czechia.mini.icom.museum\/wp-content\/uploads\/sites\/34\/2019\/01\/2016_Machkova_INTERCOM_Milano.pdf\" title=\"TEXT, 2016 Machkova INTERCOM Milano, 2016_Machkova_INTERCOM_Milano.pdf, 322 KB\">Na\u010fa Machkov\u00e1 Prajzov\u00e1<\/a><br \/>NATHIST, <a href=\"http:\/\/icom-czechia.mini.icom.museum\/wp-content\/uploads\/sites\/34\/2019\/01\/2016_Gregorova_Nathist.pdf\" title=\"TEXT, 2016 Gregorova Nathist, 2016_Gregorova_Nathist.pdf, 0.9 MB\">R\u016f\u017eena Gregorov\u00e1<\/a><br \/>UMAC, <a href=\"http:\/\/icom-czechia.mini.icom.museum\/wp-content\/uploads\/sites\/34\/2019\/01\/2016_Dostal_UMAC.pdf\" title=\"TEXT, 2016 Dostal UMAC, 2016_Dostal_UMAC.pdf, 118 KB\">Ond\u0159ej Dost\u00e1l<\/a><br \/>r\u016fzn\u00e9 komise, <a href=\"http:\/\/icom-czechia.mini.icom.museum\/wp-content\/uploads\/sites\/34\/2019\/01\/2016_Wolf_Milano.pdf\" title=\"TEXT, 2016 Wolf Milano, 2016_Wolf_Milano.pdf, 810 KB\">Veronika Wolf<\/a><br \/>Modr\u00fd \u0161t\u00edt,<a href=\"http:\/\/icom-czechia.mini.icom.museum\/wp-content\/uploads\/sites\/34\/2019\/01\/2016_Souckova_Modry_stit.pdf\" title=\"TEXT, 2016 Souckova Modry stit, 2016_Souckova_Modry_stit.pdf, 364 KB\"> Jana Sou\u010dkov\u00e1<\/a><\/p>\n<p><span>Pokyn pro vy\u00fa\u010dtov\u00e1n\u00ed dotace najdete <a href=\"http:\/\/icom-czechia.mini.icom.museum\/wp-content\/uploads\/sites\/34\/2019\/01\/2016_dotace_prideleni_vyuctovani.docx\" title=\"TEXT, 2016 dotace prideleni vyuctovani, 2016_dotace_prideleni_vyuctovani.docx, 19.1 KB\">zde<\/a>.\u00a0<\/p>\n<p><\/span><\/p>\n<p>2015<br \/><a href=\"http:\/\/icom-czechia.mini.icom.museum\/wp-content\/uploads\/sites\/34\/2019\/01\/2015_Lehmannova_ICOM_Advisory_Committee_Paris.pdf\" title=\"TEXT, 2015 Lehmannova ICOM Advisory Committee Paris, 2015_Lehmannova_ICOM_Advisory_Committee_Paris.pdf, 623 KB\">80. plen\u00e1rn\u00ed zased\u00e1n\u00ed Poradn\u00edho v\u00fdboru ICOM a 30. valn\u00e1 hromada ICOM. Pa\u0159\u00ed\u017e, Francie, 1.-3. \u010dervna 2015.<\/a><\/p>\n<p>UNESCO\u00a0<span><a href=\"http:\/\/icom-czechia.mini.icom.museum\/wp-content\/uploads\/sites\/34\/2019\/01\/2015_UNESCO_protection_and_promotion_museums.pdf\" title=\"TEXT, 2015 UNESCO protection and promotion museums, 2015_UNESCO_protection_and_promotion_museums.pdf, 3.4 MB\">Draft Recommendation concerning the Protection and Promotion of Museums and Collections, their Diversity and their Role in Society <\/a>(N\u00e1vrh doporu\u010den\u00ed ohledn\u011b ochrany a propagace muze\u00ed a sb\u00edrek, jejich jedine\u010dnosti a jejich spole\u010densk\u00e9 \u00falohy).<br \/><\/span><br \/>2014<br \/><a href=\"http:\/\/icom-czechia.mini.icom.museum\/wp-content\/uploads\/sites\/34\/2019\/01\/2014_ICOM_Paris_report.pdf\" title=\"TEXT, 2014 ICOM Paris report, 2014_ICOM_Paris_report.pdf, 246 KB\">79. plen\u00e1rn\u00ed zased\u00e1n\u00ed Poradn\u00edho v\u00fdboru ICOM a 29. valn\u00e1 hromada ICOM. Pa\u0159\u00ed\u017e, Francie, 2.-4. \u010dervna 2014<\/a>. <\/p>\n<p>2013<br \/><a href=\"http:\/\/icom-czechia.mini.icom.museum\/wp-content\/uploads\/sites\/34\/2019\/01\/2013_ICOM_GA_Rio_zapis.pdf\" title=\"TEXT, 2013 ICOM GA Rio zapis, 2013_ICOM_GA_Rio_zapis.pdf, 396 KB\">28.\u00a0valn\u00e1 hromada ICOM a 77. a 78. plen\u00e1rn\u00ed zased\u00e1n\u00ed\u00a0ICOM.\u00a0Rio de Janeiro,\u00a0Braz\u00edlie, 10.-17. srpna 2013<\/a>. <\/p>\n<p><a href=\"http:\/\/icom-czechia.mini.icom.museum\/wp-content\/uploads\/sites\/34\/2019\/01\/2013_Galetova_Rio.pdf\" title=\"TEXT, 2013 Galetova Rio, 2013_Galetova_Rio.pdf, 112 KB\">Osobn\u00ed pozn\u00e1mka ze 28. zased\u00e1n\u00ed Gener\u00e1ln\u00edho shrom\u00e1\u017ed\u011bn\u00ed ICOM, 10.-17. srpna 2013<\/a>. <\/p>\n<p>2012<br \/><a href=\"http:\/\/icom-czechia.mini.icom.museum\/wp-content\/uploads\/sites\/34\/2019\/01\/2012_GA_Paris.pdf\" title=\"TEXT, 2012 GA Paris, 2012_GA_Paris.pdf, 412 KB\">76. plen\u00e1rn\u00ed zased\u00e1n\u00ed Poradn\u00edho v\u00fdboru ICOM a 27. zased\u00e1n\u00ed Gener\u00e1ln\u00edho shrom\u00e1\u017ed\u011bn\u00ed ICOM. Pa\u0159\u00ed\u017e, 4.-6. \u010dervna 2012<\/a> <\/p>\n<p><a href=\"http:\/\/icom-czechia.mini.icom.museum\/wp-content\/uploads\/sites\/34\/2019\/01\/2012_ICOM_illicit_trafficking.pdf\" title=\"TEXT, 2012 ICOM illicit trafficking, 2012_ICOM_illicit_trafficking.pdf, 58 KB\">Nez\u00e1konn\u00e9 obchodov\u00e1n\u00ed s um\u011bleck\u00fdmi p\u0159edm\u011bty. Workshop na\u00a0 76. plen\u00e1rn\u00ed zased\u00e1n\u00ed Poradn\u00edho v\u00fdboru ICOM a 27. zased\u00e1n\u00ed Gener\u00e1ln\u00edho shrom\u00e1\u017ed\u011bn\u00ed ICOM. Pa\u0159\u00ed\u017e, 4.-6. \u010dervna 2012<\/a> <\/p>\n<p>2004<br \/><a href=\"http:\/\/icom-czechia.mini.icom.museum\/wp-content\/uploads\/sites\/34\/2019\/01\/2004_GK_soul_tlachova.pdf\" title=\"TEXT, 2004 GK soul tlachova, 2004_GK_soul_tlachova.pdf, 71 KB\">20. \u00a0zased\u00e1n\u00ed Gener\u00e1ln\u00edho shrom\u00e1\u017ed\u011bn\u00ed ICOM. Soul, Korea, 2.\u20138. 10. 2004<\/a><\/p>\n<p> \t\t<!--  Text: [end] --> \t\t\t   \t<!--  \t\tBEGIN: Content of extension \"hpo_relatedlink\", plugin \"tx_hporelatedlink_pi1\"  \t--> \t<\/p>\n<div> \t\t \t<\/div>\n<p> \t \t<!-- END: Content of extension \"hpo_relatedlink\", plugin \"tx_hporelatedlink_pi1\" -->  \t<\/div>\n<p> \t<!--  CONTENT ELEMENT, uid:9829\/text [end] --> \t\t<!--TYPO3SEARCH_end--> <\/div>\n","protected":false},"excerpt":{"rendered":"<p>2016 3.-9. 7. 2016 se konala\u00a0Gener\u00e1ln\u00ed konference\u00a0ICOM v Mil\u00e1n\u011b.\u00a0T\u00e9ma konference bylo\u00a0Muzea a kulturn\u00ed krajina. Podrobnou zpr\u00e1vu z hlavn\u00edho programu zapsala\u00a0Martina Lehmannov\u00e1.Zpr\u00e1vy z mezin\u00e1rodn\u00edch v\u00fdbor\u016f:CAMOC, Zuzana Strnadov\u00e1CIDOC, Pavla Obrovsk\u00e1CIMUSET, Marie Gilbertov\u00e1\u00a0a Hynek St\u0159\u00edtesk\u00fd (v\u010detn\u011b ICOFOM, AVICOM a\u00a0informace o N\u00e1rodn\u00edm muzeu filmu v Tur\u00edn\u011b)GLASS, Jan Mergl, Milan Hlave\u0161ICAMT, Rostislav Kory\u010d\u00e1nekICDAD, Helena Koenigsmarkov\u00e1 a Martina Lehmannov\u00e1ICEE a ICOM-CC,\u00a0Mark\u00e9ta [&hellip;]<\/p>\n","protected":false},"author":1,"featured_media":0,"parent":136,"menu_order":5,"comment_status":"closed","ping_status":"closed","template":"","meta":{"footnotes":""},"yst_prominent_words":[],"acf":[],"_links":{"self":[{"href":"https:\/\/icom-czech.mini.icom.museum\/en\/wp-json\/wp\/v2\/pages\/1318"}],"collection":[{"href":"https:\/\/icom-czech.mini.icom.museum\/en\/wp-json\/wp\/v2\/pages"}],"about":[{"href":"https:\/\/icom-czech.mini.icom.museum\/en\/wp-json\/wp\/v2\/types\/page"}],"author":[{"embeddable":true,"href":"https:\/\/icom-czech.mini.icom.museum\/en\/wp-json\/wp\/v2\/users\/1"}],"replies":[{"embeddable":true,"href":"https:\/\/icom-czech.mini.icom.museum\/en\/wp-json\/wp\/v2\/comments?post=1318"}],"version-history":[{"count":1,"href":"https:\/\/icom-czech.mini.icom.museum\/en\/wp-json\/wp\/v2\/pages\/1318\/revisions"}],"predecessor-version":[{"id":2088,"href":"https:\/\/icom-czech.mini.icom.museum\/en\/wp-json\/wp\/v2\/pages\/1318\/revisions\/2088"}],"up":[{"embeddable":true,"href":"https:\/\/icom-czech.mini.icom.museum\/en\/wp-json\/wp\/v2\/pages\/136"}],"wp:attachment":[{"href":"https:\/\/icom-czech.mini.icom.museum\/en\/wp-json\/wp\/v2\/media?parent=1318"}],"wp:term":[{"taxonomy":"yst_prominent_words","embeddable":true,"href":"https:\/\/icom-czech.mini.icom.museum\/en\/wp-json\/wp\/v2\/yst_prominent_words?post=1318"}],"curies":[{"name":"wp","href":"https:\/\/api.w.org\/{rel}","templated":true}]}}